{"id":128,"date":"2014-05-01T23:11:15","date_gmt":"2014-05-01T21:11:15","guid":{"rendered":"https:\/\/sknhp.ujk.edu.pl\/?page_id=128"},"modified":"2014-05-01T23:11:15","modified_gmt":"2014-05-01T21:11:15","slug":"europiknik","status":"publish","type":"page","link":"https:\/\/sknhp.ujk.edu.pl\/?page_id=128","title":{"rendered":"Europiknik"},"content":{"rendered":"<p style=\"text-align: center;\">Europiknik jest sztandarow\u0105 imprez\u0105 Naszego Ko\u0142a Naukowego. Inicjatywa zorganizowania pierwszego pikniku zrodzi\u0142a si\u0119 w 2000r i jest sukcesywnie realizowana co roku w miesi\u0105cu maju. Ca\u0142e wydarzenie sk\u0142ada si\u0119 z dw\u00f3ch modu\u0142\u00f3w. Pierwszy to debata na bie\u017c\u0105ce tematy zwi\u0105zane z Uni\u0105 Europejsk\u0105, realizowana przy udziale student\u00f3w i polityk\u00f3w z pierwszych stron gazet. Druga cz\u0119\u015b\u0107, odbywaj\u0105ca si\u0119 na dziedzi\u0144cu Wydzia\u0142u ma charakter mniej oficjalny. Studenckie grillowanie z darmowymi kie\u0142baskami i pocz\u0119stunkiem u\u015bwietniaj\u0105 r\u00f3\u017cnorakie pokazy artystyczne oraz gry i zabawy prowadzone przez DJ. St\u0105d te\u017c &#8211; Europiknik!<br \/>\nDo tej pory uda\u0142o si\u0119 nam nawi\u0105za\u0107 wsp\u00f3\u0142prac\u0119 min. z Leszkiem Millerem, Ryszardem Kaliszem, Januszem Onyszkiewiczem, Czes\u0142awem Siekierskiem. Honorowy patrona nad imprez\u0105 obejmowali: Wojewoda \u015awi\u0119tokrzyski, Marsza\u0142ek Wojew\u00f3dztwa \u015awi\u0119tokrzyskiego, Prezydent Miasta Kielce, Samorz\u0105d Studencki. Echo Dnia, Radio Kielce, TVP Kielce, Radio Planeta to tylko nieliczne media, kt\u00f3re poprzez sw\u00f3j patronat promowa\u0142y Nasz Europiknik.<\/p>\n<p style=\"text-align: center;\">Relacje z poprzednich lat oraz plan imprezy na bierz\u0105cy rok znajdziecie Pa\u0144stwo w zak\u0142adkach.<\/p>\n<p style=\"text-align: center;\">Gdyby byli Pa\u0144stwo zainteresowani udzia\u0142em, wsp\u00f3\u0142organizowaniem lub sponsoringiem tego przedsi\u0119wzi\u0119cia prosimy o kontakt e-mailowy: sknhp@ujk.edu.pl<\/p>\n","protected":false},"excerpt":{"rendered":"<p>Europiknik jest sztandarow\u0105 imprez\u0105 Naszego Ko\u0142a Naukowego. Inicjatywa zorganizowania pierwszego pikniku zrodzi\u0142a si\u0119 w 2000r i jest sukcesywnie realizowana co roku w miesi\u0105cu maju. Ca\u0142e wydarzenie sk\u0142ada si\u0119 z dw\u00f3ch modu\u0142\u00f3w. Pierwszy to debata na bie\u017c\u0105ce tematy zwi\u0105zane z Uni\u0105 Europejsk\u0105, realizowana przy udziale student\u00f3w i polityk\u00f3w z pierwszych stron gazet. Druga cz\u0119\u015b\u0107, odbywaj\u0105ca si\u0119 [&hellip;]<\/p>\n","protected":false},"author":1,"featured_media":0,"parent":0,"menu_order":0,"comment_status":"open","ping_status":"open","template":"","meta":{"footnotes":""},"class_list":["post-128","page","type-page","status-publish","hentry"],"yoast_head":"<!-- This site is optimized with the Yoast SEO plugin v24.0 - https:\/\/yoast.com\/wordpress\/plugins\/seo\/ -->\n<title>Europiknik  - SKN &quot;Homo Politicus&quot; UJK Kielce<\/title>\n<meta name=\"robots\" content=\"index, follow, max-snippet:-1, max-image-preview:large, max-video-preview:-1\" \/>\n<link rel=\"canonical\" href=\"https:\/\/sknhp.ujk.edu.pl\/?page_id=128\" \/>\n<meta property=\"og:locale\" content=\"pl_PL\" \/>\n<meta property=\"og:type\" content=\"article\" \/>\n<meta property=\"og:title\" content=\"Europiknik  - SKN &quot;Homo Politicus&quot; UJK Kielce\" \/>\n<meta property=\"og:description\" content=\"Europiknik jest sztandarow\u0105 imprez\u0105 Naszego Ko\u0142a Naukowego. Inicjatywa zorganizowania pierwszego pikniku zrodzi\u0142a si\u0119 w 2000r i jest sukcesywnie realizowana co roku w miesi\u0105cu maju. Ca\u0142e wydarzenie sk\u0142ada si\u0119 z dw\u00f3ch modu\u0142\u00f3w. Pierwszy to debata na bie\u017c\u0105ce tematy zwi\u0105zane z Uni\u0105 Europejsk\u0105, realizowana przy udziale student\u00f3w i polityk\u00f3w z pierwszych stron gazet. Druga cz\u0119\u015b\u0107, odbywaj\u0105ca si\u0119 [&hellip;]\" \/>\n<meta property=\"og:url\" content=\"https:\/\/sknhp.ujk.edu.pl\/?page_id=128\" \/>\n<meta property=\"og:site_name\" content=\"SKN &quot;Homo Politicus&quot; UJK Kielce\" \/>\n<meta property=\"article:publisher\" content=\"http:\/\/facebook.com\/sknhp\" \/>\n<meta name=\"twitter:card\" content=\"summary_large_image\" \/>\n<meta name=\"twitter:site\" content=\"@sknhp\" \/>\n<meta name=\"twitter:label1\" content=\"Szacowany czas czytania\" \/>\n\t<meta name=\"twitter:data1\" content=\"1 minuta\" \/>\n<script type=\"application\/ld+json\" class=\"yoast-schema-graph\">{\"@context\":\"https:\/\/schema.org\",\"@graph\":[{\"@type\":\"WebPage\",\"@id\":\"https:\/\/sknhp.ujk.edu.pl\/?page_id=128\",\"url\":\"https:\/\/sknhp.ujk.edu.pl\/?page_id=128\",\"name\":\"Europiknik - SKN &quot;Homo Politicus&quot; UJK Kielce\",\"isPartOf\":{\"@id\":\"https:\/\/sknhp.ujk.edu.pl\/#website\"},\"datePublished\":\"2014-05-01T21:11:15+00:00\",\"dateModified\":\"2014-05-01T21:11:15+00:00\",\"breadcrumb\":{\"@id\":\"https:\/\/sknhp.ujk.edu.pl\/?page_id=128#breadcrumb\"},\"inLanguage\":\"pl-PL\",\"potentialAction\":[{\"@type\":\"ReadAction\",\"target\":[\"https:\/\/sknhp.ujk.edu.pl\/?page_id=128\"]}]},{\"@type\":\"BreadcrumbList\",\"@id\":\"https:\/\/sknhp.ujk.edu.pl\/?page_id=128#breadcrumb\",\"itemListElement\":[{\"@type\":\"ListItem\",\"position\":1,\"name\":\"Home\",\"item\":\"https:\/\/sknhp.ujk.edu.pl\/\"},{\"@type\":\"ListItem\",\"position\":2,\"name\":\"Europiknik\"}]},{\"@type\":\"WebSite\",\"@id\":\"https:\/\/sknhp.ujk.edu.pl\/#website\",\"url\":\"https:\/\/sknhp.ujk.edu.pl\/\",\"name\":\"SKN &quot;Homo Politicus&quot; UJK Kielce\",\"description\":\"Strona oficjalna. Studenckie Ko\u0142o Naukowe &quot;Homo Politicus&quot;. Uniwersytet Jana Kochanowskiego w Kielcach. Instytut Nauk Politycznych. Wydzia\u0142 Zarz\u0105dzania i Administracji.\",\"potentialAction\":[{\"@type\":\"SearchAction\",\"target\":{\"@type\":\"EntryPoint\",\"urlTemplate\":\"https:\/\/sknhp.ujk.edu.pl\/?s={search_term_string}\"},\"query-input\":{\"@type\":\"PropertyValueSpecification\",\"valueRequired\":true,\"valueName\":\"search_term_string\"}}],\"inLanguage\":\"pl-PL\"}]}<\/script>\n<!-- \/ Yoast SEO plugin. -->","yoast_head_json":{"title":"Europiknik  - SKN &quot;Homo Politicus&quot; UJK Kielce","robots":{"index":"index","follow":"follow","max-snippet":"max-snippet:-1","max-image-preview":"max-image-preview:large","max-video-preview":"max-video-preview:-1"},"canonical":"https:\/\/sknhp.ujk.edu.pl\/?page_id=128","og_locale":"pl_PL","og_type":"article","og_title":"Europiknik  - SKN &quot;Homo Politicus&quot; UJK Kielce","og_description":"Europiknik jest sztandarow\u0105 imprez\u0105 Naszego Ko\u0142a Naukowego. Inicjatywa zorganizowania pierwszego pikniku zrodzi\u0142a si\u0119 w 2000r i jest sukcesywnie realizowana co roku w miesi\u0105cu maju. Ca\u0142e wydarzenie sk\u0142ada si\u0119 z dw\u00f3ch modu\u0142\u00f3w. Pierwszy to debata na bie\u017c\u0105ce tematy zwi\u0105zane z Uni\u0105 Europejsk\u0105, realizowana przy udziale student\u00f3w i polityk\u00f3w z pierwszych stron gazet. Druga cz\u0119\u015b\u0107, odbywaj\u0105ca si\u0119 [&hellip;]","og_url":"https:\/\/sknhp.ujk.edu.pl\/?page_id=128","og_site_name":"SKN &quot;Homo Politicus&quot; UJK Kielce","article_publisher":"http:\/\/facebook.com\/sknhp","twitter_card":"summary_large_image","twitter_site":"@sknhp","twitter_misc":{"Szacowany czas czytania":"1 minuta"},"schema":{"@context":"https:\/\/schema.org","@graph":[{"@type":"WebPage","@id":"https:\/\/sknhp.ujk.edu.pl\/?page_id=128","url":"https:\/\/sknhp.ujk.edu.pl\/?page_id=128","name":"Europiknik - SKN &quot;Homo Politicus&quot; UJK Kielce","isPartOf":{"@id":"https:\/\/sknhp.ujk.edu.pl\/#website"},"datePublished":"2014-05-01T21:11:15+00:00","dateModified":"2014-05-01T21:11:15+00:00","breadcrumb":{"@id":"https:\/\/sknhp.ujk.edu.pl\/?page_id=128#breadcrumb"},"inLanguage":"pl-PL","potentialAction":[{"@type":"ReadAction","target":["https:\/\/sknhp.ujk.edu.pl\/?page_id=128"]}]},{"@type":"BreadcrumbList","@id":"https:\/\/sknhp.ujk.edu.pl\/?page_id=128#breadcrumb","itemListElement":[{"@type":"ListItem","position":1,"name":"Home","item":"https:\/\/sknhp.ujk.edu.pl\/"},{"@type":"ListItem","position":2,"name":"Europiknik"}]},{"@type":"WebSite","@id":"https:\/\/sknhp.ujk.edu.pl\/#website","url":"https:\/\/sknhp.ujk.edu.pl\/","name":"SKN &quot;Homo Politicus&quot; UJK Kielce","description":"Strona oficjalna. Studenckie Ko\u0142o Naukowe &quot;Homo Politicus&quot;. Uniwersytet Jana Kochanowskiego w Kielcach. Instytut Nauk Politycznych. Wydzia\u0142 Zarz\u0105dzania i Administracji.","potentialAction":[{"@type":"SearchAction","target":{"@type":"EntryPoint","urlTemplate":"https:\/\/sknhp.ujk.edu.pl\/?s={search_term_string}"},"query-input":{"@type":"PropertyValueSpecification","valueRequired":true,"valueName":"search_term_string"}}],"inLanguage":"pl-PL"}]}},"_links":{"self":[{"href":"https:\/\/sknhp.ujk.edu.pl\/index.php?rest_route=\/wp\/v2\/pages\/128","targetHints":{"allow":["GET"]}}],"collection":[{"href":"https:\/\/sknhp.ujk.edu.pl\/index.php?rest_route=\/wp\/v2\/pages"}],"about":[{"href":"https:\/\/sknhp.ujk.edu.pl\/index.php?rest_route=\/wp\/v2\/types\/page"}],"author":[{"embeddable":true,"href":"https:\/\/sknhp.ujk.edu.pl\/index.php?rest_route=\/wp\/v2\/users\/1"}],"replies":[{"embeddable":true,"href":"https:\/\/sknhp.ujk.edu.pl\/index.php?rest_route=%2Fwp%2Fv2%2Fcomments&post=128"}],"version-history":[{"count":1,"href":"https:\/\/sknhp.ujk.edu.pl\/index.php?rest_route=\/wp\/v2\/pages\/128\/revisions"}],"predecessor-version":[{"id":129,"href":"https:\/\/sknhp.ujk.edu.pl\/index.php?rest_route=\/wp\/v2\/pages\/128\/revisions\/129"}],"wp:attachment":[{"href":"https:\/\/sknhp.ujk.edu.pl\/index.php?rest_route=%2Fwp%2Fv2%2Fmedia&parent=128"}],"curies":[{"name":"wp","href":"https:\/\/api.w.org\/{rel}","templated":true}]}}