{"id":131,"date":"2014-05-01T23:21:53","date_gmt":"2014-05-01T21:21:53","guid":{"rendered":"https:\/\/sknhp.ujk.edu.pl\/?page_id=131"},"modified":"2014-05-01T23:38:01","modified_gmt":"2014-05-01T21:38:01","slug":"europiknik-2010","status":"publish","type":"page","link":"https:\/\/sknhp.ujk.edu.pl\/?page_id=131","title":{"rendered":"Europiknik 2010"},"content":{"rendered":"<p><a href=\"https:\/\/sknhp.ujk.edu.pl\/wp-content\/uploads\/2014\/05\/europiknik.jpg\"><img loading=\"lazy\" decoding=\"async\" class=\"aligncenter size-full wp-image-151\" src=\"https:\/\/sknhp.ujk.edu.pl\/wp-content\/uploads\/2014\/05\/europiknik.jpg\" alt=\"europiknik\" width=\"660\" height=\"934\" srcset=\"https:\/\/sknhp.ujk.edu.pl\/wp-content\/uploads\/2014\/05\/europiknik.jpg 660w, https:\/\/sknhp.ujk.edu.pl\/wp-content\/uploads\/2014\/05\/europiknik-211x300.jpg 211w\" sizes=\"auto, (max-width: 660px) 100vw, 660px\" \/><\/a><\/p>\n<p><a href=\"https:\/\/sknhp.ujk.edu.pl\/wp-content\/uploads\/2014\/05\/100_9735.jpg\"><img loading=\"lazy\" decoding=\"async\" class=\"aligncenter size-medium wp-image-134\" src=\"https:\/\/sknhp.ujk.edu.pl\/wp-content\/uploads\/2014\/05\/100_9735-300x225.jpg\" alt=\"100_9735\" width=\"300\" height=\"225\" srcset=\"https:\/\/sknhp.ujk.edu.pl\/wp-content\/uploads\/2014\/05\/100_9735-300x225.jpg 300w, https:\/\/sknhp.ujk.edu.pl\/wp-content\/uploads\/2014\/05\/100_9735-1024x768.jpg 1024w\" sizes=\"auto, (max-width: 300px) 100vw, 300px\" \/><\/a><a href=\"https:\/\/sknhp.ujk.edu.pl\/wp-content\/uploads\/2014\/05\/europiknik.jpg\"><br \/>\n<\/a><a href=\"https:\/\/sknhp.ujk.edu.pl\/wp-content\/uploads\/2014\/05\/100_9769.jpg\"><img loading=\"lazy\" decoding=\"async\" class=\"aligncenter size-medium wp-image-135\" src=\"https:\/\/sknhp.ujk.edu.pl\/wp-content\/uploads\/2014\/05\/100_9769-300x225.jpg\" alt=\"100_9769\" width=\"300\" height=\"225\" srcset=\"https:\/\/sknhp.ujk.edu.pl\/wp-content\/uploads\/2014\/05\/100_9769-300x225.jpg 300w, https:\/\/sknhp.ujk.edu.pl\/wp-content\/uploads\/2014\/05\/100_9769-1024x768.jpg 1024w\" sizes=\"auto, (max-width: 300px) 100vw, 300px\" \/><\/a><\/p>\n<p><a href=\"https:\/\/sknhp.ujk.edu.pl\/wp-content\/uploads\/2014\/05\/100_9692.jpg\"><img loading=\"lazy\" decoding=\"async\" class=\"aligncenter size-medium wp-image-133\" src=\"https:\/\/sknhp.ujk.edu.pl\/wp-content\/uploads\/2014\/05\/100_9692-300x225.jpg\" alt=\"100_9692\" width=\"300\" height=\"225\" srcset=\"https:\/\/sknhp.ujk.edu.pl\/wp-content\/uploads\/2014\/05\/100_9692-300x225.jpg 300w, https:\/\/sknhp.ujk.edu.pl\/wp-content\/uploads\/2014\/05\/100_9692-1024x768.jpg 1024w\" sizes=\"auto, (max-width: 300px) 100vw, 300px\" \/><\/a><a href=\"https:\/\/sknhp.ujk.edu.pl\/wp-content\/uploads\/2014\/05\/100_9674.jpg\"><br \/>\n<\/a><a href=\"https:\/\/sknhp.ujk.edu.pl\/wp-content\/uploads\/2014\/05\/100_9674.jpg\"><img loading=\"lazy\" decoding=\"async\" class=\"aligncenter size-medium wp-image-132\" src=\"https:\/\/sknhp.ujk.edu.pl\/wp-content\/uploads\/2014\/05\/100_9674-300x225.jpg\" alt=\"100_9674\" width=\"300\" height=\"225\" srcset=\"https:\/\/sknhp.ujk.edu.pl\/wp-content\/uploads\/2014\/05\/100_9674-300x225.jpg 300w, https:\/\/sknhp.ujk.edu.pl\/wp-content\/uploads\/2014\/05\/100_9674-1024x768.jpg 1024w\" sizes=\"auto, (max-width: 300px) 100vw, 300px\" \/><\/a><a href=\"https:\/\/sknhp.ujk.edu.pl\/wp-content\/uploads\/2014\/05\/100_9674.jpg\"><br \/>\n<\/a><\/p>\n<p>&nbsp;<\/p>\n","protected":false},"excerpt":{"rendered":"<p>&nbsp;<\/p>\n","protected":false},"author":1,"featured_media":0,"parent":0,"menu_order":0,"comment_status":"open","ping_status":"open","template":"","meta":{"footnotes":""},"class_list":["post-131","page","type-page","status-publish","hentry"],"yoast_head":"<!-- This site is optimized with the Yoast SEO plugin v24.0 - https:\/\/yoast.com\/wordpress\/plugins\/seo\/ -->\n<title>Europiknik 2010 - SKN &quot;Homo Politicus&quot; UJK Kielce<\/title>\n<meta name=\"robots\" content=\"index, follow, max-snippet:-1, max-image-preview:large, max-video-preview:-1\" \/>\n<link rel=\"canonical\" href=\"https:\/\/sknhp.ujk.edu.pl\/?page_id=131\" \/>\n<meta property=\"og:locale\" content=\"pl_PL\" \/>\n<meta property=\"og:type\" content=\"article\" \/>\n<meta property=\"og:title\" content=\"Europiknik 2010 - SKN &quot;Homo Politicus&quot; UJK Kielce\" \/>\n<meta property=\"og:description\" content=\"&nbsp;\" \/>\n<meta property=\"og:url\" content=\"https:\/\/sknhp.ujk.edu.pl\/?page_id=131\" \/>\n<meta property=\"og:site_name\" content=\"SKN &quot;Homo Politicus&quot; UJK Kielce\" \/>\n<meta property=\"article:publisher\" content=\"http:\/\/facebook.com\/sknhp\" \/>\n<meta property=\"article:modified_time\" content=\"2014-05-01T21:38:01+00:00\" \/>\n<meta property=\"og:image\" content=\"https:\/\/sknhp.ujk.edu.pl\/wp-content\/uploads\/2014\/05\/europiknik.jpg\" \/>\n\t<meta property=\"og:image:width\" content=\"660\" \/>\n\t<meta property=\"og:image:height\" content=\"934\" \/>\n\t<meta property=\"og:image:type\" content=\"image\/jpeg\" \/>\n<meta name=\"twitter:card\" content=\"summary_large_image\" \/>\n<meta name=\"twitter:site\" content=\"@sknhp\" \/>\n<script type=\"application\/ld+json\" class=\"yoast-schema-graph\">{\"@context\":\"https:\/\/schema.org\",\"@graph\":[{\"@type\":\"WebPage\",\"@id\":\"https:\/\/sknhp.ujk.edu.pl\/?page_id=131\",\"url\":\"https:\/\/sknhp.ujk.edu.pl\/?page_id=131\",\"name\":\"Europiknik 2010 - SKN &quot;Homo Politicus&quot; UJK Kielce\",\"isPartOf\":{\"@id\":\"https:\/\/sknhp.ujk.edu.pl\/#website\"},\"primaryImageOfPage\":{\"@id\":\"https:\/\/sknhp.ujk.edu.pl\/?page_id=131#primaryimage\"},\"image\":{\"@id\":\"https:\/\/sknhp.ujk.edu.pl\/?page_id=131#primaryimage\"},\"thumbnailUrl\":\"https:\/\/sknhp.ujk.edu.pl\/wp-content\/uploads\/2014\/05\/europiknik.jpg\",\"datePublished\":\"2014-05-01T21:21:53+00:00\",\"dateModified\":\"2014-05-01T21:38:01+00:00\",\"breadcrumb\":{\"@id\":\"https:\/\/sknhp.ujk.edu.pl\/?page_id=131#breadcrumb\"},\"inLanguage\":\"pl-PL\",\"potentialAction\":[{\"@type\":\"ReadAction\",\"target\":[\"https:\/\/sknhp.ujk.edu.pl\/?page_id=131\"]}]},{\"@type\":\"ImageObject\",\"inLanguage\":\"pl-PL\",\"@id\":\"https:\/\/sknhp.ujk.edu.pl\/?page_id=131#primaryimage\",\"url\":\"https:\/\/sknhp.ujk.edu.pl\/wp-content\/uploads\/2014\/05\/europiknik.jpg\",\"contentUrl\":\"https:\/\/sknhp.ujk.edu.pl\/wp-content\/uploads\/2014\/05\/europiknik.jpg\",\"width\":660,\"height\":934},{\"@type\":\"BreadcrumbList\",\"@id\":\"https:\/\/sknhp.ujk.edu.pl\/?page_id=131#breadcrumb\",\"itemListElement\":[{\"@type\":\"ListItem\",\"position\":1,\"name\":\"Home\",\"item\":\"https:\/\/sknhp.ujk.edu.pl\/\"},{\"@type\":\"ListItem\",\"position\":2,\"name\":\"Europiknik 2010\"}]},{\"@type\":\"WebSite\",\"@id\":\"https:\/\/sknhp.ujk.edu.pl\/#website\",\"url\":\"https:\/\/sknhp.ujk.edu.pl\/\",\"name\":\"SKN &quot;Homo Politicus&quot; UJK Kielce\",\"description\":\"Strona oficjalna. Studenckie Ko\u0142o Naukowe &quot;Homo Politicus&quot;. Uniwersytet Jana Kochanowskiego w Kielcach. Instytut Nauk Politycznych. Wydzia\u0142 Zarz\u0105dzania i Administracji.\",\"potentialAction\":[{\"@type\":\"SearchAction\",\"target\":{\"@type\":\"EntryPoint\",\"urlTemplate\":\"https:\/\/sknhp.ujk.edu.pl\/?s={search_term_string}\"},\"query-input\":{\"@type\":\"PropertyValueSpecification\",\"valueRequired\":true,\"valueName\":\"search_term_string\"}}],\"inLanguage\":\"pl-PL\"}]}<\/script>\n<!-- \/ Yoast SEO plugin. -->","yoast_head_json":{"title":"Europiknik 2010 - SKN &quot;Homo Politicus&quot; UJK Kielce","robots":{"index":"index","follow":"follow","max-snippet":"max-snippet:-1","max-image-preview":"max-image-preview:large","max-video-preview":"max-video-preview:-1"},"canonical":"https:\/\/sknhp.ujk.edu.pl\/?page_id=131","og_locale":"pl_PL","og_type":"article","og_title":"Europiknik 2010 - SKN &quot;Homo Politicus&quot; UJK Kielce","og_description":"&nbsp;","og_url":"https:\/\/sknhp.ujk.edu.pl\/?page_id=131","og_site_name":"SKN &quot;Homo Politicus&quot; UJK Kielce","article_publisher":"http:\/\/facebook.com\/sknhp","article_modified_time":"2014-05-01T21:38:01+00:00","og_image":[{"width":660,"height":934,"url":"https:\/\/sknhp.ujk.edu.pl\/wp-content\/uploads\/2014\/05\/europiknik.jpg","type":"image\/jpeg"}],"twitter_card":"summary_large_image","twitter_site":"@sknhp","schema":{"@context":"https:\/\/schema.org","@graph":[{"@type":"WebPage","@id":"https:\/\/sknhp.ujk.edu.pl\/?page_id=131","url":"https:\/\/sknhp.ujk.edu.pl\/?page_id=131","name":"Europiknik 2010 - SKN &quot;Homo Politicus&quot; UJK Kielce","isPartOf":{"@id":"https:\/\/sknhp.ujk.edu.pl\/#website"},"primaryImageOfPage":{"@id":"https:\/\/sknhp.ujk.edu.pl\/?page_id=131#primaryimage"},"image":{"@id":"https:\/\/sknhp.ujk.edu.pl\/?page_id=131#primaryimage"},"thumbnailUrl":"https:\/\/sknhp.ujk.edu.pl\/wp-content\/uploads\/2014\/05\/europiknik.jpg","datePublished":"2014-05-01T21:21:53+00:00","dateModified":"2014-05-01T21:38:01+00:00","breadcrumb":{"@id":"https:\/\/sknhp.ujk.edu.pl\/?page_id=131#breadcrumb"},"inLanguage":"pl-PL","potentialAction":[{"@type":"ReadAction","target":["https:\/\/sknhp.ujk.edu.pl\/?page_id=131"]}]},{"@type":"ImageObject","inLanguage":"pl-PL","@id":"https:\/\/sknhp.ujk.edu.pl\/?page_id=131#primaryimage","url":"https:\/\/sknhp.ujk.edu.pl\/wp-content\/uploads\/2014\/05\/europiknik.jpg","contentUrl":"https:\/\/sknhp.ujk.edu.pl\/wp-content\/uploads\/2014\/05\/europiknik.jpg","width":660,"height":934},{"@type":"BreadcrumbList","@id":"https:\/\/sknhp.ujk.edu.pl\/?page_id=131#breadcrumb","itemListElement":[{"@type":"ListItem","position":1,"name":"Home","item":"https:\/\/sknhp.ujk.edu.pl\/"},{"@type":"ListItem","position":2,"name":"Europiknik 2010"}]},{"@type":"WebSite","@id":"https:\/\/sknhp.ujk.edu.pl\/#website","url":"https:\/\/sknhp.ujk.edu.pl\/","name":"SKN &quot;Homo Politicus&quot; UJK Kielce","description":"Strona oficjalna. Studenckie Ko\u0142o Naukowe &quot;Homo Politicus&quot;. Uniwersytet Jana Kochanowskiego w Kielcach. Instytut Nauk Politycznych. Wydzia\u0142 Zarz\u0105dzania i Administracji.","potentialAction":[{"@type":"SearchAction","target":{"@type":"EntryPoint","urlTemplate":"https:\/\/sknhp.ujk.edu.pl\/?s={search_term_string}"},"query-input":{"@type":"PropertyValueSpecification","valueRequired":true,"valueName":"search_term_string"}}],"inLanguage":"pl-PL"}]}},"_links":{"self":[{"href":"https:\/\/sknhp.ujk.edu.pl\/index.php?rest_route=\/wp\/v2\/pages\/131","targetHints":{"allow":["GET"]}}],"collection":[{"href":"https:\/\/sknhp.ujk.edu.pl\/index.php?rest_route=\/wp\/v2\/pages"}],"about":[{"href":"https:\/\/sknhp.ujk.edu.pl\/index.php?rest_route=\/wp\/v2\/types\/page"}],"author":[{"embeddable":true,"href":"https:\/\/sknhp.ujk.edu.pl\/index.php?rest_route=\/wp\/v2\/users\/1"}],"replies":[{"embeddable":true,"href":"https:\/\/sknhp.ujk.edu.pl\/index.php?rest_route=%2Fwp%2Fv2%2Fcomments&post=131"}],"version-history":[{"count":3,"href":"https:\/\/sknhp.ujk.edu.pl\/index.php?rest_route=\/wp\/v2\/pages\/131\/revisions"}],"predecessor-version":[{"id":152,"href":"https:\/\/sknhp.ujk.edu.pl\/index.php?rest_route=\/wp\/v2\/pages\/131\/revisions\/152"}],"wp:attachment":[{"href":"https:\/\/sknhp.ujk.edu.pl\/index.php?rest_route=%2Fwp%2Fv2%2Fmedia&parent=131"}],"curies":[{"name":"wp","href":"https:\/\/api.w.org\/{rel}","templated":true}]}}