{"id":166,"date":"2014-05-02T00:37:37","date_gmt":"2014-05-01T22:37:37","guid":{"rendered":"https:\/\/sknhp.ujk.edu.pl\/?page_id=166"},"modified":"2014-05-02T00:37:37","modified_gmt":"2014-05-01T22:37:37","slug":"homo-politicus-w-trasie-2013","status":"publish","type":"page","link":"https:\/\/sknhp.ujk.edu.pl\/?page_id=166","title":{"rendered":"Homo Politicus w trasie &#8211; 2013"},"content":{"rendered":"<p><strong>Cz\u0142onkowie Homo Politicus razem z opiekunem ko\u0142a &#8211; Profesorem Kikiem wybrali si\u0119 do I Liceum Og\u00f3lnokszta\u0142c\u0105cego w Busku Zdr\u00f3j aby promowa\u0107 Instytut Nauk Politycznych i zach\u0119ci\u0107 licalist\u00f3w do studiowania w Kielcach.<\/strong><\/p>\n<p><a href=\"https:\/\/sknhp.ujk.edu.pl\/wp-content\/uploads\/2014\/05\/529073_463453507053458_1886228308_n.jpg\"><img loading=\"lazy\" decoding=\"async\" class=\"aligncenter size-medium wp-image-168\" src=\"https:\/\/sknhp.ujk.edu.pl\/wp-content\/uploads\/2014\/05\/529073_463453507053458_1886228308_n-300x225.jpg\" alt=\"529073_463453507053458_1886228308_n\" width=\"300\" height=\"225\" srcset=\"https:\/\/sknhp.ujk.edu.pl\/wp-content\/uploads\/2014\/05\/529073_463453507053458_1886228308_n-300x225.jpg 300w, https:\/\/sknhp.ujk.edu.pl\/wp-content\/uploads\/2014\/05\/529073_463453507053458_1886228308_n.jpg 533w\" sizes=\"auto, (max-width: 300px) 100vw, 300px\" \/><\/a><\/p>\n<p><a href=\"https:\/\/sknhp.ujk.edu.pl\/wp-content\/uploads\/2014\/05\/600852_463453377053471_942892993_n.jpg\"><img loading=\"lazy\" decoding=\"async\" class=\"aligncenter size-medium wp-image-169\" src=\"https:\/\/sknhp.ujk.edu.pl\/wp-content\/uploads\/2014\/05\/600852_463453377053471_942892993_n-300x225.jpg\" alt=\"600852_463453377053471_942892993_n\" width=\"300\" height=\"225\" srcset=\"https:\/\/sknhp.ujk.edu.pl\/wp-content\/uploads\/2014\/05\/600852_463453377053471_942892993_n-300x225.jpg 300w, https:\/\/sknhp.ujk.edu.pl\/wp-content\/uploads\/2014\/05\/600852_463453377053471_942892993_n.jpg 533w\" sizes=\"auto, (max-width: 300px) 100vw, 300px\" \/><\/a><\/p>\n<p><strong><br \/>\nW ramach promocji Instytutu Nauk Politycznych cz\u0142onkowie Homo Politicus udali si\u0119 wraz z dr S\u0142awomirem Pastuszk\u0105 do Zespo\u0142u Szk\u00f3\u0142 Ekonomicznych im. Miko\u0142aja Kopernika w Kielcach. Dr Pastuszka wyg\u0142osi\u0142 kr\u00f3tki wyk\u0142ad na temat polityki regionalnej UE oraz wp\u0142ywu funduszu unijnych na \u017cycie codzienne m\u0142odzie\u017cy.<\/strong><\/p>\n<p><a href=\"https:\/\/sknhp.ujk.edu.pl\/wp-content\/uploads\/2014\/05\/11383_466137456785063_1286822568_n.jpg\"><img loading=\"lazy\" decoding=\"async\" class=\"aligncenter size-medium wp-image-170\" src=\"https:\/\/sknhp.ujk.edu.pl\/wp-content\/uploads\/2014\/05\/11383_466137456785063_1286822568_n-300x225.jpg\" alt=\"11383_466137456785063_1286822568_n\" width=\"300\" height=\"225\" srcset=\"https:\/\/sknhp.ujk.edu.pl\/wp-content\/uploads\/2014\/05\/11383_466137456785063_1286822568_n-300x225.jpg 300w, https:\/\/sknhp.ujk.edu.pl\/wp-content\/uploads\/2014\/05\/11383_466137456785063_1286822568_n.jpg 400w\" sizes=\"auto, (max-width: 300px) 100vw, 300px\" \/><\/a><\/p>\n<p><strong> <a href=\"https:\/\/sknhp.ujk.edu.pl\/wp-content\/uploads\/2014\/05\/529397_466137573451718_24748971_n.jpg\"><img loading=\"lazy\" decoding=\"async\" class=\"aligncenter size-medium wp-image-171\" src=\"https:\/\/sknhp.ujk.edu.pl\/wp-content\/uploads\/2014\/05\/529397_466137573451718_24748971_n-300x225.jpg\" alt=\"529397_466137573451718_24748971_n\" width=\"300\" height=\"225\" srcset=\"https:\/\/sknhp.ujk.edu.pl\/wp-content\/uploads\/2014\/05\/529397_466137573451718_24748971_n-300x225.jpg 300w, https:\/\/sknhp.ujk.edu.pl\/wp-content\/uploads\/2014\/05\/529397_466137573451718_24748971_n.jpg 400w\" sizes=\"auto, (max-width: 300px) 100vw, 300px\" \/><\/a><\/strong><\/p>\n<p>&nbsp;<\/p>\n<p>Kolejnym przystankiem dla cz\u0142onk\u00f3w naszego ko\u0142a w ramach dzia\u0142a\u0144 promocyjnych INP by\u0142 Stasz\u00f3w. Byli\u015bmy w Zespole Szk\u00f3\u0142 im. Stanis\u0142awa Staszica razem z dr Adamem Zamojskim. \u2014 w Zesp\u00f3\u0142 Szk\u00f3\u0142 im. Stanis\u0142awa Staszica w Staszowie.<\/p>\n<p><a href=\"https:\/\/sknhp.ujk.edu.pl\/wp-content\/uploads\/2014\/05\/33955_468821716516637_1549194054_n.jpg\"><img loading=\"lazy\" decoding=\"async\" class=\"aligncenter size-medium wp-image-172\" src=\"https:\/\/sknhp.ujk.edu.pl\/wp-content\/uploads\/2014\/05\/33955_468821716516637_1549194054_n-300x174.jpg\" alt=\"33955_468821716516637_1549194054_n\" width=\"300\" height=\"174\" srcset=\"https:\/\/sknhp.ujk.edu.pl\/wp-content\/uploads\/2014\/05\/33955_468821716516637_1549194054_n-300x174.jpg 300w, https:\/\/sknhp.ujk.edu.pl\/wp-content\/uploads\/2014\/05\/33955_468821716516637_1549194054_n.jpg 400w\" sizes=\"auto, (max-width: 300px) 100vw, 300px\" \/><\/a><\/p>\n<p><a href=\"https:\/\/sknhp.ujk.edu.pl\/wp-content\/uploads\/2014\/05\/559974_468821823183293_1446111757_n.jpg\"><img loading=\"lazy\" decoding=\"async\" class=\"aligncenter size-medium wp-image-173\" src=\"https:\/\/sknhp.ujk.edu.pl\/wp-content\/uploads\/2014\/05\/559974_468821823183293_1446111757_n-300x225.jpg\" alt=\"559974_468821823183293_1446111757_n\" width=\"300\" height=\"225\" srcset=\"https:\/\/sknhp.ujk.edu.pl\/wp-content\/uploads\/2014\/05\/559974_468821823183293_1446111757_n-300x225.jpg 300w, https:\/\/sknhp.ujk.edu.pl\/wp-content\/uploads\/2014\/05\/559974_468821823183293_1446111757_n.jpg 400w\" sizes=\"auto, (max-width: 300px) 100vw, 300px\" \/><\/a><\/p>\n<p>&nbsp;<\/p>\n<p>&nbsp;<\/p>\n<p>Kolejnymi przystankami naszej akcji by\u0142y szko\u0142y &#8211; Zesp\u00f3\u0142 Szk\u00f3\u0142 Samochodowych i Zesp\u00f3\u0142 Szk\u00f3\u0142 Ekonomicznych w Skar\u017cysku-Kamiennej. Wyk\u0142ad poprowadzi\u0142 dr Rafa\u0142 Miernik.<\/p>\n<p><a href=\"https:\/\/sknhp.ujk.edu.pl\/wp-content\/uploads\/2014\/05\/14803_470058039726338_1015846671_n.jpg\"><img loading=\"lazy\" decoding=\"async\" class=\"aligncenter size-medium wp-image-174\" src=\"https:\/\/sknhp.ujk.edu.pl\/wp-content\/uploads\/2014\/05\/14803_470058039726338_1015846671_n-300x225.jpg\" alt=\"14803_470058039726338_1015846671_n\" width=\"300\" height=\"225\" srcset=\"https:\/\/sknhp.ujk.edu.pl\/wp-content\/uploads\/2014\/05\/14803_470058039726338_1015846671_n-300x225.jpg 300w, https:\/\/sknhp.ujk.edu.pl\/wp-content\/uploads\/2014\/05\/14803_470058039726338_1015846671_n.jpg 400w\" sizes=\"auto, (max-width: 300px) 100vw, 300px\" \/><\/a><\/p>\n<p><a href=\"https:\/\/sknhp.ujk.edu.pl\/wp-content\/uploads\/2014\/05\/58792_470058169726325_673485081_n.jpg\"><img loading=\"lazy\" decoding=\"async\" class=\"aligncenter size-medium wp-image-175\" src=\"https:\/\/sknhp.ujk.edu.pl\/wp-content\/uploads\/2014\/05\/58792_470058169726325_673485081_n-300x225.jpg\" alt=\"58792_470058169726325_673485081_n\" width=\"300\" height=\"225\" srcset=\"https:\/\/sknhp.ujk.edu.pl\/wp-content\/uploads\/2014\/05\/58792_470058169726325_673485081_n-300x225.jpg 300w, https:\/\/sknhp.ujk.edu.pl\/wp-content\/uploads\/2014\/05\/58792_470058169726325_673485081_n.jpg 400w\" sizes=\"auto, (max-width: 300px) 100vw, 300px\" \/><\/a><\/p>\n<p>Promocja Instytutu Nauk Politycznych W Zespo\u0142u Szk\u00f3\u0142 Gastronomicznych i Hotelarskich w Sandomierzu.<\/p>\n<p><a href=\"https:\/\/sknhp.ujk.edu.pl\/wp-content\/uploads\/2014\/05\/269333_481076408624501_1610438070_n.jpg\"><img loading=\"lazy\" decoding=\"async\" class=\"aligncenter size-medium wp-image-176\" src=\"https:\/\/sknhp.ujk.edu.pl\/wp-content\/uploads\/2014\/05\/269333_481076408624501_1610438070_n-300x225.jpg\" alt=\"269333_481076408624501_1610438070_n\" width=\"300\" height=\"225\" srcset=\"https:\/\/sknhp.ujk.edu.pl\/wp-content\/uploads\/2014\/05\/269333_481076408624501_1610438070_n-300x225.jpg 300w, https:\/\/sknhp.ujk.edu.pl\/wp-content\/uploads\/2014\/05\/269333_481076408624501_1610438070_n.jpg 333w\" sizes=\"auto, (max-width: 300px) 100vw, 300px\" \/><\/a> <a href=\"https:\/\/sknhp.ujk.edu.pl\/wp-content\/uploads\/2014\/05\/577843_478558635542945_126799829_n.jpg\"><img loading=\"lazy\" decoding=\"async\" class=\"aligncenter size-medium wp-image-177\" src=\"https:\/\/sknhp.ujk.edu.pl\/wp-content\/uploads\/2014\/05\/577843_478558635542945_126799829_n-300x225.jpg\" alt=\"577843_478558635542945_126799829_n\" width=\"300\" height=\"225\" srcset=\"https:\/\/sknhp.ujk.edu.pl\/wp-content\/uploads\/2014\/05\/577843_478558635542945_126799829_n-300x225.jpg 300w, https:\/\/sknhp.ujk.edu.pl\/wp-content\/uploads\/2014\/05\/577843_478558635542945_126799829_n.jpg 400w\" sizes=\"auto, (max-width: 300px) 100vw, 300px\" \/><\/a><\/p>\n","protected":false},"excerpt":{"rendered":"<p>Cz\u0142onkowie Homo Politicus razem z opiekunem ko\u0142a &#8211; Profesorem Kikiem wybrali si\u0119 do I Liceum Og\u00f3lnokszta\u0142c\u0105cego w Busku Zdr\u00f3j aby promowa\u0107 Instytut Nauk Politycznych i zach\u0119ci\u0107 licalist\u00f3w do studiowania w Kielcach. W ramach promocji Instytutu Nauk Politycznych cz\u0142onkowie Homo Politicus udali si\u0119 wraz z dr S\u0142awomirem Pastuszk\u0105 do Zespo\u0142u Szk\u00f3\u0142 Ekonomicznych im. Miko\u0142aja Kopernika w [&hellip;]<\/p>\n","protected":false},"author":1,"featured_media":0,"parent":0,"menu_order":0,"comment_status":"open","ping_status":"open","template":"","meta":{"footnotes":""},"class_list":["post-166","page","type-page","status-publish","hentry"],"yoast_head":"<!-- This site is optimized with the Yoast SEO plugin v24.0 - https:\/\/yoast.com\/wordpress\/plugins\/seo\/ -->\n<title>Homo Politicus w trasie - 2013 - SKN &quot;Homo Politicus&quot; UJK Kielce<\/title>\n<meta name=\"robots\" content=\"index, follow, max-snippet:-1, max-image-preview:large, max-video-preview:-1\" \/>\n<link rel=\"canonical\" href=\"https:\/\/sknhp.ujk.edu.pl\/?page_id=166\" \/>\n<meta property=\"og:locale\" content=\"pl_PL\" \/>\n<meta property=\"og:type\" content=\"article\" \/>\n<meta property=\"og:title\" content=\"Homo Politicus w trasie - 2013 - SKN &quot;Homo Politicus&quot; UJK Kielce\" \/>\n<meta property=\"og:description\" content=\"Cz\u0142onkowie Homo Politicus razem z opiekunem ko\u0142a &#8211; Profesorem Kikiem wybrali si\u0119 do I Liceum Og\u00f3lnokszta\u0142c\u0105cego w Busku Zdr\u00f3j aby promowa\u0107 Instytut Nauk Politycznych i zach\u0119ci\u0107 licalist\u00f3w do studiowania w Kielcach. W ramach promocji Instytutu Nauk Politycznych cz\u0142onkowie Homo Politicus udali si\u0119 wraz z dr S\u0142awomirem Pastuszk\u0105 do Zespo\u0142u Szk\u00f3\u0142 Ekonomicznych im. Miko\u0142aja Kopernika w [&hellip;]\" \/>\n<meta property=\"og:url\" content=\"https:\/\/sknhp.ujk.edu.pl\/?page_id=166\" \/>\n<meta property=\"og:site_name\" content=\"SKN &quot;Homo Politicus&quot; UJK Kielce\" \/>\n<meta property=\"article:publisher\" content=\"http:\/\/facebook.com\/sknhp\" \/>\n<meta property=\"og:image\" content=\"https:\/\/sknhp.ujk.edu.pl\/wp-content\/uploads\/2014\/05\/529073_463453507053458_1886228308_n.jpg\" \/>\n\t<meta property=\"og:image:width\" content=\"533\" \/>\n\t<meta property=\"og:image:height\" content=\"400\" \/>\n\t<meta property=\"og:image:type\" content=\"image\/jpeg\" \/>\n<meta name=\"twitter:card\" content=\"summary_large_image\" \/>\n<meta name=\"twitter:site\" content=\"@sknhp\" \/>\n<meta name=\"twitter:label1\" content=\"Szacowany czas czytania\" \/>\n\t<meta name=\"twitter:data1\" content=\"1 minuta\" \/>\n<script type=\"application\/ld+json\" class=\"yoast-schema-graph\">{\"@context\":\"https:\/\/schema.org\",\"@graph\":[{\"@type\":\"WebPage\",\"@id\":\"https:\/\/sknhp.ujk.edu.pl\/?page_id=166\",\"url\":\"https:\/\/sknhp.ujk.edu.pl\/?page_id=166\",\"name\":\"Homo Politicus w trasie - 2013 - SKN &quot;Homo Politicus&quot; UJK Kielce\",\"isPartOf\":{\"@id\":\"https:\/\/sknhp.ujk.edu.pl\/#website\"},\"primaryImageOfPage\":{\"@id\":\"https:\/\/sknhp.ujk.edu.pl\/?page_id=166#primaryimage\"},\"image\":{\"@id\":\"https:\/\/sknhp.ujk.edu.pl\/?page_id=166#primaryimage\"},\"thumbnailUrl\":\"https:\/\/sknhp.ujk.edu.pl\/wp-content\/uploads\/2014\/05\/529073_463453507053458_1886228308_n-300x225.jpg\",\"datePublished\":\"2014-05-01T22:37:37+00:00\",\"dateModified\":\"2014-05-01T22:37:37+00:00\",\"breadcrumb\":{\"@id\":\"https:\/\/sknhp.ujk.edu.pl\/?page_id=166#breadcrumb\"},\"inLanguage\":\"pl-PL\",\"potentialAction\":[{\"@type\":\"ReadAction\",\"target\":[\"https:\/\/sknhp.ujk.edu.pl\/?page_id=166\"]}]},{\"@type\":\"ImageObject\",\"inLanguage\":\"pl-PL\",\"@id\":\"https:\/\/sknhp.ujk.edu.pl\/?page_id=166#primaryimage\",\"url\":\"https:\/\/sknhp.ujk.edu.pl\/wp-content\/uploads\/2014\/05\/529073_463453507053458_1886228308_n.jpg\",\"contentUrl\":\"https:\/\/sknhp.ujk.edu.pl\/wp-content\/uploads\/2014\/05\/529073_463453507053458_1886228308_n.jpg\",\"width\":533,\"height\":400},{\"@type\":\"BreadcrumbList\",\"@id\":\"https:\/\/sknhp.ujk.edu.pl\/?page_id=166#breadcrumb\",\"itemListElement\":[{\"@type\":\"ListItem\",\"position\":1,\"name\":\"Home\",\"item\":\"https:\/\/sknhp.ujk.edu.pl\/\"},{\"@type\":\"ListItem\",\"position\":2,\"name\":\"Homo Politicus w trasie &#8211; 2013\"}]},{\"@type\":\"WebSite\",\"@id\":\"https:\/\/sknhp.ujk.edu.pl\/#website\",\"url\":\"https:\/\/sknhp.ujk.edu.pl\/\",\"name\":\"SKN &quot;Homo Politicus&quot; UJK Kielce\",\"description\":\"Strona oficjalna. Studenckie Ko\u0142o Naukowe &quot;Homo Politicus&quot;. Uniwersytet Jana Kochanowskiego w Kielcach. Instytut Nauk Politycznych. Wydzia\u0142 Zarz\u0105dzania i Administracji.\",\"potentialAction\":[{\"@type\":\"SearchAction\",\"target\":{\"@type\":\"EntryPoint\",\"urlTemplate\":\"https:\/\/sknhp.ujk.edu.pl\/?s={search_term_string}\"},\"query-input\":{\"@type\":\"PropertyValueSpecification\",\"valueRequired\":true,\"valueName\":\"search_term_string\"}}],\"inLanguage\":\"pl-PL\"}]}<\/script>\n<!-- \/ Yoast SEO plugin. -->","yoast_head_json":{"title":"Homo Politicus w trasie - 2013 - SKN &quot;Homo Politicus&quot; UJK Kielce","robots":{"index":"index","follow":"follow","max-snippet":"max-snippet:-1","max-image-preview":"max-image-preview:large","max-video-preview":"max-video-preview:-1"},"canonical":"https:\/\/sknhp.ujk.edu.pl\/?page_id=166","og_locale":"pl_PL","og_type":"article","og_title":"Homo Politicus w trasie - 2013 - SKN &quot;Homo Politicus&quot; UJK Kielce","og_description":"Cz\u0142onkowie Homo Politicus razem z opiekunem ko\u0142a &#8211; Profesorem Kikiem wybrali si\u0119 do I Liceum Og\u00f3lnokszta\u0142c\u0105cego w Busku Zdr\u00f3j aby promowa\u0107 Instytut Nauk Politycznych i zach\u0119ci\u0107 licalist\u00f3w do studiowania w Kielcach. W ramach promocji Instytutu Nauk Politycznych cz\u0142onkowie Homo Politicus udali si\u0119 wraz z dr S\u0142awomirem Pastuszk\u0105 do Zespo\u0142u Szk\u00f3\u0142 Ekonomicznych im. Miko\u0142aja Kopernika w [&hellip;]","og_url":"https:\/\/sknhp.ujk.edu.pl\/?page_id=166","og_site_name":"SKN &quot;Homo Politicus&quot; UJK Kielce","article_publisher":"http:\/\/facebook.com\/sknhp","og_image":[{"width":533,"height":400,"url":"https:\/\/sknhp.ujk.edu.pl\/wp-content\/uploads\/2014\/05\/529073_463453507053458_1886228308_n.jpg","type":"image\/jpeg"}],"twitter_card":"summary_large_image","twitter_site":"@sknhp","twitter_misc":{"Szacowany czas czytania":"1 minuta"},"schema":{"@context":"https:\/\/schema.org","@graph":[{"@type":"WebPage","@id":"https:\/\/sknhp.ujk.edu.pl\/?page_id=166","url":"https:\/\/sknhp.ujk.edu.pl\/?page_id=166","name":"Homo Politicus w trasie - 2013 - SKN &quot;Homo Politicus&quot; UJK Kielce","isPartOf":{"@id":"https:\/\/sknhp.ujk.edu.pl\/#website"},"primaryImageOfPage":{"@id":"https:\/\/sknhp.ujk.edu.pl\/?page_id=166#primaryimage"},"image":{"@id":"https:\/\/sknhp.ujk.edu.pl\/?page_id=166#primaryimage"},"thumbnailUrl":"https:\/\/sknhp.ujk.edu.pl\/wp-content\/uploads\/2014\/05\/529073_463453507053458_1886228308_n-300x225.jpg","datePublished":"2014-05-01T22:37:37+00:00","dateModified":"2014-05-01T22:37:37+00:00","breadcrumb":{"@id":"https:\/\/sknhp.ujk.edu.pl\/?page_id=166#breadcrumb"},"inLanguage":"pl-PL","potentialAction":[{"@type":"ReadAction","target":["https:\/\/sknhp.ujk.edu.pl\/?page_id=166"]}]},{"@type":"ImageObject","inLanguage":"pl-PL","@id":"https:\/\/sknhp.ujk.edu.pl\/?page_id=166#primaryimage","url":"https:\/\/sknhp.ujk.edu.pl\/wp-content\/uploads\/2014\/05\/529073_463453507053458_1886228308_n.jpg","contentUrl":"https:\/\/sknhp.ujk.edu.pl\/wp-content\/uploads\/2014\/05\/529073_463453507053458_1886228308_n.jpg","width":533,"height":400},{"@type":"BreadcrumbList","@id":"https:\/\/sknhp.ujk.edu.pl\/?page_id=166#breadcrumb","itemListElement":[{"@type":"ListItem","position":1,"name":"Home","item":"https:\/\/sknhp.ujk.edu.pl\/"},{"@type":"ListItem","position":2,"name":"Homo Politicus w trasie &#8211; 2013"}]},{"@type":"WebSite","@id":"https:\/\/sknhp.ujk.edu.pl\/#website","url":"https:\/\/sknhp.ujk.edu.pl\/","name":"SKN &quot;Homo Politicus&quot; UJK Kielce","description":"Strona oficjalna. Studenckie Ko\u0142o Naukowe &quot;Homo Politicus&quot;. Uniwersytet Jana Kochanowskiego w Kielcach. Instytut Nauk Politycznych. Wydzia\u0142 Zarz\u0105dzania i Administracji.","potentialAction":[{"@type":"SearchAction","target":{"@type":"EntryPoint","urlTemplate":"https:\/\/sknhp.ujk.edu.pl\/?s={search_term_string}"},"query-input":{"@type":"PropertyValueSpecification","valueRequired":true,"valueName":"search_term_string"}}],"inLanguage":"pl-PL"}]}},"_links":{"self":[{"href":"https:\/\/sknhp.ujk.edu.pl\/index.php?rest_route=\/wp\/v2\/pages\/166","targetHints":{"allow":["GET"]}}],"collection":[{"href":"https:\/\/sknhp.ujk.edu.pl\/index.php?rest_route=\/wp\/v2\/pages"}],"about":[{"href":"https:\/\/sknhp.ujk.edu.pl\/index.php?rest_route=\/wp\/v2\/types\/page"}],"author":[{"embeddable":true,"href":"https:\/\/sknhp.ujk.edu.pl\/index.php?rest_route=\/wp\/v2\/users\/1"}],"replies":[{"embeddable":true,"href":"https:\/\/sknhp.ujk.edu.pl\/index.php?rest_route=%2Fwp%2Fv2%2Fcomments&post=166"}],"version-history":[{"count":1,"href":"https:\/\/sknhp.ujk.edu.pl\/index.php?rest_route=\/wp\/v2\/pages\/166\/revisions"}],"predecessor-version":[{"id":178,"href":"https:\/\/sknhp.ujk.edu.pl\/index.php?rest_route=\/wp\/v2\/pages\/166\/revisions\/178"}],"wp:attachment":[{"href":"https:\/\/sknhp.ujk.edu.pl\/index.php?rest_route=%2Fwp%2Fv2%2Fmedia&parent=166"}],"curies":[{"name":"wp","href":"https:\/\/api.w.org\/{rel}","templated":true}]}}