{"id":180,"date":"2014-05-02T00:42:24","date_gmt":"2014-05-01T22:42:24","guid":{"rendered":"https:\/\/sknhp.ujk.edu.pl\/?page_id=180"},"modified":"2014-05-02T00:42:24","modified_gmt":"2014-05-01T22:42:24","slug":"ai-maraton-pisania-listow","status":"publish","type":"page","link":"https:\/\/sknhp.ujk.edu.pl\/?page_id=180","title":{"rendered":"AI &#8211; Maraton pisania list\u00f3w"},"content":{"rendered":"<p>Cz\u0142onkowie naszego ko\u0142a naukowego wzi\u0119li udzia\u0142 w akcji organizowanej przez Amnesty International &#8222;Maraton Pisania List\u00f3w&#8221;.<\/p>\n<p><a href=\"https:\/\/sknhp.ujk.edu.pl\/wp-content\/uploads\/2014\/05\/1499605_603217623077045_1786943603_n.jpg\"><img loading=\"lazy\" decoding=\"async\" class=\"aligncenter size-medium wp-image-181\" src=\"https:\/\/sknhp.ujk.edu.pl\/wp-content\/uploads\/2014\/05\/1499605_603217623077045_1786943603_n-300x225.jpg\" alt=\"1499605_603217623077045_1786943603_n\" width=\"300\" height=\"225\" srcset=\"https:\/\/sknhp.ujk.edu.pl\/wp-content\/uploads\/2014\/05\/1499605_603217623077045_1786943603_n-300x225.jpg 300w, https:\/\/sknhp.ujk.edu.pl\/wp-content\/uploads\/2014\/05\/1499605_603217623077045_1786943603_n.jpg 400w\" sizes=\"auto, (max-width: 300px) 100vw, 300px\" \/><\/a><\/p>\n<p><a href=\"https:\/\/sknhp.ujk.edu.pl\/wp-content\/uploads\/2014\/05\/1521898_604108439654630_66748024_n.jpg\"><img loading=\"lazy\" decoding=\"async\" class=\"aligncenter size-medium wp-image-182\" src=\"https:\/\/sknhp.ujk.edu.pl\/wp-content\/uploads\/2014\/05\/1521898_604108439654630_66748024_n-300x199.jpg\" alt=\"1521898_604108439654630_66748024_n\" width=\"300\" height=\"199\" srcset=\"https:\/\/sknhp.ujk.edu.pl\/wp-content\/uploads\/2014\/05\/1521898_604108439654630_66748024_n-300x199.jpg 300w, https:\/\/sknhp.ujk.edu.pl\/wp-content\/uploads\/2014\/05\/1521898_604108439654630_66748024_n.jpg 483w\" sizes=\"auto, (max-width: 300px) 100vw, 300px\" \/><\/a><\/p>\n<p><a href=\"https:\/\/sknhp.ujk.edu.pl\/wp-content\/uploads\/2014\/05\/1526571_604108122987995_2085214772_n.jpg\"><img loading=\"lazy\" decoding=\"async\" class=\"aligncenter size-medium wp-image-183\" src=\"https:\/\/sknhp.ujk.edu.pl\/wp-content\/uploads\/2014\/05\/1526571_604108122987995_2085214772_n-300x225.jpg\" alt=\"1526571_604108122987995_2085214772_n\" width=\"300\" height=\"225\" srcset=\"https:\/\/sknhp.ujk.edu.pl\/wp-content\/uploads\/2014\/05\/1526571_604108122987995_2085214772_n-300x225.jpg 300w, https:\/\/sknhp.ujk.edu.pl\/wp-content\/uploads\/2014\/05\/1526571_604108122987995_2085214772_n.jpg 340w\" sizes=\"auto, (max-width: 300px) 100vw, 300px\" \/><\/a><\/p>\n<p>&nbsp;<\/p>\n<p><a href=\"https:\/\/sknhp.ujk.edu.pl\/wp-content\/uploads\/2014\/05\/1560696_614657688599705_498829934_n.jpg\"><img loading=\"lazy\" decoding=\"async\" class=\"aligncenter size-full wp-image-184\" src=\"https:\/\/sknhp.ujk.edu.pl\/wp-content\/uploads\/2014\/05\/1560696_614657688599705_498829934_n.jpg\" alt=\"1560696_614657688599705_498829934_n\" width=\"381\" height=\"539\" srcset=\"https:\/\/sknhp.ujk.edu.pl\/wp-content\/uploads\/2014\/05\/1560696_614657688599705_498829934_n.jpg 381w, https:\/\/sknhp.ujk.edu.pl\/wp-content\/uploads\/2014\/05\/1560696_614657688599705_498829934_n-212x300.jpg 212w\" sizes=\"auto, (max-width: 381px) 100vw, 381px\" \/><\/a><a href=\"https:\/\/sknhp.ujk.edu.pl\/wp-content\/uploads\/2014\/05\/1560696_614657688599705_498829934_n.jpg\"><br \/>\n<\/a><\/p>\n","protected":false},"excerpt":{"rendered":"<p>Cz\u0142onkowie naszego ko\u0142a naukowego wzi\u0119li udzia\u0142 w akcji organizowanej przez Amnesty International &#8222;Maraton Pisania List\u00f3w&#8221;. &nbsp;<\/p>\n","protected":false},"author":1,"featured_media":0,"parent":0,"menu_order":0,"comment_status":"open","ping_status":"open","template":"","meta":{"footnotes":""},"class_list":["post-180","page","type-page","status-publish","hentry"],"yoast_head":"<!-- This site is optimized with the Yoast SEO plugin v24.0 - https:\/\/yoast.com\/wordpress\/plugins\/seo\/ -->\n<title>AI - Maraton pisania list\u00f3w - SKN &quot;Homo Politicus&quot; UJK Kielce<\/title>\n<meta name=\"robots\" content=\"index, follow, max-snippet:-1, max-image-preview:large, max-video-preview:-1\" \/>\n<link rel=\"canonical\" href=\"https:\/\/sknhp.ujk.edu.pl\/?page_id=180\" \/>\n<meta property=\"og:locale\" content=\"pl_PL\" \/>\n<meta property=\"og:type\" content=\"article\" \/>\n<meta property=\"og:title\" content=\"AI - Maraton pisania list\u00f3w - SKN &quot;Homo Politicus&quot; UJK Kielce\" \/>\n<meta property=\"og:description\" content=\"Cz\u0142onkowie naszego ko\u0142a naukowego wzi\u0119li udzia\u0142 w akcji organizowanej przez Amnesty International &#8222;Maraton Pisania List\u00f3w&#8221;. &nbsp;\" \/>\n<meta property=\"og:url\" content=\"https:\/\/sknhp.ujk.edu.pl\/?page_id=180\" \/>\n<meta property=\"og:site_name\" content=\"SKN &quot;Homo Politicus&quot; UJK Kielce\" \/>\n<meta property=\"article:publisher\" content=\"http:\/\/facebook.com\/sknhp\" \/>\n<meta property=\"og:image\" content=\"https:\/\/sknhp.ujk.edu.pl\/wp-content\/uploads\/2014\/05\/1499605_603217623077045_1786943603_n.jpg\" \/>\n\t<meta property=\"og:image:width\" content=\"400\" \/>\n\t<meta property=\"og:image:height\" content=\"300\" \/>\n\t<meta property=\"og:image:type\" content=\"image\/jpeg\" \/>\n<meta name=\"twitter:card\" content=\"summary_large_image\" \/>\n<meta name=\"twitter:site\" content=\"@sknhp\" \/>\n<script type=\"application\/ld+json\" class=\"yoast-schema-graph\">{\"@context\":\"https:\/\/schema.org\",\"@graph\":[{\"@type\":\"WebPage\",\"@id\":\"https:\/\/sknhp.ujk.edu.pl\/?page_id=180\",\"url\":\"https:\/\/sknhp.ujk.edu.pl\/?page_id=180\",\"name\":\"AI - Maraton pisania list\u00f3w - SKN &quot;Homo Politicus&quot; UJK Kielce\",\"isPartOf\":{\"@id\":\"https:\/\/sknhp.ujk.edu.pl\/#website\"},\"primaryImageOfPage\":{\"@id\":\"https:\/\/sknhp.ujk.edu.pl\/?page_id=180#primaryimage\"},\"image\":{\"@id\":\"https:\/\/sknhp.ujk.edu.pl\/?page_id=180#primaryimage\"},\"thumbnailUrl\":\"https:\/\/sknhp.ujk.edu.pl\/wp-content\/uploads\/2014\/05\/1499605_603217623077045_1786943603_n-300x225.jpg\",\"datePublished\":\"2014-05-01T22:42:24+00:00\",\"dateModified\":\"2014-05-01T22:42:24+00:00\",\"breadcrumb\":{\"@id\":\"https:\/\/sknhp.ujk.edu.pl\/?page_id=180#breadcrumb\"},\"inLanguage\":\"pl-PL\",\"potentialAction\":[{\"@type\":\"ReadAction\",\"target\":[\"https:\/\/sknhp.ujk.edu.pl\/?page_id=180\"]}]},{\"@type\":\"ImageObject\",\"inLanguage\":\"pl-PL\",\"@id\":\"https:\/\/sknhp.ujk.edu.pl\/?page_id=180#primaryimage\",\"url\":\"https:\/\/sknhp.ujk.edu.pl\/wp-content\/uploads\/2014\/05\/1499605_603217623077045_1786943603_n.jpg\",\"contentUrl\":\"https:\/\/sknhp.ujk.edu.pl\/wp-content\/uploads\/2014\/05\/1499605_603217623077045_1786943603_n.jpg\",\"width\":400,\"height\":300},{\"@type\":\"BreadcrumbList\",\"@id\":\"https:\/\/sknhp.ujk.edu.pl\/?page_id=180#breadcrumb\",\"itemListElement\":[{\"@type\":\"ListItem\",\"position\":1,\"name\":\"Home\",\"item\":\"https:\/\/sknhp.ujk.edu.pl\/\"},{\"@type\":\"ListItem\",\"position\":2,\"name\":\"AI &#8211; Maraton pisania list\u00f3w\"}]},{\"@type\":\"WebSite\",\"@id\":\"https:\/\/sknhp.ujk.edu.pl\/#website\",\"url\":\"https:\/\/sknhp.ujk.edu.pl\/\",\"name\":\"SKN &quot;Homo Politicus&quot; UJK Kielce\",\"description\":\"Strona oficjalna. Studenckie Ko\u0142o Naukowe &quot;Homo Politicus&quot;. Uniwersytet Jana Kochanowskiego w Kielcach. Instytut Nauk Politycznych. Wydzia\u0142 Zarz\u0105dzania i Administracji.\",\"potentialAction\":[{\"@type\":\"SearchAction\",\"target\":{\"@type\":\"EntryPoint\",\"urlTemplate\":\"https:\/\/sknhp.ujk.edu.pl\/?s={search_term_string}\"},\"query-input\":{\"@type\":\"PropertyValueSpecification\",\"valueRequired\":true,\"valueName\":\"search_term_string\"}}],\"inLanguage\":\"pl-PL\"}]}<\/script>\n<!-- \/ Yoast SEO plugin. -->","yoast_head_json":{"title":"AI - Maraton pisania list\u00f3w - SKN &quot;Homo Politicus&quot; UJK Kielce","robots":{"index":"index","follow":"follow","max-snippet":"max-snippet:-1","max-image-preview":"max-image-preview:large","max-video-preview":"max-video-preview:-1"},"canonical":"https:\/\/sknhp.ujk.edu.pl\/?page_id=180","og_locale":"pl_PL","og_type":"article","og_title":"AI - Maraton pisania list\u00f3w - SKN &quot;Homo Politicus&quot; UJK Kielce","og_description":"Cz\u0142onkowie naszego ko\u0142a naukowego wzi\u0119li udzia\u0142 w akcji organizowanej przez Amnesty International &#8222;Maraton Pisania List\u00f3w&#8221;. &nbsp;","og_url":"https:\/\/sknhp.ujk.edu.pl\/?page_id=180","og_site_name":"SKN &quot;Homo Politicus&quot; UJK Kielce","article_publisher":"http:\/\/facebook.com\/sknhp","og_image":[{"width":400,"height":300,"url":"https:\/\/sknhp.ujk.edu.pl\/wp-content\/uploads\/2014\/05\/1499605_603217623077045_1786943603_n.jpg","type":"image\/jpeg"}],"twitter_card":"summary_large_image","twitter_site":"@sknhp","schema":{"@context":"https:\/\/schema.org","@graph":[{"@type":"WebPage","@id":"https:\/\/sknhp.ujk.edu.pl\/?page_id=180","url":"https:\/\/sknhp.ujk.edu.pl\/?page_id=180","name":"AI - Maraton pisania list\u00f3w - SKN &quot;Homo Politicus&quot; UJK Kielce","isPartOf":{"@id":"https:\/\/sknhp.ujk.edu.pl\/#website"},"primaryImageOfPage":{"@id":"https:\/\/sknhp.ujk.edu.pl\/?page_id=180#primaryimage"},"image":{"@id":"https:\/\/sknhp.ujk.edu.pl\/?page_id=180#primaryimage"},"thumbnailUrl":"https:\/\/sknhp.ujk.edu.pl\/wp-content\/uploads\/2014\/05\/1499605_603217623077045_1786943603_n-300x225.jpg","datePublished":"2014-05-01T22:42:24+00:00","dateModified":"2014-05-01T22:42:24+00:00","breadcrumb":{"@id":"https:\/\/sknhp.ujk.edu.pl\/?page_id=180#breadcrumb"},"inLanguage":"pl-PL","potentialAction":[{"@type":"ReadAction","target":["https:\/\/sknhp.ujk.edu.pl\/?page_id=180"]}]},{"@type":"ImageObject","inLanguage":"pl-PL","@id":"https:\/\/sknhp.ujk.edu.pl\/?page_id=180#primaryimage","url":"https:\/\/sknhp.ujk.edu.pl\/wp-content\/uploads\/2014\/05\/1499605_603217623077045_1786943603_n.jpg","contentUrl":"https:\/\/sknhp.ujk.edu.pl\/wp-content\/uploads\/2014\/05\/1499605_603217623077045_1786943603_n.jpg","width":400,"height":300},{"@type":"BreadcrumbList","@id":"https:\/\/sknhp.ujk.edu.pl\/?page_id=180#breadcrumb","itemListElement":[{"@type":"ListItem","position":1,"name":"Home","item":"https:\/\/sknhp.ujk.edu.pl\/"},{"@type":"ListItem","position":2,"name":"AI &#8211; Maraton pisania list\u00f3w"}]},{"@type":"WebSite","@id":"https:\/\/sknhp.ujk.edu.pl\/#website","url":"https:\/\/sknhp.ujk.edu.pl\/","name":"SKN &quot;Homo Politicus&quot; UJK Kielce","description":"Strona oficjalna. Studenckie Ko\u0142o Naukowe &quot;Homo Politicus&quot;. Uniwersytet Jana Kochanowskiego w Kielcach. Instytut Nauk Politycznych. Wydzia\u0142 Zarz\u0105dzania i Administracji.","potentialAction":[{"@type":"SearchAction","target":{"@type":"EntryPoint","urlTemplate":"https:\/\/sknhp.ujk.edu.pl\/?s={search_term_string}"},"query-input":{"@type":"PropertyValueSpecification","valueRequired":true,"valueName":"search_term_string"}}],"inLanguage":"pl-PL"}]}},"_links":{"self":[{"href":"https:\/\/sknhp.ujk.edu.pl\/index.php?rest_route=\/wp\/v2\/pages\/180","targetHints":{"allow":["GET"]}}],"collection":[{"href":"https:\/\/sknhp.ujk.edu.pl\/index.php?rest_route=\/wp\/v2\/pages"}],"about":[{"href":"https:\/\/sknhp.ujk.edu.pl\/index.php?rest_route=\/wp\/v2\/types\/page"}],"author":[{"embeddable":true,"href":"https:\/\/sknhp.ujk.edu.pl\/index.php?rest_route=\/wp\/v2\/users\/1"}],"replies":[{"embeddable":true,"href":"https:\/\/sknhp.ujk.edu.pl\/index.php?rest_route=%2Fwp%2Fv2%2Fcomments&post=180"}],"version-history":[{"count":1,"href":"https:\/\/sknhp.ujk.edu.pl\/index.php?rest_route=\/wp\/v2\/pages\/180\/revisions"}],"predecessor-version":[{"id":185,"href":"https:\/\/sknhp.ujk.edu.pl\/index.php?rest_route=\/wp\/v2\/pages\/180\/revisions\/185"}],"wp:attachment":[{"href":"https:\/\/sknhp.ujk.edu.pl\/index.php?rest_route=%2Fwp%2Fv2%2Fmedia&parent=180"}],"curies":[{"name":"wp","href":"https:\/\/api.w.org\/{rel}","templated":true}]}}