{"id":215,"date":"2014-05-02T13:20:03","date_gmt":"2014-05-02T11:20:03","guid":{"rendered":"https:\/\/sknhp.ujk.edu.pl\/?page_id=215"},"modified":"2014-05-02T13:20:03","modified_gmt":"2014-05-02T11:20:03","slug":"debata-o-transformacji-ustrojowej-w-radiu-kielce","status":"publish","type":"page","link":"https:\/\/sknhp.ujk.edu.pl\/?page_id=215","title":{"rendered":"Debata o transformacji ustrojowej w Radiu Kielce"},"content":{"rendered":"<p><a href=\"https:\/\/sknhp.ujk.edu.pl\/wp-content\/uploads\/2014\/05\/10264535_670621476336659_3164793457941137208_n.jpg\"><img loading=\"lazy\" decoding=\"async\" class=\"aligncenter size-medium wp-image-84\" src=\"https:\/\/sknhp.ujk.edu.pl\/wp-content\/uploads\/2014\/05\/10264535_670621476336659_3164793457941137208_n-300x225.jpg\" alt=\"10264535_670621476336659_3164793457941137208_n\" width=\"300\" height=\"225\" srcset=\"https:\/\/sknhp.ujk.edu.pl\/wp-content\/uploads\/2014\/05\/10264535_670621476336659_3164793457941137208_n-300x225.jpg 300w, https:\/\/sknhp.ujk.edu.pl\/wp-content\/uploads\/2014\/05\/10264535_670621476336659_3164793457941137208_n.jpg 960w\" sizes=\"auto, (max-width: 300px) 100vw, 300px\" \/><\/a><br \/>\nSKN Homo Politicus wsp\u00f3lnie z Fundacj\u0105 Rozwoju Demokracji Lokalnej i Radiem Kielce zoorganizowa\u0142y 23 kwietnia debat\u0119 radiow\u0105, kt\u00f3rej tematyka dotyczy\u0142a podsumowania tego co nam mieszka\u0144com Polski da\u0142a transformacja ustrojowa na prze\u0142omie \u0107wier\u0107wiecza.<\/p>\n<p>Reaktywowanie samorz\u0105du terytorialnego by\u0142o jedn\u0105 z najbardziej udanych i donios\u0142ych reform samorz\u0105du terytorialnego. Plusem transformacji mo\u017ce by\u0107 r\u00f3wnie\u017c uznawanie tego \u017ce Polska przez 25 lat przesz\u0142a bardzo wyra\u017an\u0105 zmian\u0119 w ka\u017cdym aspekcie poczynaj\u0105c od ustroju politycznego po zmiany gospodarcze.<\/p>\n<p>Polacy sami mog\u0105 decydowa\u0107 o swojej przysz\u0142o\u015bci, uczestniczymy w wyborach \u2013 posiadaj\u0105c kluczowy wp\u0142yw na to kto b\u0119dzie odpowiada\u0142 za sprawy poczynaj\u0105c od lokalnych g\u0142osowa\u0144 po to \u017ce mo\u017cemy wybra\u0107 osoby odpowiedzialne za kraj.<br \/>\nBez jakichkolwiek ogranicze\u0144 mo\u017cemy si\u0119 zrzesza\u0107 do r\u00f3\u017cnych instytucji od organizacji pozarz\u0105dowych do ugrupowa\u0144 politycznych o r\u00f3\u017cnym profilu ideologicznym.<br \/>\nWarto r\u00f3wnie\u017c podkre\u015bli\u0107 \u017ce za wypracowanie PKB w obecnym kszta\u0142cie odpowiadaj\u0105 w wi\u0119kszo\u015bci przedsi\u0119biorcy.<br \/>\nDo du\u017cego sukcesu mo\u017cemy te\u017c zaliczy\u0107 rozw\u00f3j instrastruktury podstawowej, widoczne polepszenie jako\u015bci us\u0142ug publicznych.<\/p>\n<p>Niestety opr\u00f3cz niepodwa\u017calnych zalet reform wyst\u0119puj\u0105 te\u017c minusy do kt\u00f3rych przede wszystkim zaliczamy nie do ko\u0144ca udan\u0105 koncepcj\u0119 aktywizacji spo\u0142eczno\u015bci lokalnych. Mieszka\u0144cy z regu\u0142y niech\u0119tnie uczestnicz\u0105 w \u017cyciu publicznym. W Polsce dostrzegalne jest niskie zaufanie spo\u0142eczne. Organizacj\u0119 Trzeciego Sektora wykonuj\u0105 zbyt ma\u0142o us\u0142ug publicznych.<br \/>\nMa\u0142o s\u0142yszymy o efektach realizacyjnych partnerstwa publiczno \u2013 prywatnego.<\/p>\n<p>W\u015br\u00f3d go\u015bci debaty byli przedstawiciele z trzech \u015brodowisk kt\u00f3rzy mieli poprzez 25 lat najwi\u0119ksz\u0105 styczno\u015b\u0107 ze sposobem realizowania transformacji ustrojowej a byli to :<\/p>\n<p>Przedsi\u0119biorcy :<br \/>\nHelena Gontarz \u2013 Prezes PSS Spo\u0142em<br \/>\nMiros\u0142aw Lubarski \u2013 wsp\u00f3\u0142w\u0142a\u015bciciel Grupy PSB \u2013 Polskie Sk\u0142ady Budowlane<\/p>\n<p>Organizacje pozarz\u0105dowe :<br \/>\nks. Stanis\u0142aw S\u0142owik \u2013 dyrektor CARITAS diecezji kieleckiej<br \/>\nMicha\u0142 Braun \u2013 Centrum Wolontariatu<\/p>\n<p>Samorz\u0105dowcy :<br \/>\nMarian Buras \u2013 w\u00f3jt gminy Morawica<br \/>\nRobert Jaworski \u2013 burmistrz Ch\u0119cin<\/p>\n<p>W\u015br\u00f3d zaproszonych go\u015bci by\u0142a r\u00f3wnie\u017c Dr. Lucyna Rajca \u2013 wyk\u0142adowca naszego Instytutu Nauk Politycznych. Pani Dr. Rajca jest jednym z najbardziej znanych i cenionych ekspert\u00f3w w sprawach ustroju i reform samorz\u0105du terytorialnego.<\/p>\n<p>W\u015br\u00f3d go\u015bci nie m\u00f3g\u0142 niestety z nami Prezes Fundacji Demokracji Lokalnej \u2013 Adam Aduszkiewicz kt\u00f3ry jednak skierowa\u0142 poprzez \u0142\u0105cze telefoniczne kilka s\u0142\u00f3w do uczestnik\u00f3w, go\u015bci jak r\u00f3wnie\u017c podkre\u015bli\u0142 jak wa\u017cna powinna by\u0107 dla nas wszystkich transformacja ustrojowa.<\/p>\n","protected":false},"excerpt":{"rendered":"<p>SKN Homo Politicus wsp\u00f3lnie z Fundacj\u0105 Rozwoju Demokracji Lokalnej i Radiem Kielce zoorganizowa\u0142y 23 kwietnia debat\u0119 radiow\u0105, kt\u00f3rej tematyka dotyczy\u0142a podsumowania tego co nam mieszka\u0144com Polski da\u0142a transformacja ustrojowa na prze\u0142omie \u0107wier\u0107wiecza. Reaktywowanie samorz\u0105du terytorialnego by\u0142o jedn\u0105 z najbardziej udanych i donios\u0142ych reform samorz\u0105du terytorialnego. Plusem transformacji mo\u017ce by\u0107 r\u00f3wnie\u017c uznawanie tego \u017ce Polska przez [&hellip;]<\/p>\n","protected":false},"author":1,"featured_media":0,"parent":0,"menu_order":0,"comment_status":"open","ping_status":"open","template":"","meta":{"footnotes":""},"class_list":["post-215","page","type-page","status-publish","hentry"],"yoast_head":"<!-- This site is optimized with the Yoast SEO plugin v24.0 - https:\/\/yoast.com\/wordpress\/plugins\/seo\/ -->\n<title>Debata o transformacji ustrojowej w Radiu Kielce - SKN &quot;Homo Politicus&quot; UJK Kielce<\/title>\n<meta name=\"robots\" content=\"index, follow, max-snippet:-1, max-image-preview:large, max-video-preview:-1\" \/>\n<link rel=\"canonical\" href=\"https:\/\/sknhp.ujk.edu.pl\/?page_id=215\" \/>\n<meta property=\"og:locale\" content=\"pl_PL\" \/>\n<meta property=\"og:type\" content=\"article\" \/>\n<meta property=\"og:title\" content=\"Debata o transformacji ustrojowej w Radiu Kielce - SKN &quot;Homo Politicus&quot; UJK Kielce\" \/>\n<meta property=\"og:description\" content=\"SKN Homo Politicus wsp\u00f3lnie z Fundacj\u0105 Rozwoju Demokracji Lokalnej i Radiem Kielce zoorganizowa\u0142y 23 kwietnia debat\u0119 radiow\u0105, kt\u00f3rej tematyka dotyczy\u0142a podsumowania tego co nam mieszka\u0144com Polski da\u0142a transformacja ustrojowa na prze\u0142omie \u0107wier\u0107wiecza. Reaktywowanie samorz\u0105du terytorialnego by\u0142o jedn\u0105 z najbardziej udanych i donios\u0142ych reform samorz\u0105du terytorialnego. Plusem transformacji mo\u017ce by\u0107 r\u00f3wnie\u017c uznawanie tego \u017ce Polska przez [&hellip;]\" \/>\n<meta property=\"og:url\" content=\"https:\/\/sknhp.ujk.edu.pl\/?page_id=215\" \/>\n<meta property=\"og:site_name\" content=\"SKN &quot;Homo Politicus&quot; UJK Kielce\" \/>\n<meta property=\"article:publisher\" content=\"http:\/\/facebook.com\/sknhp\" \/>\n<meta property=\"og:image\" content=\"https:\/\/sknhp.ujk.edu.pl\/wp-content\/uploads\/2014\/05\/10264535_670621476336659_3164793457941137208_n.jpg\" \/>\n\t<meta property=\"og:image:width\" content=\"960\" \/>\n\t<meta property=\"og:image:height\" content=\"720\" \/>\n\t<meta property=\"og:image:type\" content=\"image\/jpeg\" \/>\n<meta name=\"twitter:card\" content=\"summary_large_image\" \/>\n<meta name=\"twitter:site\" content=\"@sknhp\" \/>\n<meta name=\"twitter:label1\" content=\"Szacowany czas czytania\" \/>\n\t<meta name=\"twitter:data1\" content=\"2 minuty\" \/>\n<script type=\"application\/ld+json\" class=\"yoast-schema-graph\">{\"@context\":\"https:\/\/schema.org\",\"@graph\":[{\"@type\":\"WebPage\",\"@id\":\"https:\/\/sknhp.ujk.edu.pl\/?page_id=215\",\"url\":\"https:\/\/sknhp.ujk.edu.pl\/?page_id=215\",\"name\":\"Debata o transformacji ustrojowej w Radiu Kielce - SKN &quot;Homo Politicus&quot; UJK Kielce\",\"isPartOf\":{\"@id\":\"https:\/\/sknhp.ujk.edu.pl\/#website\"},\"primaryImageOfPage\":{\"@id\":\"https:\/\/sknhp.ujk.edu.pl\/?page_id=215#primaryimage\"},\"image\":{\"@id\":\"https:\/\/sknhp.ujk.edu.pl\/?page_id=215#primaryimage\"},\"thumbnailUrl\":\"https:\/\/sknhp.ujk.edu.pl\/wp-content\/uploads\/2014\/05\/10264535_670621476336659_3164793457941137208_n-300x225.jpg\",\"datePublished\":\"2014-05-02T11:20:03+00:00\",\"dateModified\":\"2014-05-02T11:20:03+00:00\",\"breadcrumb\":{\"@id\":\"https:\/\/sknhp.ujk.edu.pl\/?page_id=215#breadcrumb\"},\"inLanguage\":\"pl-PL\",\"potentialAction\":[{\"@type\":\"ReadAction\",\"target\":[\"https:\/\/sknhp.ujk.edu.pl\/?page_id=215\"]}]},{\"@type\":\"ImageObject\",\"inLanguage\":\"pl-PL\",\"@id\":\"https:\/\/sknhp.ujk.edu.pl\/?page_id=215#primaryimage\",\"url\":\"https:\/\/sknhp.ujk.edu.pl\/wp-content\/uploads\/2014\/05\/10264535_670621476336659_3164793457941137208_n.jpg\",\"contentUrl\":\"https:\/\/sknhp.ujk.edu.pl\/wp-content\/uploads\/2014\/05\/10264535_670621476336659_3164793457941137208_n.jpg\",\"width\":960,\"height\":720},{\"@type\":\"BreadcrumbList\",\"@id\":\"https:\/\/sknhp.ujk.edu.pl\/?page_id=215#breadcrumb\",\"itemListElement\":[{\"@type\":\"ListItem\",\"position\":1,\"name\":\"Home\",\"item\":\"https:\/\/sknhp.ujk.edu.pl\/\"},{\"@type\":\"ListItem\",\"position\":2,\"name\":\"Debata o transformacji ustrojowej w Radiu Kielce\"}]},{\"@type\":\"WebSite\",\"@id\":\"https:\/\/sknhp.ujk.edu.pl\/#website\",\"url\":\"https:\/\/sknhp.ujk.edu.pl\/\",\"name\":\"SKN &quot;Homo Politicus&quot; UJK Kielce\",\"description\":\"Strona oficjalna. Studenckie Ko\u0142o Naukowe &quot;Homo Politicus&quot;. Uniwersytet Jana Kochanowskiego w Kielcach. Instytut Nauk Politycznych. Wydzia\u0142 Zarz\u0105dzania i Administracji.\",\"potentialAction\":[{\"@type\":\"SearchAction\",\"target\":{\"@type\":\"EntryPoint\",\"urlTemplate\":\"https:\/\/sknhp.ujk.edu.pl\/?s={search_term_string}\"},\"query-input\":{\"@type\":\"PropertyValueSpecification\",\"valueRequired\":true,\"valueName\":\"search_term_string\"}}],\"inLanguage\":\"pl-PL\"}]}<\/script>\n<!-- \/ Yoast SEO plugin. -->","yoast_head_json":{"title":"Debata o transformacji ustrojowej w Radiu Kielce - SKN &quot;Homo Politicus&quot; UJK Kielce","robots":{"index":"index","follow":"follow","max-snippet":"max-snippet:-1","max-image-preview":"max-image-preview:large","max-video-preview":"max-video-preview:-1"},"canonical":"https:\/\/sknhp.ujk.edu.pl\/?page_id=215","og_locale":"pl_PL","og_type":"article","og_title":"Debata o transformacji ustrojowej w Radiu Kielce - SKN &quot;Homo Politicus&quot; UJK Kielce","og_description":"SKN Homo Politicus wsp\u00f3lnie z Fundacj\u0105 Rozwoju Demokracji Lokalnej i Radiem Kielce zoorganizowa\u0142y 23 kwietnia debat\u0119 radiow\u0105, kt\u00f3rej tematyka dotyczy\u0142a podsumowania tego co nam mieszka\u0144com Polski da\u0142a transformacja ustrojowa na prze\u0142omie \u0107wier\u0107wiecza. Reaktywowanie samorz\u0105du terytorialnego by\u0142o jedn\u0105 z najbardziej udanych i donios\u0142ych reform samorz\u0105du terytorialnego. Plusem transformacji mo\u017ce by\u0107 r\u00f3wnie\u017c uznawanie tego \u017ce Polska przez [&hellip;]","og_url":"https:\/\/sknhp.ujk.edu.pl\/?page_id=215","og_site_name":"SKN &quot;Homo Politicus&quot; UJK Kielce","article_publisher":"http:\/\/facebook.com\/sknhp","og_image":[{"width":960,"height":720,"url":"https:\/\/sknhp.ujk.edu.pl\/wp-content\/uploads\/2014\/05\/10264535_670621476336659_3164793457941137208_n.jpg","type":"image\/jpeg"}],"twitter_card":"summary_large_image","twitter_site":"@sknhp","twitter_misc":{"Szacowany czas czytania":"2 minuty"},"schema":{"@context":"https:\/\/schema.org","@graph":[{"@type":"WebPage","@id":"https:\/\/sknhp.ujk.edu.pl\/?page_id=215","url":"https:\/\/sknhp.ujk.edu.pl\/?page_id=215","name":"Debata o transformacji ustrojowej w Radiu Kielce - SKN &quot;Homo Politicus&quot; UJK Kielce","isPartOf":{"@id":"https:\/\/sknhp.ujk.edu.pl\/#website"},"primaryImageOfPage":{"@id":"https:\/\/sknhp.ujk.edu.pl\/?page_id=215#primaryimage"},"image":{"@id":"https:\/\/sknhp.ujk.edu.pl\/?page_id=215#primaryimage"},"thumbnailUrl":"https:\/\/sknhp.ujk.edu.pl\/wp-content\/uploads\/2014\/05\/10264535_670621476336659_3164793457941137208_n-300x225.jpg","datePublished":"2014-05-02T11:20:03+00:00","dateModified":"2014-05-02T11:20:03+00:00","breadcrumb":{"@id":"https:\/\/sknhp.ujk.edu.pl\/?page_id=215#breadcrumb"},"inLanguage":"pl-PL","potentialAction":[{"@type":"ReadAction","target":["https:\/\/sknhp.ujk.edu.pl\/?page_id=215"]}]},{"@type":"ImageObject","inLanguage":"pl-PL","@id":"https:\/\/sknhp.ujk.edu.pl\/?page_id=215#primaryimage","url":"https:\/\/sknhp.ujk.edu.pl\/wp-content\/uploads\/2014\/05\/10264535_670621476336659_3164793457941137208_n.jpg","contentUrl":"https:\/\/sknhp.ujk.edu.pl\/wp-content\/uploads\/2014\/05\/10264535_670621476336659_3164793457941137208_n.jpg","width":960,"height":720},{"@type":"BreadcrumbList","@id":"https:\/\/sknhp.ujk.edu.pl\/?page_id=215#breadcrumb","itemListElement":[{"@type":"ListItem","position":1,"name":"Home","item":"https:\/\/sknhp.ujk.edu.pl\/"},{"@type":"ListItem","position":2,"name":"Debata o transformacji ustrojowej w Radiu Kielce"}]},{"@type":"WebSite","@id":"https:\/\/sknhp.ujk.edu.pl\/#website","url":"https:\/\/sknhp.ujk.edu.pl\/","name":"SKN &quot;Homo Politicus&quot; UJK Kielce","description":"Strona oficjalna. Studenckie Ko\u0142o Naukowe &quot;Homo Politicus&quot;. Uniwersytet Jana Kochanowskiego w Kielcach. Instytut Nauk Politycznych. Wydzia\u0142 Zarz\u0105dzania i Administracji.","potentialAction":[{"@type":"SearchAction","target":{"@type":"EntryPoint","urlTemplate":"https:\/\/sknhp.ujk.edu.pl\/?s={search_term_string}"},"query-input":{"@type":"PropertyValueSpecification","valueRequired":true,"valueName":"search_term_string"}}],"inLanguage":"pl-PL"}]}},"_links":{"self":[{"href":"https:\/\/sknhp.ujk.edu.pl\/index.php?rest_route=\/wp\/v2\/pages\/215","targetHints":{"allow":["GET"]}}],"collection":[{"href":"https:\/\/sknhp.ujk.edu.pl\/index.php?rest_route=\/wp\/v2\/pages"}],"about":[{"href":"https:\/\/sknhp.ujk.edu.pl\/index.php?rest_route=\/wp\/v2\/types\/page"}],"author":[{"embeddable":true,"href":"https:\/\/sknhp.ujk.edu.pl\/index.php?rest_route=\/wp\/v2\/users\/1"}],"replies":[{"embeddable":true,"href":"https:\/\/sknhp.ujk.edu.pl\/index.php?rest_route=%2Fwp%2Fv2%2Fcomments&post=215"}],"version-history":[{"count":1,"href":"https:\/\/sknhp.ujk.edu.pl\/index.php?rest_route=\/wp\/v2\/pages\/215\/revisions"}],"predecessor-version":[{"id":216,"href":"https:\/\/sknhp.ujk.edu.pl\/index.php?rest_route=\/wp\/v2\/pages\/215\/revisions\/216"}],"wp:attachment":[{"href":"https:\/\/sknhp.ujk.edu.pl\/index.php?rest_route=%2Fwp%2Fv2%2Fmedia&parent=215"}],"curies":[{"name":"wp","href":"https:\/\/api.w.org\/{rel}","templated":true}]}}