{"id":246,"date":"2014-05-03T23:42:08","date_gmt":"2014-05-03T21:42:08","guid":{"rendered":"https:\/\/sknhp.ujk.edu.pl\/?page_id=246"},"modified":"2014-05-03T23:42:08","modified_gmt":"2014-05-03T21:42:08","slug":"debata-aktywnosci-ludzi-mlodych-zyciu-spolecznym-gimnazjum-suchedniowie","status":"publish","type":"page","link":"https:\/\/sknhp.ujk.edu.pl\/?page_id=246","title":{"rendered":"Debata o aktywno\u015bci ludzi m\u0142odych w \u017cyciu spo\u0142ecznym w Gimnazjum w Suchedniowie"},"content":{"rendered":"<p>27 marca w suchedniowskim Gimnazjum im. \u015bw. Stanis\u0142awa Staszica odby\u0142a si\u0119 debata, w kt\u00f3rej udzia\u0142 wzieli przedstawiciele SKN Homo Politicus : Jakub Maj, Rados\u0142aw Glejzer i Arkadiusz Lewandowski.<\/p>\n<p>Tematyka dotyczy\u0142a przede wszystkim tego jak m\u0142odzi mieszka\u0144cy mog\u0105 wp\u0142ywa\u0107 na to co dzieje si\u0119 i tworzy w ich spo\u0142eczno\u015bci lokalnej.<br \/>\nNazwa tematu brzmia\u0142a : Nie tylko wybory \u2013 czyli jak m\u0142odzi ludzie mog\u0105 wp\u0142ywa\u0107 na rzeczywisto\u015b\u0107 i aktywnie uczestniczy\u0107 w demokracji ?<br \/>\nCho\u0107 temat nie dotyczy\u0142 bezpo\u015brednio wybor\u00f3w lecz na samym pocz\u0105tku uczestnicy dyskusji zastanawiali si\u0119 czy dobrym rozwi\u0105zaniem by\u0142oby obni\u017cenie wieku wyborczego \u2013 na co przede m\u0142odzi ludzie ucz\u0105cy si\u0119 obecnie w gimnazjum suchedniowskim odpowiedzieli \u017ce wed\u0142ug nich ich g\u0142os w tak m\u0142odym wieku nie by\u0142by spraw\u0105 przemy\u015blan\u0105 i odpowiedzialn\u0105 gdy\u017c przede wszystkim w\u015br\u00f3d ich r\u00f3wie\u015bnik\u00f3w przewa\u017ca\u0142aby opcja populizmu wyborczego.<br \/>\nZastanawiali\u015bmy si\u0119 wsp\u00f3lnie jak nale\u017cy przekonywa\u0107 m\u0142odych ludzi do wi\u0119kszej aktywno\u015bci politycznej i tutaj wnioski by\u0142y co najmniej optymistyczne poniewa\u017c m\u0142odzi ludzie ch\u0119tnie dzia\u0142aj\u0105 w stowarzyszeniach jak np. obecnie dzia\u0142aj\u0105ce w Suchedniowie Stowarzyszenie M\u0142odych Suchedniowa potoczniej nazywane SMS \u2013 em.<br \/>\nM\u0142odzi ludzie poruszyli r\u00f3wnie\u017c temat wolontariat\u00f3w, co jest bardzo wa\u017cnym zagadnieniem poprzez to \u017ce obecna m\u0142odzie\u017c zdobywaj\u0105c do\u015bwiadczenie dokonuj\u0105 aktywizacji i dzi\u0119ki niesieniu pomocy innym ludziom zapoznaj\u0105 si\u0119 oni z problemami dotykaj\u0105cymi w ich spo\u0142eczno\u015bci lokalnej a tak\u017ce staj\u0105 si\u0119 bardziej odpowiedzialni za swoj\u0105 ma\u0142\u0105 ojczyzn\u0119.<br \/>\nDebata zawiera\u0142a r\u00f3wnie\u017c analiz\u0119 problem\u00f3w dotykaj\u0105cych samej gminy Suchedni\u00f3w do kt\u00f3rej zaliczaj\u0105 si\u0119 kwestie dotycz\u0105ce rewitalizacji parku, problem zalewu, pojawi\u0142o si\u0119 r\u00f3wnie\u017c pytanie dotycz\u0105ce jak powinna wygl\u0105dac reformacja Suchedniowa.<br \/>\nW spotkaniu wzieli udzia\u0142 min :<br \/>\n\u2013 Zast\u0119pca Burmistrza Miasta i Gminy Suchedni\u00f3w Pan Stanis\u0142aw Kania<br \/>\n\u2013 Dyrektor gimnazjum Pan Zdzis\u0142aw Wojnarski<br \/>\n\u2013 Kordynator wolontariatu Pani Anita So\u0142kiewicz<br \/>\n\u2013 Radni gminy Suchedni\u00f3w : Pan Jacek Odzimek i Pan Pawe\u0142 S\u0142oma<br \/>\n\u2013 za\u0142o\u017cyciele Stowarzyszenia M\u0142odych Suchedniowa Pan Marek Materek, Pan Piotr Herman<br \/>\nDzi\u0119kujemy serdecznie organizatorom za zaproszenie nas do wzi\u0119cia udzia\u0142u w debacie.<\/p>\n","protected":false},"excerpt":{"rendered":"<p>27 marca w suchedniowskim Gimnazjum im. \u015bw. Stanis\u0142awa Staszica odby\u0142a si\u0119 debata, w kt\u00f3rej udzia\u0142 wzieli przedstawiciele SKN Homo Politicus : Jakub Maj, Rados\u0142aw Glejzer i Arkadiusz Lewandowski. Tematyka dotyczy\u0142a przede wszystkim tego jak m\u0142odzi mieszka\u0144cy mog\u0105 wp\u0142ywa\u0107 na to co dzieje si\u0119 i tworzy w ich spo\u0142eczno\u015bci lokalnej. Nazwa tematu brzmia\u0142a : Nie tylko [&hellip;]<\/p>\n","protected":false},"author":3,"featured_media":247,"parent":0,"menu_order":0,"comment_status":"open","ping_status":"open","template":"","meta":{"footnotes":""},"class_list":["post-246","page","type-page","status-publish","has-post-thumbnail","hentry"],"yoast_head":"<!-- This site is optimized with the Yoast SEO plugin v24.0 - https:\/\/yoast.com\/wordpress\/plugins\/seo\/ -->\n<title>Debata o aktywno\u015bci ludzi m\u0142odych w \u017cyciu spo\u0142ecznym w Gimnazjum w Suchedniowie - SKN &quot;Homo Politicus&quot; UJK Kielce<\/title>\n<meta name=\"robots\" content=\"index, follow, max-snippet:-1, max-image-preview:large, max-video-preview:-1\" \/>\n<link rel=\"canonical\" href=\"https:\/\/sknhp.ujk.edu.pl\/?page_id=246\" \/>\n<meta property=\"og:locale\" content=\"pl_PL\" \/>\n<meta property=\"og:type\" content=\"article\" \/>\n<meta property=\"og:title\" content=\"Debata o aktywno\u015bci ludzi m\u0142odych w \u017cyciu spo\u0142ecznym w Gimnazjum w Suchedniowie - SKN &quot;Homo Politicus&quot; UJK Kielce\" \/>\n<meta property=\"og:description\" content=\"27 marca w suchedniowskim Gimnazjum im. \u015bw. Stanis\u0142awa Staszica odby\u0142a si\u0119 debata, w kt\u00f3rej udzia\u0142 wzieli przedstawiciele SKN Homo Politicus : Jakub Maj, Rados\u0142aw Glejzer i Arkadiusz Lewandowski. Tematyka dotyczy\u0142a przede wszystkim tego jak m\u0142odzi mieszka\u0144cy mog\u0105 wp\u0142ywa\u0107 na to co dzieje si\u0119 i tworzy w ich spo\u0142eczno\u015bci lokalnej. Nazwa tematu brzmia\u0142a : Nie tylko [&hellip;]\" \/>\n<meta property=\"og:url\" content=\"https:\/\/sknhp.ujk.edu.pl\/?page_id=246\" \/>\n<meta property=\"og:site_name\" content=\"SKN &quot;Homo Politicus&quot; UJK Kielce\" \/>\n<meta property=\"article:publisher\" content=\"http:\/\/facebook.com\/sknhp\" \/>\n<meta property=\"og:image\" content=\"https:\/\/sknhp.ujk.edu.pl\/wp-content\/uploads\/2014\/05\/1897813_655410941191046_1836287615_n.jpg\" \/>\n\t<meta property=\"og:image:width\" content=\"960\" \/>\n\t<meta property=\"og:image:height\" content=\"720\" \/>\n\t<meta property=\"og:image:type\" content=\"image\/jpeg\" \/>\n<meta name=\"twitter:card\" content=\"summary_large_image\" \/>\n<meta name=\"twitter:site\" content=\"@sknhp\" \/>\n<meta name=\"twitter:label1\" content=\"Szacowany czas czytania\" \/>\n\t<meta name=\"twitter:data1\" content=\"2 minuty\" \/>\n<script type=\"application\/ld+json\" class=\"yoast-schema-graph\">{\"@context\":\"https:\/\/schema.org\",\"@graph\":[{\"@type\":\"WebPage\",\"@id\":\"https:\/\/sknhp.ujk.edu.pl\/?page_id=246\",\"url\":\"https:\/\/sknhp.ujk.edu.pl\/?page_id=246\",\"name\":\"Debata o aktywno\u015bci ludzi m\u0142odych w \u017cyciu spo\u0142ecznym w Gimnazjum w Suchedniowie - SKN &quot;Homo Politicus&quot; UJK Kielce\",\"isPartOf\":{\"@id\":\"https:\/\/sknhp.ujk.edu.pl\/#website\"},\"primaryImageOfPage\":{\"@id\":\"https:\/\/sknhp.ujk.edu.pl\/?page_id=246#primaryimage\"},\"image\":{\"@id\":\"https:\/\/sknhp.ujk.edu.pl\/?page_id=246#primaryimage\"},\"thumbnailUrl\":\"https:\/\/sknhp.ujk.edu.pl\/wp-content\/uploads\/2014\/05\/1897813_655410941191046_1836287615_n.jpg\",\"datePublished\":\"2014-05-03T21:42:08+00:00\",\"dateModified\":\"2014-05-03T21:42:08+00:00\",\"breadcrumb\":{\"@id\":\"https:\/\/sknhp.ujk.edu.pl\/?page_id=246#breadcrumb\"},\"inLanguage\":\"pl-PL\",\"potentialAction\":[{\"@type\":\"ReadAction\",\"target\":[\"https:\/\/sknhp.ujk.edu.pl\/?page_id=246\"]}]},{\"@type\":\"ImageObject\",\"inLanguage\":\"pl-PL\",\"@id\":\"https:\/\/sknhp.ujk.edu.pl\/?page_id=246#primaryimage\",\"url\":\"https:\/\/sknhp.ujk.edu.pl\/wp-content\/uploads\/2014\/05\/1897813_655410941191046_1836287615_n.jpg\",\"contentUrl\":\"https:\/\/sknhp.ujk.edu.pl\/wp-content\/uploads\/2014\/05\/1897813_655410941191046_1836287615_n.jpg\",\"width\":960,\"height\":720},{\"@type\":\"BreadcrumbList\",\"@id\":\"https:\/\/sknhp.ujk.edu.pl\/?page_id=246#breadcrumb\",\"itemListElement\":[{\"@type\":\"ListItem\",\"position\":1,\"name\":\"Home\",\"item\":\"https:\/\/sknhp.ujk.edu.pl\/\"},{\"@type\":\"ListItem\",\"position\":2,\"name\":\"Debata o aktywno\u015bci ludzi m\u0142odych w \u017cyciu spo\u0142ecznym w Gimnazjum w Suchedniowie\"}]},{\"@type\":\"WebSite\",\"@id\":\"https:\/\/sknhp.ujk.edu.pl\/#website\",\"url\":\"https:\/\/sknhp.ujk.edu.pl\/\",\"name\":\"SKN &quot;Homo Politicus&quot; UJK Kielce\",\"description\":\"Strona oficjalna. Studenckie Ko\u0142o Naukowe &quot;Homo Politicus&quot;. Uniwersytet Jana Kochanowskiego w Kielcach. Instytut Nauk Politycznych. Wydzia\u0142 Zarz\u0105dzania i Administracji.\",\"potentialAction\":[{\"@type\":\"SearchAction\",\"target\":{\"@type\":\"EntryPoint\",\"urlTemplate\":\"https:\/\/sknhp.ujk.edu.pl\/?s={search_term_string}\"},\"query-input\":{\"@type\":\"PropertyValueSpecification\",\"valueRequired\":true,\"valueName\":\"search_term_string\"}}],\"inLanguage\":\"pl-PL\"}]}<\/script>\n<!-- \/ Yoast SEO plugin. -->","yoast_head_json":{"title":"Debata o aktywno\u015bci ludzi m\u0142odych w \u017cyciu spo\u0142ecznym w Gimnazjum w Suchedniowie - SKN &quot;Homo Politicus&quot; UJK Kielce","robots":{"index":"index","follow":"follow","max-snippet":"max-snippet:-1","max-image-preview":"max-image-preview:large","max-video-preview":"max-video-preview:-1"},"canonical":"https:\/\/sknhp.ujk.edu.pl\/?page_id=246","og_locale":"pl_PL","og_type":"article","og_title":"Debata o aktywno\u015bci ludzi m\u0142odych w \u017cyciu spo\u0142ecznym w Gimnazjum w Suchedniowie - SKN &quot;Homo Politicus&quot; UJK Kielce","og_description":"27 marca w suchedniowskim Gimnazjum im. \u015bw. Stanis\u0142awa Staszica odby\u0142a si\u0119 debata, w kt\u00f3rej udzia\u0142 wzieli przedstawiciele SKN Homo Politicus : Jakub Maj, Rados\u0142aw Glejzer i Arkadiusz Lewandowski. Tematyka dotyczy\u0142a przede wszystkim tego jak m\u0142odzi mieszka\u0144cy mog\u0105 wp\u0142ywa\u0107 na to co dzieje si\u0119 i tworzy w ich spo\u0142eczno\u015bci lokalnej. Nazwa tematu brzmia\u0142a : Nie tylko [&hellip;]","og_url":"https:\/\/sknhp.ujk.edu.pl\/?page_id=246","og_site_name":"SKN &quot;Homo Politicus&quot; UJK Kielce","article_publisher":"http:\/\/facebook.com\/sknhp","og_image":[{"width":960,"height":720,"url":"https:\/\/sknhp.ujk.edu.pl\/wp-content\/uploads\/2014\/05\/1897813_655410941191046_1836287615_n.jpg","type":"image\/jpeg"}],"twitter_card":"summary_large_image","twitter_site":"@sknhp","twitter_misc":{"Szacowany czas czytania":"2 minuty"},"schema":{"@context":"https:\/\/schema.org","@graph":[{"@type":"WebPage","@id":"https:\/\/sknhp.ujk.edu.pl\/?page_id=246","url":"https:\/\/sknhp.ujk.edu.pl\/?page_id=246","name":"Debata o aktywno\u015bci ludzi m\u0142odych w \u017cyciu spo\u0142ecznym w Gimnazjum w Suchedniowie - SKN &quot;Homo Politicus&quot; UJK Kielce","isPartOf":{"@id":"https:\/\/sknhp.ujk.edu.pl\/#website"},"primaryImageOfPage":{"@id":"https:\/\/sknhp.ujk.edu.pl\/?page_id=246#primaryimage"},"image":{"@id":"https:\/\/sknhp.ujk.edu.pl\/?page_id=246#primaryimage"},"thumbnailUrl":"https:\/\/sknhp.ujk.edu.pl\/wp-content\/uploads\/2014\/05\/1897813_655410941191046_1836287615_n.jpg","datePublished":"2014-05-03T21:42:08+00:00","dateModified":"2014-05-03T21:42:08+00:00","breadcrumb":{"@id":"https:\/\/sknhp.ujk.edu.pl\/?page_id=246#breadcrumb"},"inLanguage":"pl-PL","potentialAction":[{"@type":"ReadAction","target":["https:\/\/sknhp.ujk.edu.pl\/?page_id=246"]}]},{"@type":"ImageObject","inLanguage":"pl-PL","@id":"https:\/\/sknhp.ujk.edu.pl\/?page_id=246#primaryimage","url":"https:\/\/sknhp.ujk.edu.pl\/wp-content\/uploads\/2014\/05\/1897813_655410941191046_1836287615_n.jpg","contentUrl":"https:\/\/sknhp.ujk.edu.pl\/wp-content\/uploads\/2014\/05\/1897813_655410941191046_1836287615_n.jpg","width":960,"height":720},{"@type":"BreadcrumbList","@id":"https:\/\/sknhp.ujk.edu.pl\/?page_id=246#breadcrumb","itemListElement":[{"@type":"ListItem","position":1,"name":"Home","item":"https:\/\/sknhp.ujk.edu.pl\/"},{"@type":"ListItem","position":2,"name":"Debata o aktywno\u015bci ludzi m\u0142odych w \u017cyciu spo\u0142ecznym w Gimnazjum w Suchedniowie"}]},{"@type":"WebSite","@id":"https:\/\/sknhp.ujk.edu.pl\/#website","url":"https:\/\/sknhp.ujk.edu.pl\/","name":"SKN &quot;Homo Politicus&quot; UJK Kielce","description":"Strona oficjalna. Studenckie Ko\u0142o Naukowe &quot;Homo Politicus&quot;. Uniwersytet Jana Kochanowskiego w Kielcach. Instytut Nauk Politycznych. Wydzia\u0142 Zarz\u0105dzania i Administracji.","potentialAction":[{"@type":"SearchAction","target":{"@type":"EntryPoint","urlTemplate":"https:\/\/sknhp.ujk.edu.pl\/?s={search_term_string}"},"query-input":{"@type":"PropertyValueSpecification","valueRequired":true,"valueName":"search_term_string"}}],"inLanguage":"pl-PL"}]}},"_links":{"self":[{"href":"https:\/\/sknhp.ujk.edu.pl\/index.php?rest_route=\/wp\/v2\/pages\/246","targetHints":{"allow":["GET"]}}],"collection":[{"href":"https:\/\/sknhp.ujk.edu.pl\/index.php?rest_route=\/wp\/v2\/pages"}],"about":[{"href":"https:\/\/sknhp.ujk.edu.pl\/index.php?rest_route=\/wp\/v2\/types\/page"}],"author":[{"embeddable":true,"href":"https:\/\/sknhp.ujk.edu.pl\/index.php?rest_route=\/wp\/v2\/users\/3"}],"replies":[{"embeddable":true,"href":"https:\/\/sknhp.ujk.edu.pl\/index.php?rest_route=%2Fwp%2Fv2%2Fcomments&post=246"}],"version-history":[{"count":1,"href":"https:\/\/sknhp.ujk.edu.pl\/index.php?rest_route=\/wp\/v2\/pages\/246\/revisions"}],"predecessor-version":[{"id":248,"href":"https:\/\/sknhp.ujk.edu.pl\/index.php?rest_route=\/wp\/v2\/pages\/246\/revisions\/248"}],"wp:featuredmedia":[{"embeddable":true,"href":"https:\/\/sknhp.ujk.edu.pl\/index.php?rest_route=\/wp\/v2\/media\/247"}],"wp:attachment":[{"href":"https:\/\/sknhp.ujk.edu.pl\/index.php?rest_route=%2Fwp%2Fv2%2Fmedia&parent=246"}],"curies":[{"name":"wp","href":"https:\/\/api.w.org\/{rel}","templated":true}]}}