{"id":281,"date":"2014-05-05T20:58:39","date_gmt":"2014-05-05T18:58:39","guid":{"rendered":"https:\/\/sknhp.ujk.edu.pl\/?page_id=281"},"modified":"2014-09-26T23:13:09","modified_gmt":"2014-09-26T21:13:09","slug":"rekrutacja","status":"publish","type":"page","link":"https:\/\/sknhp.ujk.edu.pl\/?page_id=281","title":{"rendered":"Rekrutacja"},"content":{"rendered":"<p><code><iframe loading=\"lazy\" src=\"https:\/\/docs.google.com\/forms\/d\/1tvkTXPXNKbMLTse-wVWlEgxYlMyUs0Nob5En5lHWdv0\/viewform?embedded=true\" width=\"800\" height=\"1050\" frameborder=\"0\" marginwidth=\"0\" marginheight=\"0\">\u0141adowanie...<\/iframe><\/code><\/p>\n","protected":false},"excerpt":{"rendered":"<p>\u0141adowanie&#8230;<\/p>\n","protected":false},"author":1,"featured_media":0,"parent":0,"menu_order":0,"comment_status":"open","ping_status":"open","template":"","meta":{"footnotes":""},"class_list":["post-281","page","type-page","status-publish","hentry"],"yoast_head":"<!-- This site is optimized with the Yoast SEO plugin v24.0 - https:\/\/yoast.com\/wordpress\/plugins\/seo\/ -->\n<title>Rekrutacja - SKN &quot;Homo Politicus&quot; UJK Kielce<\/title>\n<meta name=\"robots\" content=\"index, follow, max-snippet:-1, max-image-preview:large, max-video-preview:-1\" \/>\n<link rel=\"canonical\" href=\"https:\/\/sknhp.ujk.edu.pl\/?page_id=281\" \/>\n<meta property=\"og:locale\" content=\"pl_PL\" \/>\n<meta property=\"og:type\" content=\"article\" \/>\n<meta property=\"og:title\" content=\"Rekrutacja - SKN &quot;Homo Politicus&quot; UJK Kielce\" \/>\n<meta property=\"og:description\" content=\"\u0141adowanie...\" \/>\n<meta property=\"og:url\" content=\"https:\/\/sknhp.ujk.edu.pl\/?page_id=281\" \/>\n<meta property=\"og:site_name\" content=\"SKN &quot;Homo Politicus&quot; UJK Kielce\" \/>\n<meta property=\"article:publisher\" content=\"http:\/\/facebook.com\/sknhp\" \/>\n<meta property=\"article:modified_time\" content=\"2014-09-26T21:13:09+00:00\" \/>\n<meta name=\"twitter:card\" content=\"summary_large_image\" \/>\n<meta name=\"twitter:site\" content=\"@sknhp\" \/>\n<script type=\"application\/ld+json\" class=\"yoast-schema-graph\">{\"@context\":\"https:\/\/schema.org\",\"@graph\":[{\"@type\":\"WebPage\",\"@id\":\"https:\/\/sknhp.ujk.edu.pl\/?page_id=281\",\"url\":\"https:\/\/sknhp.ujk.edu.pl\/?page_id=281\",\"name\":\"Rekrutacja - SKN &quot;Homo Politicus&quot; UJK Kielce\",\"isPartOf\":{\"@id\":\"https:\/\/sknhp.ujk.edu.pl\/#website\"},\"datePublished\":\"2014-05-05T18:58:39+00:00\",\"dateModified\":\"2014-09-26T21:13:09+00:00\",\"breadcrumb\":{\"@id\":\"https:\/\/sknhp.ujk.edu.pl\/?page_id=281#breadcrumb\"},\"inLanguage\":\"pl-PL\",\"potentialAction\":[{\"@type\":\"ReadAction\",\"target\":[\"https:\/\/sknhp.ujk.edu.pl\/?page_id=281\"]}]},{\"@type\":\"BreadcrumbList\",\"@id\":\"https:\/\/sknhp.ujk.edu.pl\/?page_id=281#breadcrumb\",\"itemListElement\":[{\"@type\":\"ListItem\",\"position\":1,\"name\":\"Home\",\"item\":\"https:\/\/sknhp.ujk.edu.pl\/\"},{\"@type\":\"ListItem\",\"position\":2,\"name\":\"Rekrutacja\"}]},{\"@type\":\"WebSite\",\"@id\":\"https:\/\/sknhp.ujk.edu.pl\/#website\",\"url\":\"https:\/\/sknhp.ujk.edu.pl\/\",\"name\":\"SKN &quot;Homo Politicus&quot; UJK Kielce\",\"description\":\"Strona oficjalna. Studenckie Ko\u0142o Naukowe &quot;Homo Politicus&quot;. Uniwersytet Jana Kochanowskiego w Kielcach. Instytut Nauk Politycznych. Wydzia\u0142 Zarz\u0105dzania i Administracji.\",\"potentialAction\":[{\"@type\":\"SearchAction\",\"target\":{\"@type\":\"EntryPoint\",\"urlTemplate\":\"https:\/\/sknhp.ujk.edu.pl\/?s={search_term_string}\"},\"query-input\":{\"@type\":\"PropertyValueSpecification\",\"valueRequired\":true,\"valueName\":\"search_term_string\"}}],\"inLanguage\":\"pl-PL\"}]}<\/script>\n<!-- \/ Yoast SEO plugin. -->","yoast_head_json":{"title":"Rekrutacja - SKN &quot;Homo Politicus&quot; UJK Kielce","robots":{"index":"index","follow":"follow","max-snippet":"max-snippet:-1","max-image-preview":"max-image-preview:large","max-video-preview":"max-video-preview:-1"},"canonical":"https:\/\/sknhp.ujk.edu.pl\/?page_id=281","og_locale":"pl_PL","og_type":"article","og_title":"Rekrutacja - SKN &quot;Homo Politicus&quot; UJK Kielce","og_description":"\u0141adowanie...","og_url":"https:\/\/sknhp.ujk.edu.pl\/?page_id=281","og_site_name":"SKN &quot;Homo Politicus&quot; UJK Kielce","article_publisher":"http:\/\/facebook.com\/sknhp","article_modified_time":"2014-09-26T21:13:09+00:00","twitter_card":"summary_large_image","twitter_site":"@sknhp","schema":{"@context":"https:\/\/schema.org","@graph":[{"@type":"WebPage","@id":"https:\/\/sknhp.ujk.edu.pl\/?page_id=281","url":"https:\/\/sknhp.ujk.edu.pl\/?page_id=281","name":"Rekrutacja - SKN &quot;Homo Politicus&quot; UJK Kielce","isPartOf":{"@id":"https:\/\/sknhp.ujk.edu.pl\/#website"},"datePublished":"2014-05-05T18:58:39+00:00","dateModified":"2014-09-26T21:13:09+00:00","breadcrumb":{"@id":"https:\/\/sknhp.ujk.edu.pl\/?page_id=281#breadcrumb"},"inLanguage":"pl-PL","potentialAction":[{"@type":"ReadAction","target":["https:\/\/sknhp.ujk.edu.pl\/?page_id=281"]}]},{"@type":"BreadcrumbList","@id":"https:\/\/sknhp.ujk.edu.pl\/?page_id=281#breadcrumb","itemListElement":[{"@type":"ListItem","position":1,"name":"Home","item":"https:\/\/sknhp.ujk.edu.pl\/"},{"@type":"ListItem","position":2,"name":"Rekrutacja"}]},{"@type":"WebSite","@id":"https:\/\/sknhp.ujk.edu.pl\/#website","url":"https:\/\/sknhp.ujk.edu.pl\/","name":"SKN &quot;Homo Politicus&quot; UJK Kielce","description":"Strona oficjalna. Studenckie Ko\u0142o Naukowe &quot;Homo Politicus&quot;. Uniwersytet Jana Kochanowskiego w Kielcach. Instytut Nauk Politycznych. Wydzia\u0142 Zarz\u0105dzania i Administracji.","potentialAction":[{"@type":"SearchAction","target":{"@type":"EntryPoint","urlTemplate":"https:\/\/sknhp.ujk.edu.pl\/?s={search_term_string}"},"query-input":{"@type":"PropertyValueSpecification","valueRequired":true,"valueName":"search_term_string"}}],"inLanguage":"pl-PL"}]}},"_links":{"self":[{"href":"https:\/\/sknhp.ujk.edu.pl\/index.php?rest_route=\/wp\/v2\/pages\/281","targetHints":{"allow":["GET"]}}],"collection":[{"href":"https:\/\/sknhp.ujk.edu.pl\/index.php?rest_route=\/wp\/v2\/pages"}],"about":[{"href":"https:\/\/sknhp.ujk.edu.pl\/index.php?rest_route=\/wp\/v2\/types\/page"}],"author":[{"embeddable":true,"href":"https:\/\/sknhp.ujk.edu.pl\/index.php?rest_route=\/wp\/v2\/users\/1"}],"replies":[{"embeddable":true,"href":"https:\/\/sknhp.ujk.edu.pl\/index.php?rest_route=%2Fwp%2Fv2%2Fcomments&post=281"}],"version-history":[{"count":4,"href":"https:\/\/sknhp.ujk.edu.pl\/index.php?rest_route=\/wp\/v2\/pages\/281\/revisions"}],"predecessor-version":[{"id":480,"href":"https:\/\/sknhp.ujk.edu.pl\/index.php?rest_route=\/wp\/v2\/pages\/281\/revisions\/480"}],"wp:attachment":[{"href":"https:\/\/sknhp.ujk.edu.pl\/index.php?rest_route=%2Fwp%2Fv2%2Fmedia&parent=281"}],"curies":[{"name":"wp","href":"https:\/\/api.w.org\/{rel}","templated":true}]}}