{"id":471,"date":"2014-09-14T17:32:15","date_gmt":"2014-09-14T15:32:15","guid":{"rendered":"https:\/\/sknhp.ujk.edu.pl\/?page_id=471"},"modified":"2014-09-14T17:32:15","modified_gmt":"2014-09-14T15:32:15","slug":"ii-sympozjum-naukowe-dzieci","status":"publish","type":"page","link":"https:\/\/sknhp.ujk.edu.pl\/?page_id=471","title":{"rendered":"II sympozjum naukowe dla dzieci"},"content":{"rendered":"\n\t\t<style type=\"text\/css\">\n\t\t\t#gallery-1 {\n\t\t\t\tmargin: auto;\n\t\t\t}\n\t\t\t#gallery-1 .gallery-item {\n\t\t\t\tfloat: left;\n\t\t\t\tmargin-top: 10px;\n\t\t\t\ttext-align: center;\n\t\t\t\twidth: 33%;\n\t\t\t}\n\t\t\t#gallery-1 img {\n\t\t\t\tborder: 2px solid #cfcfcf;\n\t\t\t}\n\t\t\t#gallery-1 .gallery-caption {\n\t\t\t\tmargin-left: 0;\n\t\t\t}\n\t\t\t\/* see gallery_shortcode() in wp-includes\/media.php *\/\n\t\t<\/style>\n\t\t<div data-carousel-extra='{\"blog_id\":1,\"permalink\":\"https:\\\/\\\/sknhp.ujk.edu.pl\\\/?page_id=471\",\"likes_blog_id\":67981830}' id='gallery-1' class='gallery galleryid-471 gallery-columns-3 gallery-size-thumbnail'><dl class='gallery-item'>\n\t\t\t<dt class='gallery-icon landscape'>\n\t\t\t\t<a href='https:\/\/sknhp.ujk.edu.pl\/?attachment_id=394'><img loading=\"lazy\" decoding=\"async\" width=\"150\" height=\"150\" src=\"https:\/\/sknhp.ujk.edu.pl\/wp-content\/uploads\/2014\/06\/CAM00249-150x150.jpg\" class=\"attachment-thumbnail size-thumbnail\" alt=\"\" srcset=\"https:\/\/sknhp.ujk.edu.pl\/wp-content\/uploads\/2014\/06\/CAM00249-150x150.jpg 150w, https:\/\/sknhp.ujk.edu.pl\/wp-content\/uploads\/2014\/06\/CAM00249-280x280.jpg 280w\" sizes=\"auto, (max-width: 150px) 100vw, 150px\" data-attachment-id=\"394\" data-orig-file=\"https:\/\/sknhp.ujk.edu.pl\/wp-content\/uploads\/2014\/06\/CAM00249.jpg\" data-orig-size=\"3264,2448\" data-comments-opened=\"1\" data-image-meta=\"{&quot;aperture&quot;:&quot;2.4&quot;,&quot;credit&quot;:&quot;Picasa&quot;,&quot;camera&quot;:&quot;LG-P710&quot;,&quot;caption&quot;:&quot;&quot;,&quot;created_timestamp&quot;:&quot;1402053229&quot;,&quot;copyright&quot;:&quot;&quot;,&quot;focal_length&quot;:&quot;3.2&quot;,&quot;iso&quot;:&quot;400&quot;,&quot;shutter_speed&quot;:&quot;0.04&quot;,&quot;title&quot;:&quot;&quot;}\" data-image-title=\"CAM00249\" data-image-description=\"\" data-medium-file=\"https:\/\/sknhp.ujk.edu.pl\/wp-content\/uploads\/2014\/06\/CAM00249-300x225.jpg\" data-large-file=\"https:\/\/sknhp.ujk.edu.pl\/wp-content\/uploads\/2014\/06\/CAM00249-1024x768.jpg\" \/><\/a>\n\t\t\t<\/dt><\/dl><dl class='gallery-item'>\n\t\t\t<dt class='gallery-icon landscape'>\n\t\t\t\t<a href='https:\/\/sknhp.ujk.edu.pl\/?attachment_id=395'><img loading=\"lazy\" decoding=\"async\" width=\"150\" height=\"150\" src=\"https:\/\/sknhp.ujk.edu.pl\/wp-content\/uploads\/2014\/06\/CAM00252-150x150.jpg\" class=\"attachment-thumbnail size-thumbnail\" alt=\"\" srcset=\"https:\/\/sknhp.ujk.edu.pl\/wp-content\/uploads\/2014\/06\/CAM00252-150x150.jpg 150w, https:\/\/sknhp.ujk.edu.pl\/wp-content\/uploads\/2014\/06\/CAM00252-280x280.jpg 280w\" sizes=\"auto, (max-width: 150px) 100vw, 150px\" data-attachment-id=\"395\" data-orig-file=\"https:\/\/sknhp.ujk.edu.pl\/wp-content\/uploads\/2014\/06\/CAM00252.jpg\" data-orig-size=\"3264,2448\" data-comments-opened=\"1\" data-image-meta=\"{&quot;aperture&quot;:&quot;2.4&quot;,&quot;credit&quot;:&quot;Picasa&quot;,&quot;camera&quot;:&quot;LG-P710&quot;,&quot;caption&quot;:&quot;&quot;,&quot;created_timestamp&quot;:&quot;1402053711&quot;,&quot;copyright&quot;:&quot;&quot;,&quot;focal_length&quot;:&quot;3.2&quot;,&quot;iso&quot;:&quot;300&quot;,&quot;shutter_speed&quot;:&quot;0.03030303030303&quot;,&quot;title&quot;:&quot;&quot;}\" data-image-title=\"CAM00252\" data-image-description=\"\" data-medium-file=\"https:\/\/sknhp.ujk.edu.pl\/wp-content\/uploads\/2014\/06\/CAM00252-300x225.jpg\" data-large-file=\"https:\/\/sknhp.ujk.edu.pl\/wp-content\/uploads\/2014\/06\/CAM00252-1024x768.jpg\" \/><\/a>\n\t\t\t<\/dt><\/dl><dl class='gallery-item'>\n\t\t\t<dt class='gallery-icon landscape'>\n\t\t\t\t<a href='https:\/\/sknhp.ujk.edu.pl\/?attachment_id=396'><img loading=\"lazy\" decoding=\"async\" width=\"150\" height=\"150\" src=\"https:\/\/sknhp.ujk.edu.pl\/wp-content\/uploads\/2014\/06\/CAM00258-150x150.jpg\" class=\"attachment-thumbnail size-thumbnail\" alt=\"\" srcset=\"https:\/\/sknhp.ujk.edu.pl\/wp-content\/uploads\/2014\/06\/CAM00258-150x150.jpg 150w, https:\/\/sknhp.ujk.edu.pl\/wp-content\/uploads\/2014\/06\/CAM00258-280x280.jpg 280w\" sizes=\"auto, (max-width: 150px) 100vw, 150px\" data-attachment-id=\"396\" data-orig-file=\"https:\/\/sknhp.ujk.edu.pl\/wp-content\/uploads\/2014\/06\/CAM00258.jpg\" data-orig-size=\"3264,2448\" data-comments-opened=\"1\" data-image-meta=\"{&quot;aperture&quot;:&quot;2.4&quot;,&quot;credit&quot;:&quot;Picasa&quot;,&quot;camera&quot;:&quot;LG-P710&quot;,&quot;caption&quot;:&quot;&quot;,&quot;created_timestamp&quot;:&quot;1402054176&quot;,&quot;copyright&quot;:&quot;&quot;,&quot;focal_length&quot;:&quot;3.2&quot;,&quot;iso&quot;:&quot;400&quot;,&quot;shutter_speed&quot;:&quot;0.04&quot;,&quot;title&quot;:&quot;&quot;}\" data-image-title=\"CAM00258\" data-image-description=\"\" data-medium-file=\"https:\/\/sknhp.ujk.edu.pl\/wp-content\/uploads\/2014\/06\/CAM00258-300x225.jpg\" data-large-file=\"https:\/\/sknhp.ujk.edu.pl\/wp-content\/uploads\/2014\/06\/CAM00258-1024x768.jpg\" \/><\/a>\n\t\t\t<\/dt><\/dl><br style=\"clear: both\" \/><dl class='gallery-item'>\n\t\t\t<dt class='gallery-icon landscape'>\n\t\t\t\t<a href='https:\/\/sknhp.ujk.edu.pl\/?attachment_id=407'><img loading=\"lazy\" decoding=\"async\" width=\"150\" height=\"150\" src=\"https:\/\/sknhp.ujk.edu.pl\/wp-content\/uploads\/2014\/06\/CAM00245-150x150.jpg\" class=\"attachment-thumbnail size-thumbnail\" alt=\"\" srcset=\"https:\/\/sknhp.ujk.edu.pl\/wp-content\/uploads\/2014\/06\/CAM00245-150x150.jpg 150w, https:\/\/sknhp.ujk.edu.pl\/wp-content\/uploads\/2014\/06\/CAM00245-280x280.jpg 280w\" sizes=\"auto, (max-width: 150px) 100vw, 150px\" data-attachment-id=\"407\" data-orig-file=\"https:\/\/sknhp.ujk.edu.pl\/wp-content\/uploads\/2014\/06\/CAM00245.jpg\" data-orig-size=\"600,450\" data-comments-opened=\"1\" data-image-meta=\"{&quot;aperture&quot;:&quot;2.4&quot;,&quot;credit&quot;:&quot;&quot;,&quot;camera&quot;:&quot;LG-P710&quot;,&quot;caption&quot;:&quot;&quot;,&quot;created_timestamp&quot;:&quot;1402052175&quot;,&quot;copyright&quot;:&quot;&quot;,&quot;focal_length&quot;:&quot;3.2&quot;,&quot;iso&quot;:&quot;400&quot;,&quot;shutter_speed&quot;:&quot;0.04&quot;,&quot;title&quot;:&quot;&quot;}\" data-image-title=\"CAM00245\" data-image-description=\"\" data-medium-file=\"https:\/\/sknhp.ujk.edu.pl\/wp-content\/uploads\/2014\/06\/CAM00245.jpg\" data-large-file=\"https:\/\/sknhp.ujk.edu.pl\/wp-content\/uploads\/2014\/06\/CAM00245.jpg\" \/><\/a>\n\t\t\t<\/dt><\/dl><dl class='gallery-item'>\n\t\t\t<dt class='gallery-icon landscape'>\n\t\t\t\t<a href='https:\/\/sknhp.ujk.edu.pl\/?attachment_id=398'><img loading=\"lazy\" decoding=\"async\" width=\"150\" height=\"150\" src=\"https:\/\/sknhp.ujk.edu.pl\/wp-content\/uploads\/2014\/06\/CAM00267-150x150.jpg\" class=\"attachment-thumbnail size-thumbnail\" alt=\"\" srcset=\"https:\/\/sknhp.ujk.edu.pl\/wp-content\/uploads\/2014\/06\/CAM00267-150x150.jpg 150w, https:\/\/sknhp.ujk.edu.pl\/wp-content\/uploads\/2014\/06\/CAM00267-280x280.jpg 280w\" sizes=\"auto, (max-width: 150px) 100vw, 150px\" data-attachment-id=\"398\" data-orig-file=\"https:\/\/sknhp.ujk.edu.pl\/wp-content\/uploads\/2014\/06\/CAM00267.jpg\" data-orig-size=\"3264,2448\" data-comments-opened=\"1\" data-image-meta=\"{&quot;aperture&quot;:&quot;2.4&quot;,&quot;credit&quot;:&quot;Picasa&quot;,&quot;camera&quot;:&quot;LG-P710&quot;,&quot;caption&quot;:&quot;&quot;,&quot;created_timestamp&quot;:&quot;1402054528&quot;,&quot;copyright&quot;:&quot;&quot;,&quot;focal_length&quot;:&quot;3.2&quot;,&quot;iso&quot;:&quot;300&quot;,&quot;shutter_speed&quot;:&quot;0.04&quot;,&quot;title&quot;:&quot;&quot;}\" data-image-title=\"CAM00267\" data-image-description=\"\" data-medium-file=\"https:\/\/sknhp.ujk.edu.pl\/wp-content\/uploads\/2014\/06\/CAM00267-300x225.jpg\" data-large-file=\"https:\/\/sknhp.ujk.edu.pl\/wp-content\/uploads\/2014\/06\/CAM00267-1024x768.jpg\" \/><\/a>\n\t\t\t<\/dt><\/dl><dl class='gallery-item'>\n\t\t\t<dt class='gallery-icon landscape'>\n\t\t\t\t<a href='https:\/\/sknhp.ujk.edu.pl\/?attachment_id=397'><img loading=\"lazy\" decoding=\"async\" width=\"150\" height=\"150\" src=\"https:\/\/sknhp.ujk.edu.pl\/wp-content\/uploads\/2014\/06\/CAM00263-150x150.jpg\" class=\"attachment-thumbnail size-thumbnail\" alt=\"\" srcset=\"https:\/\/sknhp.ujk.edu.pl\/wp-content\/uploads\/2014\/06\/CAM00263-150x150.jpg 150w, https:\/\/sknhp.ujk.edu.pl\/wp-content\/uploads\/2014\/06\/CAM00263-280x280.jpg 280w\" sizes=\"auto, (max-width: 150px) 100vw, 150px\" data-attachment-id=\"397\" data-orig-file=\"https:\/\/sknhp.ujk.edu.pl\/wp-content\/uploads\/2014\/06\/CAM00263.jpg\" data-orig-size=\"3264,2448\" data-comments-opened=\"1\" data-image-meta=\"{&quot;aperture&quot;:&quot;2.4&quot;,&quot;credit&quot;:&quot;Picasa&quot;,&quot;camera&quot;:&quot;LG-P710&quot;,&quot;caption&quot;:&quot;&quot;,&quot;created_timestamp&quot;:&quot;1402054451&quot;,&quot;copyright&quot;:&quot;&quot;,&quot;focal_length&quot;:&quot;3.2&quot;,&quot;iso&quot;:&quot;300&quot;,&quot;shutter_speed&quot;:&quot;0.04&quot;,&quot;title&quot;:&quot;&quot;}\" data-image-title=\"CAM00263\" data-image-description=\"\" data-medium-file=\"https:\/\/sknhp.ujk.edu.pl\/wp-content\/uploads\/2014\/06\/CAM00263-300x225.jpg\" data-large-file=\"https:\/\/sknhp.ujk.edu.pl\/wp-content\/uploads\/2014\/06\/CAM00263-1024x768.jpg\" \/><\/a>\n\t\t\t<\/dt><\/dl><br style=\"clear: both\" \/><dl class='gallery-item'>\n\t\t\t<dt class='gallery-icon landscape'>\n\t\t\t\t<a href='https:\/\/sknhp.ujk.edu.pl\/?attachment_id=392'><img loading=\"lazy\" decoding=\"async\" width=\"150\" height=\"150\" src=\"https:\/\/sknhp.ujk.edu.pl\/wp-content\/uploads\/2014\/06\/CAM00237-150x150.jpg\" class=\"attachment-thumbnail size-thumbnail\" alt=\"\" srcset=\"https:\/\/sknhp.ujk.edu.pl\/wp-content\/uploads\/2014\/06\/CAM00237-150x150.jpg 150w, https:\/\/sknhp.ujk.edu.pl\/wp-content\/uploads\/2014\/06\/CAM00237-280x280.jpg 280w\" sizes=\"auto, (max-width: 150px) 100vw, 150px\" data-attachment-id=\"392\" data-orig-file=\"https:\/\/sknhp.ujk.edu.pl\/wp-content\/uploads\/2014\/06\/CAM00237.jpg\" data-orig-size=\"3264,2448\" data-comments-opened=\"1\" data-image-meta=\"{&quot;aperture&quot;:&quot;2.4&quot;,&quot;credit&quot;:&quot;Picasa&quot;,&quot;camera&quot;:&quot;LG-P710&quot;,&quot;caption&quot;:&quot;&quot;,&quot;created_timestamp&quot;:&quot;1402050710&quot;,&quot;copyright&quot;:&quot;&quot;,&quot;focal_length&quot;:&quot;3.2&quot;,&quot;iso&quot;:&quot;300&quot;,&quot;shutter_speed&quot;:&quot;0.04&quot;,&quot;title&quot;:&quot;&quot;}\" data-image-title=\"CAM00237\" data-image-description=\"\" data-medium-file=\"https:\/\/sknhp.ujk.edu.pl\/wp-content\/uploads\/2014\/06\/CAM00237-300x225.jpg\" data-large-file=\"https:\/\/sknhp.ujk.edu.pl\/wp-content\/uploads\/2014\/06\/CAM00237-1024x768.jpg\" \/><\/a>\n\t\t\t<\/dt><\/dl><dl class='gallery-item'>\n\t\t\t<dt class='gallery-icon landscape'>\n\t\t\t\t<a href='https:\/\/sknhp.ujk.edu.pl\/?attachment_id=399'><img loading=\"lazy\" decoding=\"async\" width=\"150\" height=\"150\" src=\"https:\/\/sknhp.ujk.edu.pl\/wp-content\/uploads\/2014\/06\/CAM00270-150x150.jpg\" class=\"attachment-thumbnail size-thumbnail\" alt=\"\" srcset=\"https:\/\/sknhp.ujk.edu.pl\/wp-content\/uploads\/2014\/06\/CAM00270-150x150.jpg 150w, https:\/\/sknhp.ujk.edu.pl\/wp-content\/uploads\/2014\/06\/CAM00270-280x280.jpg 280w\" sizes=\"auto, (max-width: 150px) 100vw, 150px\" data-attachment-id=\"399\" data-orig-file=\"https:\/\/sknhp.ujk.edu.pl\/wp-content\/uploads\/2014\/06\/CAM00270.jpg\" data-orig-size=\"3264,2448\" data-comments-opened=\"1\" data-image-meta=\"{&quot;aperture&quot;:&quot;2.4&quot;,&quot;credit&quot;:&quot;Picasa&quot;,&quot;camera&quot;:&quot;LG-P710&quot;,&quot;caption&quot;:&quot;&quot;,&quot;created_timestamp&quot;:&quot;1402055006&quot;,&quot;copyright&quot;:&quot;&quot;,&quot;focal_length&quot;:&quot;3.2&quot;,&quot;iso&quot;:&quot;300&quot;,&quot;shutter_speed&quot;:&quot;0.02&quot;,&quot;title&quot;:&quot;&quot;}\" data-image-title=\"CAM00270\" data-image-description=\"\" data-medium-file=\"https:\/\/sknhp.ujk.edu.pl\/wp-content\/uploads\/2014\/06\/CAM00270-300x225.jpg\" data-large-file=\"https:\/\/sknhp.ujk.edu.pl\/wp-content\/uploads\/2014\/06\/CAM00270-1024x768.jpg\" \/><\/a>\n\t\t\t<\/dt><\/dl>\n\t\t\t<br style='clear: both' \/>\n\t\t<\/div>\n\n","protected":false},"excerpt":{"rendered":"","protected":false},"author":1,"featured_media":0,"parent":0,"menu_order":0,"comment_status":"closed","ping_status":"open","template":"","meta":{"footnotes":""},"class_list":["post-471","page","type-page","status-publish","hentry"],"yoast_head":"<!-- This site is optimized with the Yoast SEO plugin v24.0 - https:\/\/yoast.com\/wordpress\/plugins\/seo\/ -->\n<title>II sympozjum naukowe dla dzieci  - SKN &quot;Homo Politicus&quot; UJK Kielce<\/title>\n<meta name=\"robots\" content=\"index, follow, max-snippet:-1, max-image-preview:large, max-video-preview:-1\" \/>\n<link rel=\"canonical\" href=\"https:\/\/sknhp.ujk.edu.pl\/?page_id=471\" \/>\n<meta property=\"og:locale\" content=\"pl_PL\" \/>\n<meta property=\"og:type\" content=\"article\" \/>\n<meta property=\"og:title\" content=\"II sympozjum naukowe dla dzieci  - SKN &quot;Homo Politicus&quot; UJK Kielce\" \/>\n<meta property=\"og:url\" content=\"https:\/\/sknhp.ujk.edu.pl\/?page_id=471\" \/>\n<meta property=\"og:site_name\" content=\"SKN &quot;Homo Politicus&quot; UJK Kielce\" \/>\n<meta property=\"article:publisher\" content=\"http:\/\/facebook.com\/sknhp\" \/>\n<meta property=\"og:image\" content=\"https:\/\/sknhp.ujk.edu.pl\/wp-content\/uploads\/2014\/06\/CAM00249-150x150.jpg\" \/>\n<meta name=\"twitter:card\" content=\"summary_large_image\" \/>\n<meta name=\"twitter:site\" content=\"@sknhp\" \/>\n<script type=\"application\/ld+json\" class=\"yoast-schema-graph\">{\"@context\":\"https:\/\/schema.org\",\"@graph\":[{\"@type\":\"WebPage\",\"@id\":\"https:\/\/sknhp.ujk.edu.pl\/?page_id=471\",\"url\":\"https:\/\/sknhp.ujk.edu.pl\/?page_id=471\",\"name\":\"II sympozjum naukowe dla dzieci - SKN &quot;Homo Politicus&quot; UJK Kielce\",\"isPartOf\":{\"@id\":\"https:\/\/sknhp.ujk.edu.pl\/#website\"},\"datePublished\":\"2014-09-14T15:32:15+00:00\",\"dateModified\":\"2014-09-14T15:32:15+00:00\",\"breadcrumb\":{\"@id\":\"https:\/\/sknhp.ujk.edu.pl\/?page_id=471#breadcrumb\"},\"inLanguage\":\"pl-PL\",\"potentialAction\":[{\"@type\":\"ReadAction\",\"target\":[\"https:\/\/sknhp.ujk.edu.pl\/?page_id=471\"]}]},{\"@type\":\"BreadcrumbList\",\"@id\":\"https:\/\/sknhp.ujk.edu.pl\/?page_id=471#breadcrumb\",\"itemListElement\":[{\"@type\":\"ListItem\",\"position\":1,\"name\":\"Home\",\"item\":\"https:\/\/sknhp.ujk.edu.pl\/\"},{\"@type\":\"ListItem\",\"position\":2,\"name\":\"II sympozjum naukowe dla dzieci\"}]},{\"@type\":\"WebSite\",\"@id\":\"https:\/\/sknhp.ujk.edu.pl\/#website\",\"url\":\"https:\/\/sknhp.ujk.edu.pl\/\",\"name\":\"SKN &quot;Homo Politicus&quot; UJK Kielce\",\"description\":\"Strona oficjalna. Studenckie Ko\u0142o Naukowe &quot;Homo Politicus&quot;. Uniwersytet Jana Kochanowskiego w Kielcach. Instytut Nauk Politycznych. Wydzia\u0142 Zarz\u0105dzania i Administracji.\",\"potentialAction\":[{\"@type\":\"SearchAction\",\"target\":{\"@type\":\"EntryPoint\",\"urlTemplate\":\"https:\/\/sknhp.ujk.edu.pl\/?s={search_term_string}\"},\"query-input\":{\"@type\":\"PropertyValueSpecification\",\"valueRequired\":true,\"valueName\":\"search_term_string\"}}],\"inLanguage\":\"pl-PL\"}]}<\/script>\n<!-- \/ Yoast SEO plugin. -->","yoast_head_json":{"title":"II sympozjum naukowe dla dzieci  - SKN &quot;Homo Politicus&quot; UJK Kielce","robots":{"index":"index","follow":"follow","max-snippet":"max-snippet:-1","max-image-preview":"max-image-preview:large","max-video-preview":"max-video-preview:-1"},"canonical":"https:\/\/sknhp.ujk.edu.pl\/?page_id=471","og_locale":"pl_PL","og_type":"article","og_title":"II sympozjum naukowe dla dzieci  - SKN &quot;Homo Politicus&quot; UJK Kielce","og_url":"https:\/\/sknhp.ujk.edu.pl\/?page_id=471","og_site_name":"SKN &quot;Homo Politicus&quot; UJK Kielce","article_publisher":"http:\/\/facebook.com\/sknhp","og_image":[{"url":"https:\/\/sknhp.ujk.edu.pl\/wp-content\/uploads\/2014\/06\/CAM00249-150x150.jpg","type":"","width":"","height":""}],"twitter_card":"summary_large_image","twitter_site":"@sknhp","schema":{"@context":"https:\/\/schema.org","@graph":[{"@type":"WebPage","@id":"https:\/\/sknhp.ujk.edu.pl\/?page_id=471","url":"https:\/\/sknhp.ujk.edu.pl\/?page_id=471","name":"II sympozjum naukowe dla dzieci - SKN &quot;Homo Politicus&quot; UJK Kielce","isPartOf":{"@id":"https:\/\/sknhp.ujk.edu.pl\/#website"},"datePublished":"2014-09-14T15:32:15+00:00","dateModified":"2014-09-14T15:32:15+00:00","breadcrumb":{"@id":"https:\/\/sknhp.ujk.edu.pl\/?page_id=471#breadcrumb"},"inLanguage":"pl-PL","potentialAction":[{"@type":"ReadAction","target":["https:\/\/sknhp.ujk.edu.pl\/?page_id=471"]}]},{"@type":"BreadcrumbList","@id":"https:\/\/sknhp.ujk.edu.pl\/?page_id=471#breadcrumb","itemListElement":[{"@type":"ListItem","position":1,"name":"Home","item":"https:\/\/sknhp.ujk.edu.pl\/"},{"@type":"ListItem","position":2,"name":"II sympozjum naukowe dla dzieci"}]},{"@type":"WebSite","@id":"https:\/\/sknhp.ujk.edu.pl\/#website","url":"https:\/\/sknhp.ujk.edu.pl\/","name":"SKN &quot;Homo Politicus&quot; UJK Kielce","description":"Strona oficjalna. Studenckie Ko\u0142o Naukowe &quot;Homo Politicus&quot;. Uniwersytet Jana Kochanowskiego w Kielcach. Instytut Nauk Politycznych. Wydzia\u0142 Zarz\u0105dzania i Administracji.","potentialAction":[{"@type":"SearchAction","target":{"@type":"EntryPoint","urlTemplate":"https:\/\/sknhp.ujk.edu.pl\/?s={search_term_string}"},"query-input":{"@type":"PropertyValueSpecification","valueRequired":true,"valueName":"search_term_string"}}],"inLanguage":"pl-PL"}]}},"_links":{"self":[{"href":"https:\/\/sknhp.ujk.edu.pl\/index.php?rest_route=\/wp\/v2\/pages\/471","targetHints":{"allow":["GET"]}}],"collection":[{"href":"https:\/\/sknhp.ujk.edu.pl\/index.php?rest_route=\/wp\/v2\/pages"}],"about":[{"href":"https:\/\/sknhp.ujk.edu.pl\/index.php?rest_route=\/wp\/v2\/types\/page"}],"author":[{"embeddable":true,"href":"https:\/\/sknhp.ujk.edu.pl\/index.php?rest_route=\/wp\/v2\/users\/1"}],"replies":[{"embeddable":true,"href":"https:\/\/sknhp.ujk.edu.pl\/index.php?rest_route=%2Fwp%2Fv2%2Fcomments&post=471"}],"version-history":[{"count":1,"href":"https:\/\/sknhp.ujk.edu.pl\/index.php?rest_route=\/wp\/v2\/pages\/471\/revisions"}],"predecessor-version":[{"id":472,"href":"https:\/\/sknhp.ujk.edu.pl\/index.php?rest_route=\/wp\/v2\/pages\/471\/revisions\/472"}],"wp:attachment":[{"href":"https:\/\/sknhp.ujk.edu.pl\/index.php?rest_route=%2Fwp%2Fv2%2Fmedia&parent=471"}],"curies":[{"name":"wp","href":"https:\/\/api.w.org\/{rel}","templated":true}]}}