{"id":488,"date":"2014-10-18T12:59:47","date_gmt":"2014-10-18T10:59:47","guid":{"rendered":"https:\/\/sknhp.ujk.edu.pl\/?page_id=488"},"modified":"2014-10-18T12:59:47","modified_gmt":"2014-10-18T10:59:47","slug":"prace-naukowe-polska","status":"publish","type":"page","link":"https:\/\/sknhp.ujk.edu.pl\/?page_id=488","title":{"rendered":"Prace naukowe &#8211; Polska"},"content":{"rendered":"<p><a href=\"https:\/\/sknhp.ujk.edu.pl\/prace\/pl.pdf\" target=\"_blank\">Polityki lokalne na podstawie ochrony zdrowia i pomocy spo\u0142ecznej &#8211; Kamila Witecka<\/a><\/p>\n<p><a href=\"https:\/\/sknhp.ujk.edu.pl\/prace\/swe.pdf\" target=\"_blank\">Stosunki Wyznaniowe i Etniczne w Polsce &#8211; Kamil Wo\u0142ek<\/a><\/p>\n<p><a href=\"https:\/\/sknhp.ujk.edu.pl\/prace\/kp.docx\" target=\"_blank\">Konflikty partyjne na podstawie Platformy Obywatelskiej &#8211; Kamila Witecka, Paulina Tutaj, \u0141ukasz Trojak, Zbigniew Zaj\u0119cki, \u0141ukasz Wietraszuk<\/a><\/p>\n<p><a href=\"https:\/\/sknhp.ujk.edu.pl\/prace\/zzp.pdf\" target=\"_blank\">Zaw\u00f3d zaufania publicznego &#8211; piel\u0119gniarka. Samorz\u0105d piel\u0119gniarek i po\u0142o\u017cnych &#8211; Kamil Wo\u0142ek<\/a><\/p>\n","protected":false},"excerpt":{"rendered":"<p>Polityki lokalne na podstawie ochrony zdrowia i pomocy spo\u0142ecznej &#8211; Kamila Witecka Stosunki Wyznaniowe i Etniczne w Polsce &#8211; Kamil Wo\u0142ek Konflikty partyjne na podstawie Platformy Obywatelskiej &#8211; Kamila Witecka, Paulina Tutaj, \u0141ukasz Trojak, Zbigniew Zaj\u0119cki, \u0141ukasz Wietraszuk Zaw\u00f3d zaufania publicznego &#8211; piel\u0119gniarka. Samorz\u0105d piel\u0119gniarek i po\u0142o\u017cnych &#8211; Kamil Wo\u0142ek<\/p>\n","protected":false},"author":1,"featured_media":0,"parent":0,"menu_order":0,"comment_status":"closed","ping_status":"open","template":"","meta":{"footnotes":""},"class_list":["post-488","page","type-page","status-publish","hentry"],"yoast_head":"<!-- This site is optimized with the Yoast SEO plugin v24.0 - https:\/\/yoast.com\/wordpress\/plugins\/seo\/ -->\n<title>Prace naukowe - Polska - SKN &quot;Homo Politicus&quot; UJK Kielce<\/title>\n<meta name=\"robots\" content=\"index, follow, max-snippet:-1, max-image-preview:large, max-video-preview:-1\" \/>\n<link rel=\"canonical\" href=\"https:\/\/sknhp.ujk.edu.pl\/?page_id=488\" \/>\n<meta property=\"og:locale\" content=\"pl_PL\" \/>\n<meta property=\"og:type\" content=\"article\" \/>\n<meta property=\"og:title\" content=\"Prace naukowe - Polska - SKN &quot;Homo Politicus&quot; UJK Kielce\" \/>\n<meta property=\"og:description\" content=\"Polityki lokalne na podstawie ochrony zdrowia i pomocy spo\u0142ecznej &#8211; Kamila Witecka Stosunki Wyznaniowe i Etniczne w Polsce &#8211; Kamil Wo\u0142ek Konflikty partyjne na podstawie Platformy Obywatelskiej &#8211; Kamila Witecka, Paulina Tutaj, \u0141ukasz Trojak, Zbigniew Zaj\u0119cki, \u0141ukasz Wietraszuk Zaw\u00f3d zaufania publicznego &#8211; piel\u0119gniarka. Samorz\u0105d piel\u0119gniarek i po\u0142o\u017cnych &#8211; Kamil Wo\u0142ek\" \/>\n<meta property=\"og:url\" content=\"https:\/\/sknhp.ujk.edu.pl\/?page_id=488\" \/>\n<meta property=\"og:site_name\" content=\"SKN &quot;Homo Politicus&quot; UJK Kielce\" \/>\n<meta property=\"article:publisher\" content=\"http:\/\/facebook.com\/sknhp\" \/>\n<meta name=\"twitter:card\" content=\"summary_large_image\" \/>\n<meta name=\"twitter:site\" content=\"@sknhp\" \/>\n<script type=\"application\/ld+json\" class=\"yoast-schema-graph\">{\"@context\":\"https:\/\/schema.org\",\"@graph\":[{\"@type\":\"WebPage\",\"@id\":\"https:\/\/sknhp.ujk.edu.pl\/?page_id=488\",\"url\":\"https:\/\/sknhp.ujk.edu.pl\/?page_id=488\",\"name\":\"Prace naukowe - Polska - SKN &quot;Homo Politicus&quot; UJK Kielce\",\"isPartOf\":{\"@id\":\"https:\/\/sknhp.ujk.edu.pl\/#website\"},\"datePublished\":\"2014-10-18T10:59:47+00:00\",\"dateModified\":\"2014-10-18T10:59:47+00:00\",\"breadcrumb\":{\"@id\":\"https:\/\/sknhp.ujk.edu.pl\/?page_id=488#breadcrumb\"},\"inLanguage\":\"pl-PL\",\"potentialAction\":[{\"@type\":\"ReadAction\",\"target\":[\"https:\/\/sknhp.ujk.edu.pl\/?page_id=488\"]}]},{\"@type\":\"BreadcrumbList\",\"@id\":\"https:\/\/sknhp.ujk.edu.pl\/?page_id=488#breadcrumb\",\"itemListElement\":[{\"@type\":\"ListItem\",\"position\":1,\"name\":\"Home\",\"item\":\"https:\/\/sknhp.ujk.edu.pl\/\"},{\"@type\":\"ListItem\",\"position\":2,\"name\":\"Prace naukowe &#8211; Polska\"}]},{\"@type\":\"WebSite\",\"@id\":\"https:\/\/sknhp.ujk.edu.pl\/#website\",\"url\":\"https:\/\/sknhp.ujk.edu.pl\/\",\"name\":\"SKN &quot;Homo Politicus&quot; UJK Kielce\",\"description\":\"Strona oficjalna. Studenckie Ko\u0142o Naukowe &quot;Homo Politicus&quot;. Uniwersytet Jana Kochanowskiego w Kielcach. Instytut Nauk Politycznych. Wydzia\u0142 Zarz\u0105dzania i Administracji.\",\"potentialAction\":[{\"@type\":\"SearchAction\",\"target\":{\"@type\":\"EntryPoint\",\"urlTemplate\":\"https:\/\/sknhp.ujk.edu.pl\/?s={search_term_string}\"},\"query-input\":{\"@type\":\"PropertyValueSpecification\",\"valueRequired\":true,\"valueName\":\"search_term_string\"}}],\"inLanguage\":\"pl-PL\"}]}<\/script>\n<!-- \/ Yoast SEO plugin. -->","yoast_head_json":{"title":"Prace naukowe - Polska - SKN &quot;Homo Politicus&quot; UJK Kielce","robots":{"index":"index","follow":"follow","max-snippet":"max-snippet:-1","max-image-preview":"max-image-preview:large","max-video-preview":"max-video-preview:-1"},"canonical":"https:\/\/sknhp.ujk.edu.pl\/?page_id=488","og_locale":"pl_PL","og_type":"article","og_title":"Prace naukowe - Polska - SKN &quot;Homo Politicus&quot; UJK Kielce","og_description":"Polityki lokalne na podstawie ochrony zdrowia i pomocy spo\u0142ecznej &#8211; Kamila Witecka Stosunki Wyznaniowe i Etniczne w Polsce &#8211; Kamil Wo\u0142ek Konflikty partyjne na podstawie Platformy Obywatelskiej &#8211; Kamila Witecka, Paulina Tutaj, \u0141ukasz Trojak, Zbigniew Zaj\u0119cki, \u0141ukasz Wietraszuk Zaw\u00f3d zaufania publicznego &#8211; piel\u0119gniarka. Samorz\u0105d piel\u0119gniarek i po\u0142o\u017cnych &#8211; Kamil Wo\u0142ek","og_url":"https:\/\/sknhp.ujk.edu.pl\/?page_id=488","og_site_name":"SKN &quot;Homo Politicus&quot; UJK Kielce","article_publisher":"http:\/\/facebook.com\/sknhp","twitter_card":"summary_large_image","twitter_site":"@sknhp","schema":{"@context":"https:\/\/schema.org","@graph":[{"@type":"WebPage","@id":"https:\/\/sknhp.ujk.edu.pl\/?page_id=488","url":"https:\/\/sknhp.ujk.edu.pl\/?page_id=488","name":"Prace naukowe - Polska - SKN &quot;Homo Politicus&quot; UJK Kielce","isPartOf":{"@id":"https:\/\/sknhp.ujk.edu.pl\/#website"},"datePublished":"2014-10-18T10:59:47+00:00","dateModified":"2014-10-18T10:59:47+00:00","breadcrumb":{"@id":"https:\/\/sknhp.ujk.edu.pl\/?page_id=488#breadcrumb"},"inLanguage":"pl-PL","potentialAction":[{"@type":"ReadAction","target":["https:\/\/sknhp.ujk.edu.pl\/?page_id=488"]}]},{"@type":"BreadcrumbList","@id":"https:\/\/sknhp.ujk.edu.pl\/?page_id=488#breadcrumb","itemListElement":[{"@type":"ListItem","position":1,"name":"Home","item":"https:\/\/sknhp.ujk.edu.pl\/"},{"@type":"ListItem","position":2,"name":"Prace naukowe &#8211; Polska"}]},{"@type":"WebSite","@id":"https:\/\/sknhp.ujk.edu.pl\/#website","url":"https:\/\/sknhp.ujk.edu.pl\/","name":"SKN &quot;Homo Politicus&quot; UJK Kielce","description":"Strona oficjalna. Studenckie Ko\u0142o Naukowe &quot;Homo Politicus&quot;. Uniwersytet Jana Kochanowskiego w Kielcach. Instytut Nauk Politycznych. Wydzia\u0142 Zarz\u0105dzania i Administracji.","potentialAction":[{"@type":"SearchAction","target":{"@type":"EntryPoint","urlTemplate":"https:\/\/sknhp.ujk.edu.pl\/?s={search_term_string}"},"query-input":{"@type":"PropertyValueSpecification","valueRequired":true,"valueName":"search_term_string"}}],"inLanguage":"pl-PL"}]}},"_links":{"self":[{"href":"https:\/\/sknhp.ujk.edu.pl\/index.php?rest_route=\/wp\/v2\/pages\/488","targetHints":{"allow":["GET"]}}],"collection":[{"href":"https:\/\/sknhp.ujk.edu.pl\/index.php?rest_route=\/wp\/v2\/pages"}],"about":[{"href":"https:\/\/sknhp.ujk.edu.pl\/index.php?rest_route=\/wp\/v2\/types\/page"}],"author":[{"embeddable":true,"href":"https:\/\/sknhp.ujk.edu.pl\/index.php?rest_route=\/wp\/v2\/users\/1"}],"replies":[{"embeddable":true,"href":"https:\/\/sknhp.ujk.edu.pl\/index.php?rest_route=%2Fwp%2Fv2%2Fcomments&post=488"}],"version-history":[{"count":1,"href":"https:\/\/sknhp.ujk.edu.pl\/index.php?rest_route=\/wp\/v2\/pages\/488\/revisions"}],"predecessor-version":[{"id":489,"href":"https:\/\/sknhp.ujk.edu.pl\/index.php?rest_route=\/wp\/v2\/pages\/488\/revisions\/489"}],"wp:attachment":[{"href":"https:\/\/sknhp.ujk.edu.pl\/index.php?rest_route=%2Fwp%2Fv2%2Fmedia&parent=488"}],"curies":[{"name":"wp","href":"https:\/\/api.w.org\/{rel}","templated":true}]}}