{"id":51,"date":"2014-05-01T15:43:55","date_gmt":"2014-05-01T13:43:55","guid":{"rendered":"https:\/\/sknhp.ujk.edu.pl\/?page_id=51"},"modified":"2014-05-01T18:49:37","modified_gmt":"2014-05-01T16:49:37","slug":"o-nas","status":"publish","type":"page","link":"https:\/\/sknhp.ujk.edu.pl\/?page_id=51","title":{"rendered":"Historia"},"content":{"rendered":"<p style=\"text-align: center;\">\n<p style=\"text-align: center;\"><a href=\"https:\/\/sknhp.ujk.edu.pl\/wp-content\/uploads\/2014\/05\/1016291_618739431524864_256670913_n.jpg\"><img loading=\"lazy\" decoding=\"async\" class=\"aligncenter size-full wp-image-76\" src=\"https:\/\/sknhp.ujk.edu.pl\/wp-content\/uploads\/2014\/05\/1016291_618739431524864_256670913_n.jpg\" alt=\"1016291_618739431524864_256670913_n\" width=\"308\" height=\"203\" srcset=\"https:\/\/sknhp.ujk.edu.pl\/wp-content\/uploads\/2014\/05\/1016291_618739431524864_256670913_n.jpg 308w, https:\/\/sknhp.ujk.edu.pl\/wp-content\/uploads\/2014\/05\/1016291_618739431524864_256670913_n-300x197.jpg 300w\" sizes=\"auto, (max-width: 308px) 100vw, 308px\" \/><\/a><\/p>\n<p style=\"text-align: center;\"><strong>Powsta\u0142o w czerwcu 1999 roku jako pierwsze ko\u0142o naukowe Instytutu Nauk Politycznych. Jego za\u0142o\u017cycielami byli studenci pierwszych rocznik\u00f3w politologii i nauk spo\u0142ecznych. Kilku z nich jest obecnie pracownikami naukowymi Instytutu. Powo\u0142anie SKN &#8222;Homo Politicus&#8221; zainicjowa\u0142 dr hab. prof UJK Kazimierz Kik w odpowiedzi na potrzeby \u015brodowiska studenckiego zwi\u0105zanego z Instytutem. Zajmuje si\u0119 problematyk\u0105 m\u0142odzie\u017cy w Unii Europejskiej &#8211; jej perspektyw edukacyjnych i rozwojowych, zagadnieniami spo\u0142eczno\u015bci lokalnych i sposob\u00f3w ich aktywizacji oraz szeroko poj\u0119t\u0105 problematyk\u0105 politologiczn\u0105. Opiekunami naukowymi ko\u0142a s\u0105 aktualnie: dr hab. prof UJK Kazimierz Kik, dr Agnieszka Zaremba. SKN &#8222;Homo Politicus&#8221; organizuje szereg konferencji, debat naukowych, a tak\u017ce ch\u0119tnie odpowiada na inicjatywy i zaproszenia pochodz\u0105ce od innych instytucji i organizacji.<\/strong><\/p>\n","protected":false},"excerpt":{"rendered":"<p>Powsta\u0142o w czerwcu 1999 roku jako pierwsze ko\u0142o naukowe Instytutu Nauk Politycznych. Jego za\u0142o\u017cycielami byli studenci pierwszych rocznik\u00f3w politologii i nauk spo\u0142ecznych. Kilku z nich jest obecnie pracownikami naukowymi Instytutu. Powo\u0142anie SKN &#8222;Homo Politicus&#8221; zainicjowa\u0142 dr hab. prof UJK Kazimierz Kik w odpowiedzi na potrzeby \u015brodowiska studenckiego zwi\u0105zanego z Instytutem. Zajmuje si\u0119 problematyk\u0105 m\u0142odzie\u017cy w [&hellip;]<\/p>\n","protected":false},"author":1,"featured_media":0,"parent":0,"menu_order":0,"comment_status":"open","ping_status":"open","template":"","meta":{"footnotes":""},"class_list":["post-51","page","type-page","status-publish","hentry"],"yoast_head":"<!-- This site is optimized with the Yoast SEO plugin v24.0 - https:\/\/yoast.com\/wordpress\/plugins\/seo\/ -->\n<title>Historia - SKN &quot;Homo Politicus&quot; UJK Kielce<\/title>\n<meta name=\"robots\" content=\"index, follow, max-snippet:-1, max-image-preview:large, max-video-preview:-1\" \/>\n<link rel=\"canonical\" href=\"https:\/\/sknhp.ujk.edu.pl\/?page_id=51\" \/>\n<meta property=\"og:locale\" content=\"pl_PL\" \/>\n<meta property=\"og:type\" content=\"article\" \/>\n<meta property=\"og:title\" content=\"Historia - SKN &quot;Homo Politicus&quot; UJK Kielce\" \/>\n<meta property=\"og:description\" content=\"Powsta\u0142o w czerwcu 1999 roku jako pierwsze ko\u0142o naukowe Instytutu Nauk Politycznych. Jego za\u0142o\u017cycielami byli studenci pierwszych rocznik\u00f3w politologii i nauk spo\u0142ecznych. Kilku z nich jest obecnie pracownikami naukowymi Instytutu. Powo\u0142anie SKN &#8222;Homo Politicus&#8221; zainicjowa\u0142 dr hab. prof UJK Kazimierz Kik w odpowiedzi na potrzeby \u015brodowiska studenckiego zwi\u0105zanego z Instytutem. Zajmuje si\u0119 problematyk\u0105 m\u0142odzie\u017cy w [&hellip;]\" \/>\n<meta property=\"og:url\" content=\"https:\/\/sknhp.ujk.edu.pl\/?page_id=51\" \/>\n<meta property=\"og:site_name\" content=\"SKN &quot;Homo Politicus&quot; UJK Kielce\" \/>\n<meta property=\"article:publisher\" content=\"http:\/\/facebook.com\/sknhp\" \/>\n<meta property=\"article:modified_time\" content=\"2014-05-01T16:49:37+00:00\" \/>\n<meta property=\"og:image\" content=\"https:\/\/sknhp.ujk.edu.pl\/wp-content\/uploads\/2014\/05\/1016291_618739431524864_256670913_n.jpg\" \/>\n\t<meta property=\"og:image:width\" content=\"308\" \/>\n\t<meta property=\"og:image:height\" content=\"203\" \/>\n\t<meta property=\"og:image:type\" content=\"image\/jpeg\" \/>\n<meta name=\"twitter:card\" content=\"summary_large_image\" \/>\n<meta name=\"twitter:site\" content=\"@sknhp\" \/>\n<meta name=\"twitter:label1\" content=\"Szacowany czas czytania\" \/>\n\t<meta name=\"twitter:data1\" content=\"1 minuta\" \/>\n<script type=\"application\/ld+json\" class=\"yoast-schema-graph\">{\"@context\":\"https:\/\/schema.org\",\"@graph\":[{\"@type\":\"WebPage\",\"@id\":\"https:\/\/sknhp.ujk.edu.pl\/?page_id=51\",\"url\":\"https:\/\/sknhp.ujk.edu.pl\/?page_id=51\",\"name\":\"Historia - SKN &quot;Homo Politicus&quot; UJK Kielce\",\"isPartOf\":{\"@id\":\"https:\/\/sknhp.ujk.edu.pl\/#website\"},\"primaryImageOfPage\":{\"@id\":\"https:\/\/sknhp.ujk.edu.pl\/?page_id=51#primaryimage\"},\"image\":{\"@id\":\"https:\/\/sknhp.ujk.edu.pl\/?page_id=51#primaryimage\"},\"thumbnailUrl\":\"https:\/\/sknhp.ujk.edu.pl\/wp-content\/uploads\/2014\/05\/1016291_618739431524864_256670913_n.jpg\",\"datePublished\":\"2014-05-01T13:43:55+00:00\",\"dateModified\":\"2014-05-01T16:49:37+00:00\",\"breadcrumb\":{\"@id\":\"https:\/\/sknhp.ujk.edu.pl\/?page_id=51#breadcrumb\"},\"inLanguage\":\"pl-PL\",\"potentialAction\":[{\"@type\":\"ReadAction\",\"target\":[\"https:\/\/sknhp.ujk.edu.pl\/?page_id=51\"]}]},{\"@type\":\"ImageObject\",\"inLanguage\":\"pl-PL\",\"@id\":\"https:\/\/sknhp.ujk.edu.pl\/?page_id=51#primaryimage\",\"url\":\"https:\/\/sknhp.ujk.edu.pl\/wp-content\/uploads\/2014\/05\/1016291_618739431524864_256670913_n.jpg\",\"contentUrl\":\"https:\/\/sknhp.ujk.edu.pl\/wp-content\/uploads\/2014\/05\/1016291_618739431524864_256670913_n.jpg\",\"width\":308,\"height\":203},{\"@type\":\"BreadcrumbList\",\"@id\":\"https:\/\/sknhp.ujk.edu.pl\/?page_id=51#breadcrumb\",\"itemListElement\":[{\"@type\":\"ListItem\",\"position\":1,\"name\":\"Home\",\"item\":\"https:\/\/sknhp.ujk.edu.pl\/\"},{\"@type\":\"ListItem\",\"position\":2,\"name\":\"Historia\"}]},{\"@type\":\"WebSite\",\"@id\":\"https:\/\/sknhp.ujk.edu.pl\/#website\",\"url\":\"https:\/\/sknhp.ujk.edu.pl\/\",\"name\":\"SKN &quot;Homo Politicus&quot; UJK Kielce\",\"description\":\"Strona oficjalna. Studenckie Ko\u0142o Naukowe &quot;Homo Politicus&quot;. Uniwersytet Jana Kochanowskiego w Kielcach. Instytut Nauk Politycznych. Wydzia\u0142 Zarz\u0105dzania i Administracji.\",\"potentialAction\":[{\"@type\":\"SearchAction\",\"target\":{\"@type\":\"EntryPoint\",\"urlTemplate\":\"https:\/\/sknhp.ujk.edu.pl\/?s={search_term_string}\"},\"query-input\":{\"@type\":\"PropertyValueSpecification\",\"valueRequired\":true,\"valueName\":\"search_term_string\"}}],\"inLanguage\":\"pl-PL\"}]}<\/script>\n<!-- \/ Yoast SEO plugin. -->","yoast_head_json":{"title":"Historia - SKN &quot;Homo Politicus&quot; UJK Kielce","robots":{"index":"index","follow":"follow","max-snippet":"max-snippet:-1","max-image-preview":"max-image-preview:large","max-video-preview":"max-video-preview:-1"},"canonical":"https:\/\/sknhp.ujk.edu.pl\/?page_id=51","og_locale":"pl_PL","og_type":"article","og_title":"Historia - SKN &quot;Homo Politicus&quot; UJK Kielce","og_description":"Powsta\u0142o w czerwcu 1999 roku jako pierwsze ko\u0142o naukowe Instytutu Nauk Politycznych. Jego za\u0142o\u017cycielami byli studenci pierwszych rocznik\u00f3w politologii i nauk spo\u0142ecznych. Kilku z nich jest obecnie pracownikami naukowymi Instytutu. Powo\u0142anie SKN &#8222;Homo Politicus&#8221; zainicjowa\u0142 dr hab. prof UJK Kazimierz Kik w odpowiedzi na potrzeby \u015brodowiska studenckiego zwi\u0105zanego z Instytutem. Zajmuje si\u0119 problematyk\u0105 m\u0142odzie\u017cy w [&hellip;]","og_url":"https:\/\/sknhp.ujk.edu.pl\/?page_id=51","og_site_name":"SKN &quot;Homo Politicus&quot; UJK Kielce","article_publisher":"http:\/\/facebook.com\/sknhp","article_modified_time":"2014-05-01T16:49:37+00:00","og_image":[{"width":308,"height":203,"url":"https:\/\/sknhp.ujk.edu.pl\/wp-content\/uploads\/2014\/05\/1016291_618739431524864_256670913_n.jpg","type":"image\/jpeg"}],"twitter_card":"summary_large_image","twitter_site":"@sknhp","twitter_misc":{"Szacowany czas czytania":"1 minuta"},"schema":{"@context":"https:\/\/schema.org","@graph":[{"@type":"WebPage","@id":"https:\/\/sknhp.ujk.edu.pl\/?page_id=51","url":"https:\/\/sknhp.ujk.edu.pl\/?page_id=51","name":"Historia - SKN &quot;Homo Politicus&quot; UJK Kielce","isPartOf":{"@id":"https:\/\/sknhp.ujk.edu.pl\/#website"},"primaryImageOfPage":{"@id":"https:\/\/sknhp.ujk.edu.pl\/?page_id=51#primaryimage"},"image":{"@id":"https:\/\/sknhp.ujk.edu.pl\/?page_id=51#primaryimage"},"thumbnailUrl":"https:\/\/sknhp.ujk.edu.pl\/wp-content\/uploads\/2014\/05\/1016291_618739431524864_256670913_n.jpg","datePublished":"2014-05-01T13:43:55+00:00","dateModified":"2014-05-01T16:49:37+00:00","breadcrumb":{"@id":"https:\/\/sknhp.ujk.edu.pl\/?page_id=51#breadcrumb"},"inLanguage":"pl-PL","potentialAction":[{"@type":"ReadAction","target":["https:\/\/sknhp.ujk.edu.pl\/?page_id=51"]}]},{"@type":"ImageObject","inLanguage":"pl-PL","@id":"https:\/\/sknhp.ujk.edu.pl\/?page_id=51#primaryimage","url":"https:\/\/sknhp.ujk.edu.pl\/wp-content\/uploads\/2014\/05\/1016291_618739431524864_256670913_n.jpg","contentUrl":"https:\/\/sknhp.ujk.edu.pl\/wp-content\/uploads\/2014\/05\/1016291_618739431524864_256670913_n.jpg","width":308,"height":203},{"@type":"BreadcrumbList","@id":"https:\/\/sknhp.ujk.edu.pl\/?page_id=51#breadcrumb","itemListElement":[{"@type":"ListItem","position":1,"name":"Home","item":"https:\/\/sknhp.ujk.edu.pl\/"},{"@type":"ListItem","position":2,"name":"Historia"}]},{"@type":"WebSite","@id":"https:\/\/sknhp.ujk.edu.pl\/#website","url":"https:\/\/sknhp.ujk.edu.pl\/","name":"SKN &quot;Homo Politicus&quot; UJK Kielce","description":"Strona oficjalna. Studenckie Ko\u0142o Naukowe &quot;Homo Politicus&quot;. Uniwersytet Jana Kochanowskiego w Kielcach. Instytut Nauk Politycznych. Wydzia\u0142 Zarz\u0105dzania i Administracji.","potentialAction":[{"@type":"SearchAction","target":{"@type":"EntryPoint","urlTemplate":"https:\/\/sknhp.ujk.edu.pl\/?s={search_term_string}"},"query-input":{"@type":"PropertyValueSpecification","valueRequired":true,"valueName":"search_term_string"}}],"inLanguage":"pl-PL"}]}},"_links":{"self":[{"href":"https:\/\/sknhp.ujk.edu.pl\/index.php?rest_route=\/wp\/v2\/pages\/51","targetHints":{"allow":["GET"]}}],"collection":[{"href":"https:\/\/sknhp.ujk.edu.pl\/index.php?rest_route=\/wp\/v2\/pages"}],"about":[{"href":"https:\/\/sknhp.ujk.edu.pl\/index.php?rest_route=\/wp\/v2\/types\/page"}],"author":[{"embeddable":true,"href":"https:\/\/sknhp.ujk.edu.pl\/index.php?rest_route=\/wp\/v2\/users\/1"}],"replies":[{"embeddable":true,"href":"https:\/\/sknhp.ujk.edu.pl\/index.php?rest_route=%2Fwp%2Fv2%2Fcomments&post=51"}],"version-history":[{"count":3,"href":"https:\/\/sknhp.ujk.edu.pl\/index.php?rest_route=\/wp\/v2\/pages\/51\/revisions"}],"predecessor-version":[{"id":77,"href":"https:\/\/sknhp.ujk.edu.pl\/index.php?rest_route=\/wp\/v2\/pages\/51\/revisions\/77"}],"wp:attachment":[{"href":"https:\/\/sknhp.ujk.edu.pl\/index.php?rest_route=%2Fwp%2Fv2%2Fmedia&parent=51"}],"curies":[{"name":"wp","href":"https:\/\/api.w.org\/{rel}","templated":true}]}}