{"id":566,"date":"2014-11-27T00:36:31","date_gmt":"2014-11-26T23:36:31","guid":{"rendered":"https:\/\/sknhp.ujk.edu.pl\/?page_id=566"},"modified":"2014-11-27T00:36:31","modified_gmt":"2014-11-26T23:36:31","slug":"x-kieleckie-dni-przedsiebiorczosci-akademickiej","status":"publish","type":"page","link":"https:\/\/sknhp.ujk.edu.pl\/?page_id=566","title":{"rendered":"X Kieleckie Dni Przedsi\u0119biorczo\u015bci Akademickiej"},"content":{"rendered":"\n\t\t<style type=\"text\/css\">\n\t\t\t#gallery-1 {\n\t\t\t\tmargin: auto;\n\t\t\t}\n\t\t\t#gallery-1 .gallery-item {\n\t\t\t\tfloat: left;\n\t\t\t\tmargin-top: 10px;\n\t\t\t\ttext-align: center;\n\t\t\t\twidth: 33%;\n\t\t\t}\n\t\t\t#gallery-1 img {\n\t\t\t\tborder: 2px solid #cfcfcf;\n\t\t\t}\n\t\t\t#gallery-1 .gallery-caption {\n\t\t\t\tmargin-left: 0;\n\t\t\t}\n\t\t\t\/* see gallery_shortcode() in wp-includes\/media.php *\/\n\t\t<\/style>\n\t\t<div data-carousel-extra='{\"blog_id\":1,\"permalink\":\"https:\\\/\\\/sknhp.ujk.edu.pl\\\/?page_id=566\",\"likes_blog_id\":67981830}' id='gallery-1' class='gallery galleryid-566 gallery-columns-3 gallery-size-thumbnail'><dl class='gallery-item'>\n\t\t\t<dt class='gallery-icon landscape'>\n\t\t\t\t<a href='https:\/\/sknhp.ujk.edu.pl\/?attachment_id=567'><img loading=\"lazy\" decoding=\"async\" width=\"150\" height=\"150\" src=\"https:\/\/sknhp.ujk.edu.pl\/wp-content\/uploads\/2014\/11\/10349002_841891239189466_6392073431177499618_n-150x150.jpg\" class=\"attachment-thumbnail size-thumbnail\" alt=\"\" srcset=\"https:\/\/sknhp.ujk.edu.pl\/wp-content\/uploads\/2014\/11\/10349002_841891239189466_6392073431177499618_n-150x150.jpg 150w, https:\/\/sknhp.ujk.edu.pl\/wp-content\/uploads\/2014\/11\/10349002_841891239189466_6392073431177499618_n-280x280.jpg 280w\" sizes=\"auto, (max-width: 150px) 100vw, 150px\" data-attachment-id=\"567\" data-orig-file=\"https:\/\/sknhp.ujk.edu.pl\/wp-content\/uploads\/2014\/11\/10349002_841891239189466_6392073431177499618_n.jpg\" data-orig-size=\"960,642\" data-comments-opened=\"0\" data-image-meta=\"{&quot;aperture&quot;:&quot;0&quot;,&quot;credit&quot;:&quot;&quot;,&quot;camera&quot;:&quot;&quot;,&quot;caption&quot;:&quot;&quot;,&quot;created_timestamp&quot;:&quot;0&quot;,&quot;copyright&quot;:&quot;&quot;,&quot;focal_length&quot;:&quot;0&quot;,&quot;iso&quot;:&quot;0&quot;,&quot;shutter_speed&quot;:&quot;0&quot;,&quot;title&quot;:&quot;&quot;,&quot;orientation&quot;:&quot;0&quot;}\" data-image-title=\"10349002_841891239189466_6392073431177499618_n\" data-image-description=\"\" data-medium-file=\"https:\/\/sknhp.ujk.edu.pl\/wp-content\/uploads\/2014\/11\/10349002_841891239189466_6392073431177499618_n-800x535.jpg\" data-large-file=\"https:\/\/sknhp.ujk.edu.pl\/wp-content\/uploads\/2014\/11\/10349002_841891239189466_6392073431177499618_n.jpg\" \/><\/a>\n\t\t\t<\/dt><\/dl><dl class='gallery-item'>\n\t\t\t<dt class='gallery-icon landscape'>\n\t\t\t\t<a href='https:\/\/sknhp.ujk.edu.pl\/?attachment_id=569'><img loading=\"lazy\" decoding=\"async\" width=\"150\" height=\"150\" src=\"https:\/\/sknhp.ujk.edu.pl\/wp-content\/uploads\/2014\/11\/100_0631-150x150.jpg\" class=\"attachment-thumbnail size-thumbnail\" alt=\"\" srcset=\"https:\/\/sknhp.ujk.edu.pl\/wp-content\/uploads\/2014\/11\/100_0631-150x150.jpg 150w, https:\/\/sknhp.ujk.edu.pl\/wp-content\/uploads\/2014\/11\/100_0631-280x280.jpg 280w\" sizes=\"auto, (max-width: 150px) 100vw, 150px\" data-attachment-id=\"569\" data-orig-file=\"https:\/\/sknhp.ujk.edu.pl\/wp-content\/uploads\/2014\/11\/100_0631.jpg\" data-orig-size=\"4288,3216\" data-comments-opened=\"0\" data-image-meta=\"{&quot;aperture&quot;:&quot;3.3&quot;,&quot;credit&quot;:&quot;&quot;,&quot;camera&quot;:&quot;KODAK EASYSHARE C195 Digital Camera&quot;,&quot;caption&quot;:&quot;&quot;,&quot;created_timestamp&quot;:&quot;1415935454&quot;,&quot;copyright&quot;:&quot;&quot;,&quot;focal_length&quot;:&quot;5.9&quot;,&quot;iso&quot;:&quot;160&quot;,&quot;shutter_speed&quot;:&quot;0.066667&quot;,&quot;title&quot;:&quot;&quot;,&quot;orientation&quot;:&quot;1&quot;}\" data-image-title=\"100_0631\" data-image-description=\"\" data-medium-file=\"https:\/\/sknhp.ujk.edu.pl\/wp-content\/uploads\/2014\/11\/100_0631-800x600.jpg\" data-large-file=\"https:\/\/sknhp.ujk.edu.pl\/wp-content\/uploads\/2014\/11\/100_0631-1024x768.jpg\" \/><\/a>\n\t\t\t<\/dt><\/dl><dl class='gallery-item'>\n\t\t\t<dt class='gallery-icon landscape'>\n\t\t\t\t<a href='https:\/\/sknhp.ujk.edu.pl\/?attachment_id=568'><img loading=\"lazy\" decoding=\"async\" width=\"150\" height=\"150\" src=\"https:\/\/sknhp.ujk.edu.pl\/wp-content\/uploads\/2014\/11\/100_0629-150x150.jpg\" class=\"attachment-thumbnail size-thumbnail\" alt=\"\" srcset=\"https:\/\/sknhp.ujk.edu.pl\/wp-content\/uploads\/2014\/11\/100_0629-150x150.jpg 150w, https:\/\/sknhp.ujk.edu.pl\/wp-content\/uploads\/2014\/11\/100_0629-280x280.jpg 280w\" sizes=\"auto, (max-width: 150px) 100vw, 150px\" data-attachment-id=\"568\" data-orig-file=\"https:\/\/sknhp.ujk.edu.pl\/wp-content\/uploads\/2014\/11\/100_0629.jpg\" data-orig-size=\"4288,3216\" data-comments-opened=\"0\" data-image-meta=\"{&quot;aperture&quot;:&quot;3.3&quot;,&quot;credit&quot;:&quot;Picasa&quot;,&quot;camera&quot;:&quot;KODAK EASYSHARE C195 Digital Camera&quot;,&quot;caption&quot;:&quot;&quot;,&quot;created_timestamp&quot;:&quot;1415935420&quot;,&quot;copyright&quot;:&quot;&quot;,&quot;focal_length&quot;:&quot;5.9&quot;,&quot;iso&quot;:&quot;160&quot;,&quot;shutter_speed&quot;:&quot;0.066667&quot;,&quot;title&quot;:&quot;&quot;,&quot;orientation&quot;:&quot;0&quot;}\" data-image-title=\"100_0629\" data-image-description=\"\" data-medium-file=\"https:\/\/sknhp.ujk.edu.pl\/wp-content\/uploads\/2014\/11\/100_0629-800x600.jpg\" data-large-file=\"https:\/\/sknhp.ujk.edu.pl\/wp-content\/uploads\/2014\/11\/100_0629-1024x768.jpg\" \/><\/a>\n\t\t\t<\/dt><\/dl><br style=\"clear: both\" \/><dl class='gallery-item'>\n\t\t\t<dt class='gallery-icon landscape'>\n\t\t\t\t<a href='https:\/\/sknhp.ujk.edu.pl\/?attachment_id=570'><img loading=\"lazy\" decoding=\"async\" width=\"150\" height=\"150\" src=\"https:\/\/sknhp.ujk.edu.pl\/wp-content\/uploads\/2014\/11\/DSC_2010-150x150.jpg\" class=\"attachment-thumbnail size-thumbnail\" alt=\"\" srcset=\"https:\/\/sknhp.ujk.edu.pl\/wp-content\/uploads\/2014\/11\/DSC_2010-150x150.jpg 150w, https:\/\/sknhp.ujk.edu.pl\/wp-content\/uploads\/2014\/11\/DSC_2010-280x280.jpg 280w\" sizes=\"auto, (max-width: 150px) 100vw, 150px\" data-attachment-id=\"570\" data-orig-file=\"https:\/\/sknhp.ujk.edu.pl\/wp-content\/uploads\/2014\/11\/DSC_2010.jpg\" data-orig-size=\"6016,3376\" data-comments-opened=\"0\" data-image-meta=\"{&quot;aperture&quot;:&quot;3.5&quot;,&quot;credit&quot;:&quot;&quot;,&quot;camera&quot;:&quot;NIKON D600&quot;,&quot;caption&quot;:&quot;&quot;,&quot;created_timestamp&quot;:&quot;1417000154&quot;,&quot;copyright&quot;:&quot;&quot;,&quot;focal_length&quot;:&quot;24&quot;,&quot;iso&quot;:&quot;800&quot;,&quot;shutter_speed&quot;:&quot;0.025&quot;,&quot;title&quot;:&quot;&quot;,&quot;orientation&quot;:&quot;1&quot;}\" data-image-title=\"DSC_2010\" data-image-description=\"\" data-medium-file=\"https:\/\/sknhp.ujk.edu.pl\/wp-content\/uploads\/2014\/11\/DSC_2010-800x448.jpg\" data-large-file=\"https:\/\/sknhp.ujk.edu.pl\/wp-content\/uploads\/2014\/11\/DSC_2010-1024x574.jpg\" \/><\/a>\n\t\t\t<\/dt><\/dl><dl class='gallery-item'>\n\t\t\t<dt class='gallery-icon landscape'>\n\t\t\t\t<a href='https:\/\/sknhp.ujk.edu.pl\/?attachment_id=571'><img loading=\"lazy\" decoding=\"async\" width=\"150\" height=\"150\" src=\"https:\/\/sknhp.ujk.edu.pl\/wp-content\/uploads\/2014\/11\/e5a28c25c2bec65b93a53d0624de2962-150x150.jpg\" class=\"attachment-thumbnail size-thumbnail\" alt=\"\" srcset=\"https:\/\/sknhp.ujk.edu.pl\/wp-content\/uploads\/2014\/11\/e5a28c25c2bec65b93a53d0624de2962-150x150.jpg 150w, https:\/\/sknhp.ujk.edu.pl\/wp-content\/uploads\/2014\/11\/e5a28c25c2bec65b93a53d0624de2962-280x280.jpg 280w\" sizes=\"auto, (max-width: 150px) 100vw, 150px\" data-attachment-id=\"571\" data-orig-file=\"https:\/\/sknhp.ujk.edu.pl\/wp-content\/uploads\/2014\/11\/e5a28c25c2bec65b93a53d0624de2962.jpg\" data-orig-size=\"788,444\" data-comments-opened=\"0\" data-image-meta=\"{&quot;aperture&quot;:&quot;0&quot;,&quot;credit&quot;:&quot;&quot;,&quot;camera&quot;:&quot;&quot;,&quot;caption&quot;:&quot;&quot;,&quot;created_timestamp&quot;:&quot;0&quot;,&quot;copyright&quot;:&quot;&quot;,&quot;focal_length&quot;:&quot;0&quot;,&quot;iso&quot;:&quot;0&quot;,&quot;shutter_speed&quot;:&quot;0&quot;,&quot;title&quot;:&quot;&quot;,&quot;orientation&quot;:&quot;0&quot;}\" data-image-title=\"e5a28c25c2bec65b93a53d0624de2962\" data-image-description=\"\" data-medium-file=\"https:\/\/sknhp.ujk.edu.pl\/wp-content\/uploads\/2014\/11\/e5a28c25c2bec65b93a53d0624de2962.jpg\" data-large-file=\"https:\/\/sknhp.ujk.edu.pl\/wp-content\/uploads\/2014\/11\/e5a28c25c2bec65b93a53d0624de2962.jpg\" \/><\/a>\n\t\t\t<\/dt><\/dl>\n\t\t\t<br style='clear: both' \/>\n\t\t<\/div>\n\n","protected":false},"excerpt":{"rendered":"","protected":false},"author":1,"featured_media":0,"parent":0,"menu_order":0,"comment_status":"closed","ping_status":"open","template":"","meta":{"footnotes":""},"class_list":["post-566","page","type-page","status-publish","hentry"],"yoast_head":"<!-- This site is optimized with the Yoast SEO plugin v24.0 - https:\/\/yoast.com\/wordpress\/plugins\/seo\/ -->\n<title>X Kieleckie Dni Przedsi\u0119biorczo\u015bci Akademickiej - SKN &quot;Homo Politicus&quot; UJK Kielce<\/title>\n<meta name=\"robots\" content=\"index, follow, max-snippet:-1, max-image-preview:large, max-video-preview:-1\" \/>\n<link rel=\"canonical\" href=\"https:\/\/sknhp.ujk.edu.pl\/?page_id=566\" \/>\n<meta property=\"og:locale\" content=\"pl_PL\" \/>\n<meta property=\"og:type\" content=\"article\" \/>\n<meta property=\"og:title\" content=\"X Kieleckie Dni Przedsi\u0119biorczo\u015bci Akademickiej - SKN &quot;Homo Politicus&quot; UJK Kielce\" \/>\n<meta property=\"og:url\" content=\"https:\/\/sknhp.ujk.edu.pl\/?page_id=566\" \/>\n<meta property=\"og:site_name\" content=\"SKN &quot;Homo Politicus&quot; UJK Kielce\" \/>\n<meta property=\"article:publisher\" content=\"http:\/\/facebook.com\/sknhp\" \/>\n<meta property=\"og:image\" content=\"https:\/\/sknhp.ujk.edu.pl\/wp-content\/uploads\/2014\/11\/10349002_841891239189466_6392073431177499618_n-150x150.jpg\" \/>\n<meta name=\"twitter:card\" content=\"summary_large_image\" \/>\n<meta name=\"twitter:site\" content=\"@sknhp\" \/>\n<script type=\"application\/ld+json\" class=\"yoast-schema-graph\">{\"@context\":\"https:\/\/schema.org\",\"@graph\":[{\"@type\":\"WebPage\",\"@id\":\"https:\/\/sknhp.ujk.edu.pl\/?page_id=566\",\"url\":\"https:\/\/sknhp.ujk.edu.pl\/?page_id=566\",\"name\":\"X Kieleckie Dni Przedsi\u0119biorczo\u015bci Akademickiej - SKN &quot;Homo Politicus&quot; UJK Kielce\",\"isPartOf\":{\"@id\":\"https:\/\/sknhp.ujk.edu.pl\/#website\"},\"datePublished\":\"2014-11-26T23:36:31+00:00\",\"dateModified\":\"2014-11-26T23:36:31+00:00\",\"breadcrumb\":{\"@id\":\"https:\/\/sknhp.ujk.edu.pl\/?page_id=566#breadcrumb\"},\"inLanguage\":\"pl-PL\",\"potentialAction\":[{\"@type\":\"ReadAction\",\"target\":[\"https:\/\/sknhp.ujk.edu.pl\/?page_id=566\"]}]},{\"@type\":\"BreadcrumbList\",\"@id\":\"https:\/\/sknhp.ujk.edu.pl\/?page_id=566#breadcrumb\",\"itemListElement\":[{\"@type\":\"ListItem\",\"position\":1,\"name\":\"Home\",\"item\":\"https:\/\/sknhp.ujk.edu.pl\/\"},{\"@type\":\"ListItem\",\"position\":2,\"name\":\"X Kieleckie Dni Przedsi\u0119biorczo\u015bci Akademickiej\"}]},{\"@type\":\"WebSite\",\"@id\":\"https:\/\/sknhp.ujk.edu.pl\/#website\",\"url\":\"https:\/\/sknhp.ujk.edu.pl\/\",\"name\":\"SKN &quot;Homo Politicus&quot; UJK Kielce\",\"description\":\"Strona oficjalna. Studenckie Ko\u0142o Naukowe &quot;Homo Politicus&quot;. Uniwersytet Jana Kochanowskiego w Kielcach. Instytut Nauk Politycznych. Wydzia\u0142 Zarz\u0105dzania i Administracji.\",\"potentialAction\":[{\"@type\":\"SearchAction\",\"target\":{\"@type\":\"EntryPoint\",\"urlTemplate\":\"https:\/\/sknhp.ujk.edu.pl\/?s={search_term_string}\"},\"query-input\":{\"@type\":\"PropertyValueSpecification\",\"valueRequired\":true,\"valueName\":\"search_term_string\"}}],\"inLanguage\":\"pl-PL\"}]}<\/script>\n<!-- \/ Yoast SEO plugin. -->","yoast_head_json":{"title":"X Kieleckie Dni Przedsi\u0119biorczo\u015bci Akademickiej - SKN &quot;Homo Politicus&quot; UJK Kielce","robots":{"index":"index","follow":"follow","max-snippet":"max-snippet:-1","max-image-preview":"max-image-preview:large","max-video-preview":"max-video-preview:-1"},"canonical":"https:\/\/sknhp.ujk.edu.pl\/?page_id=566","og_locale":"pl_PL","og_type":"article","og_title":"X Kieleckie Dni Przedsi\u0119biorczo\u015bci Akademickiej - SKN &quot;Homo Politicus&quot; UJK Kielce","og_url":"https:\/\/sknhp.ujk.edu.pl\/?page_id=566","og_site_name":"SKN &quot;Homo Politicus&quot; UJK Kielce","article_publisher":"http:\/\/facebook.com\/sknhp","og_image":[{"url":"https:\/\/sknhp.ujk.edu.pl\/wp-content\/uploads\/2014\/11\/10349002_841891239189466_6392073431177499618_n-150x150.jpg","type":"","width":"","height":""}],"twitter_card":"summary_large_image","twitter_site":"@sknhp","schema":{"@context":"https:\/\/schema.org","@graph":[{"@type":"WebPage","@id":"https:\/\/sknhp.ujk.edu.pl\/?page_id=566","url":"https:\/\/sknhp.ujk.edu.pl\/?page_id=566","name":"X Kieleckie Dni Przedsi\u0119biorczo\u015bci Akademickiej - SKN &quot;Homo Politicus&quot; UJK Kielce","isPartOf":{"@id":"https:\/\/sknhp.ujk.edu.pl\/#website"},"datePublished":"2014-11-26T23:36:31+00:00","dateModified":"2014-11-26T23:36:31+00:00","breadcrumb":{"@id":"https:\/\/sknhp.ujk.edu.pl\/?page_id=566#breadcrumb"},"inLanguage":"pl-PL","potentialAction":[{"@type":"ReadAction","target":["https:\/\/sknhp.ujk.edu.pl\/?page_id=566"]}]},{"@type":"BreadcrumbList","@id":"https:\/\/sknhp.ujk.edu.pl\/?page_id=566#breadcrumb","itemListElement":[{"@type":"ListItem","position":1,"name":"Home","item":"https:\/\/sknhp.ujk.edu.pl\/"},{"@type":"ListItem","position":2,"name":"X Kieleckie Dni Przedsi\u0119biorczo\u015bci Akademickiej"}]},{"@type":"WebSite","@id":"https:\/\/sknhp.ujk.edu.pl\/#website","url":"https:\/\/sknhp.ujk.edu.pl\/","name":"SKN &quot;Homo Politicus&quot; UJK Kielce","description":"Strona oficjalna. Studenckie Ko\u0142o Naukowe &quot;Homo Politicus&quot;. Uniwersytet Jana Kochanowskiego w Kielcach. Instytut Nauk Politycznych. Wydzia\u0142 Zarz\u0105dzania i Administracji.","potentialAction":[{"@type":"SearchAction","target":{"@type":"EntryPoint","urlTemplate":"https:\/\/sknhp.ujk.edu.pl\/?s={search_term_string}"},"query-input":{"@type":"PropertyValueSpecification","valueRequired":true,"valueName":"search_term_string"}}],"inLanguage":"pl-PL"}]}},"_links":{"self":[{"href":"https:\/\/sknhp.ujk.edu.pl\/index.php?rest_route=\/wp\/v2\/pages\/566","targetHints":{"allow":["GET"]}}],"collection":[{"href":"https:\/\/sknhp.ujk.edu.pl\/index.php?rest_route=\/wp\/v2\/pages"}],"about":[{"href":"https:\/\/sknhp.ujk.edu.pl\/index.php?rest_route=\/wp\/v2\/types\/page"}],"author":[{"embeddable":true,"href":"https:\/\/sknhp.ujk.edu.pl\/index.php?rest_route=\/wp\/v2\/users\/1"}],"replies":[{"embeddable":true,"href":"https:\/\/sknhp.ujk.edu.pl\/index.php?rest_route=%2Fwp%2Fv2%2Fcomments&post=566"}],"version-history":[{"count":1,"href":"https:\/\/sknhp.ujk.edu.pl\/index.php?rest_route=\/wp\/v2\/pages\/566\/revisions"}],"predecessor-version":[{"id":572,"href":"https:\/\/sknhp.ujk.edu.pl\/index.php?rest_route=\/wp\/v2\/pages\/566\/revisions\/572"}],"wp:attachment":[{"href":"https:\/\/sknhp.ujk.edu.pl\/index.php?rest_route=%2Fwp%2Fv2%2Fmedia&parent=566"}],"curies":[{"name":"wp","href":"https:\/\/api.w.org\/{rel}","templated":true}]}}