{"id":69,"date":"2014-05-01T18:32:37","date_gmt":"2014-05-01T16:32:37","guid":{"rendered":"https:\/\/sknhp.ujk.edu.pl\/?page_id=69"},"modified":"2014-12-05T20:59:09","modified_gmt":"2014-12-05T19:59:09","slug":"statut","status":"publish","type":"page","link":"https:\/\/sknhp.ujk.edu.pl\/?page_id=69","title":{"rendered":"Statut"},"content":{"rendered":"<p style=\"text-align: right;\"><strong>Kielce, 4.XII.2014<\/strong><\/p>\n<p style=\"text-align: center;\"><strong>Statut<\/strong><br \/>\n<strong> Studenckiego Ko\u0142a Naukowego<\/strong><br \/>\n<strong> \u201eHomo Politicus\u201d<\/strong><\/p>\n<p><strong>Rozdzia\u0142 I Postanowienia og\u00f3lne<\/strong><br \/>\n<strong> 1.Ko\u0142o Naukowe dzia\u0142aj\u0105ce na podstawie niniejszego statutu nosi nazw\u0119 \u201eStudenckie Ko\u0142o Naukowe Homo Politicus\u201d.<\/strong><br \/>\n<strong> 2.Ko\u0142o dzia\u0142a przy Instytucie Nauk Politycznych Wydzia\u0142u Zarz\u0105dzania i Administracji Uniwersytetu Jana Kochanowskiego w Kielcach.<\/strong><br \/>\n<strong> 3.Siedziba SKN \u201eHomo Politicus\u201d mie\u015bci si\u0119 w Instytucie Nauk Politycznych Wydzia\u0142u Zarz\u0105dzania i Administracji Jana Kochanowskiego w Kielcach przy ulicy \u015awi\u0119tokrzyskiej 21B w sali numer 7.<\/strong><br \/>\n<strong> 4.Ko\u0142o korzysta z osobowo\u015bci prawnej Uniwersytetu Jana Kochanowskiego w Kielcach.<\/strong><br \/>\n<strong> 5.Ko\u0142o pos\u0142uguje si\u0119 logiem, kt\u00f3rego wz\u00f3r okre\u015bla za\u0142\u0105cznik do statutu.<\/strong><br \/>\n<strong> 6.Ko\u0142o prowadzi dzia\u0142alno\u015b\u0107 w oparciu o: \u015brodki finansowe wyodr\u0119bnione przez Uniwersytet Jana Kochanowskiego z jej bud\u017cetu, dotacje oraz darowizny adresowane na Ko\u0142o, a przekazane przez donator\u00f3w na konto Uczelni. Ko\u0142o mo\u017ce pobiera\u0107 sk\u0142adki od cz\u0142onk\u00f3w tylko na okre\u015blony cel.<\/strong><br \/>\n<strong> 7.Niniejszy statut wchodzi w \u017cycie z dniem zatwierdzenia przez Opiekun\u00f3w Ko\u0142a oraz 3\/4 cz\u0142onk\u00f3w Zarz\u0105du Ko\u0142a.<\/strong><\/p>\n<p><strong>Rozdzia\u0142 II Cele dzia\u0142ania Ko\u0142a<\/strong><br \/>\n<strong> 1.Celem Ko\u0142a jest:<\/strong><br \/>\n<strong> a) rozw\u00f3j naukowy student\u00f3w i poszerzanie aktualnej wiedzy i zainteresowa\u0144 z zakresu nauk politycznych oraz bezpiecze\u0144stwa narodowego<\/strong><br \/>\n<strong> b) integracja \u015brodowiska naukowego i studenckiego<\/strong><br \/>\n<strong> c).prowadzenie dzia\u0142alno\u015bci naukowo \u2013 badawczej ( uczestnictwo w konferencjach, debatach, udzia\u0142 w projektach badawczych, organizowanie debat, konferencji ) kt\u00f3rej zakres dotyczy nauk politycznych oraz bezpiecze\u0144stwa narodowego<\/strong><br \/>\n<strong> d) promowanie dorobku Studenckiego Ko\u0142a Naukowego Homo Politicus<\/strong><br \/>\n<strong> e) promowanie dorobku Uniwersytetu im. Jana Kochanowskiego w Kielcach<\/strong><br \/>\n<strong> f) nawi\u0105zywanie kontakt\u00f3w naukowych ze studentami, wyk\u0142adowcami zainteresowanymi problematyk\u0105 nauk politycznych oraz bezpiecze\u0144stwa narodowego z innych uczelni<\/strong><br \/>\n<strong> g). wsp\u00f3\u0142prac\u0119 z instytucjami i organizacjami spo\u0142eczno politycznymi oraz bezpiecze\u0144stwa narodowego oraz organami w\u0142adzy rz\u0105dowej oraz samorz\u0105dowej<\/strong><br \/>\n<strong> h). wsp\u00f3\u0142praca z lokalnymi instytucjami politycznymi w celu zawierania nowych znajomo\u015bci oraz styczno\u015b\u0107 z praktyk\u0105 polityczn\u0105 oraz bezpiecze\u0144stwa narodowego<\/strong><br \/>\n<strong> j) wsp\u00f3\u0142praca z organizacjami non \u2013 profit ( w\u015br\u00f3d kt\u00f3rych zaliczamy think \u2013 tanki, fundacje, stowarzyszenia).<\/strong><\/p>\n<p><strong>2. Ko\u0142o realizuje swoje statutowe cele w szczeg\u00f3lno\u015bci przez:<\/strong><br \/>\n<strong> \u2013 organizowanie spotka\u0144 o charakterze naukowym i warsztatowym,<\/strong><br \/>\n<strong> \u2013 tworzenie sekcji wyra\u017caj\u0105cych zainteresowanie cz\u0142onk\u00f3w Ko\u0142a,<\/strong><br \/>\n<strong> \u2013 organizowanie wyk\u0142ad\u00f3w, spotka\u0144, konferencji, seminari\u00f3w o problematyce zgodnej z dzia\u0142alno\u015bci\u0105 Ko\u0142a i zainteresowaniami jego cz\u0142onk\u00f3w oraz udzia\u0142 w podobnych inicjatywach organizowanych przez inne podmioty,<\/strong><br \/>\n<strong> &#8211; organizowanie spotka\u0144 ze znanymi postaciami \u017cycia publicznego, kt\u00f3rych tematyka jest zgodna z kierunkiem zainteresowa\u0144 ko\u0142a.<\/strong><br \/>\n<strong> &#8211; przedstawianie na forum uczelnianym i wydzia\u0142owym aktualnych informacji o dzia\u0142alno\u015bci Ko\u0142a ( poprzez prowadzenie stron internetowych, oraz aktualizowanie informacji dotycz\u0105cych dzia\u0142ania ko\u0142a w gablotce)<\/strong><br \/>\n<strong> \u2013 wsp\u00f3\u0142dzia\u0142anie i wsp\u00f3\u0142prac\u0119 z osobami, organizacjami oraz instytucjami prowadz\u0105cymi dzia\u0142alno\u015b\u0107 w zakresie bada\u0144 naukowych, popularyzacji tematyki nauk politycznych oraz bezpiecze\u0144stwa narodowego<\/strong><br \/>\n<strong> \u2013 prowadzenie, koordynowanie i wspieranie realizacji bada\u0144 naukowych<\/strong><br \/>\n<strong> &#8211; podejmowanie innych form dzia\u0142alno\u015bci zbie\u017cnymi z celami Ko\u0142a.<\/strong><\/p>\n<p><strong>Rozdzia\u0142 III Cz\u0142onkowie Ko\u0142a<\/strong><br \/>\n<strong> 1. Zwyczajnymi cz\u0142onkami Ko\u0142a mog\u0105 by\u0107 studenci Uniwersytetu Jana Kochanowskiego.<\/strong><br \/>\n<strong> 2. Cz\u0142onkowstwo nabywa si\u0119 z dniem z\u0142o\u017cenia pisemnej deklaracji ch\u0119ci przyst\u0105pienia do Ko\u0142a i jej zatwierdzenia przez 3\/4 cz\u0142onk\u00f3w Zarz\u0105du.<\/strong><br \/>\n<strong> 3. Zarz\u0105d Ko\u0142a ma prawo pozbawi\u0107 cz\u0142onkowstwa w Kole w przypadku:<\/strong><br \/>\n<strong> \u2013 niewype\u0142nienia przez cz\u0142onka obowi\u0105zk\u00f3w zawartych w rozdziale IV,<\/strong><br \/>\n<strong> \u2013 dzia\u0142ania niezgodnego z celami statutowymi i\/lub programowymi Ko\u0142a,<\/strong><br \/>\n<strong> \u2013 notorycznej nieobecno\u015bci na zebraniach Ko\u0142a w okresie trzech miesi\u0119cy.<\/strong><br \/>\n<strong> 4. Od decyzji zawartej w rozdz. III punkt 3 przys\u0142uguje mo\u017cliwo\u015b\u0107 odwo\u0142ania do Walnego Zebrania Cz\u0142onk\u00f3w Ko\u0142a w terminie 14 dni od daty powiadomienia o skre\u015bleniu z listy Cz\u0142onk\u00f3w Ko\u0142a. Odwo\u0142anie nale\u017cy przekaza\u0107 Zarz\u0105dowi Ko\u0142a.<\/strong><br \/>\n<strong> 5.Ko\u0142o mo\u017ce nadawa\u0107 r\u00f3wnie\u017c status Honorowego Cz\u0142onka Ko\u0142a.<\/strong><\/p>\n<p><strong>Rozdzia\u0142 IV Obowi\u0105zki Cz\u0142onk\u00f3w Ko\u0142a<\/strong><br \/>\n<strong> 1. Cz\u0142onkowie Ko\u0142a:<\/strong><br \/>\n<strong> \u2013 maj\u0105 obowi\u0105zek aktywnie przyczynia\u0107 si\u0119 do kszta\u0142towania i realizacji programu Ko\u0142a oraz uczestniczenia w Walnych Zebraniach Ko\u0142a,<\/strong><br \/>\n<strong> \u2013 s\u0105 zobowi\u0105zani do przestrzegania postanowie\u0144 zawartych w niniejszym statucie oraz decyzji i uchwa\u0142 podj\u0119tych przez Zarz\u0105d Ko\u0142a oraz terminowo i sumiennie wywi\u0105zywa\u0107 si\u0119 z powierzonych zada\u0144,<\/strong><br \/>\n<strong> &#8211; s\u0105 zobowi\u0105zani terminowo op\u0142aca\u0107 sk\u0142adki ustalone na dany cel.<\/strong><\/p>\n<p><strong>Rozdzia\u0142 V Prawa Cz\u0142onk\u00f3w Ko\u0142a<\/strong><br \/>\n<strong> 1. Zwyczajni Cz\u0142onkowie Ko\u0142a maj\u0105 czynne i bierne prawo wyborcze do Zarz\u0105du Ko\u0142a w momencie wype\u0142nienia deklaracji cz\u0142onkowskiej oraz zatwierdzenia jej przez 3\/4 Cz\u0142onk\u00f3w Zarz\u0105du.<\/strong><br \/>\n<strong> 2. Cz\u0142onkowie Ko\u0142a maj\u0105 prawo do uczestniczenia w imprezach organizowanych przez Ko\u0142o.<\/strong><br \/>\n<strong> 3. Cz\u0142onkowie Ko\u0142a maj\u0105 prawo do inicjowania i realizowania przedsi\u0119wzi\u0119\u0107, projekt\u00f3w, kt\u00f3re podnosz\u0105 presti\u017c Ko\u0142a i budz\u0105 zainteresowanie student\u00f3w. Projekty cz\u0142onk\u00f3w Ko\u0142a mog\u0105 by\u0107 realizowane tylko po uprzednim zatwierdzeniu przez Zarz\u0105d.<\/strong><br \/>\n<strong> 4.Cz\u0142onkowie Ko\u0142a maj\u0105 mo\u017cliwo\u015b\u0107 sk\u0142adania rezygnacji z dzia\u0142alno\u015bci w SKN \u201eHomo Politicus\u201d. Decyzj\u0119 tak\u0105 w formie pisemnej nale\u017cy z\u0142o\u017cy\u0107 na r\u0119ce jednego z cz\u0142onk\u00f3w Zarz\u0105du Ko\u0142a.<\/strong><\/p>\n<p><strong>Rozdzia\u0142 VI Struktura organizacyjna Ko\u0142a<\/strong><br \/>\n<strong> 1. Organami Ko\u0142a s\u0105: Walne Zebranie Cz\u0142onk\u00f3w Ko\u0142a, Zarz\u0105d Ko\u0142a oraz Opiekunowie Ko\u0142a.<\/strong><br \/>\n<strong> 2. Ko\u0142o posiada Opiekun\u00f3w Naukowych, b\u0119d\u0105cych Nauczycielami Akademickim WZiA.<\/strong><br \/>\n<strong> 3. Ko\u0142o mo\u017ce przyzna\u0107 tytu\u0142 Honorowego Opiekuna Ko\u0142a<\/strong><\/p>\n<p><strong>Rozdzia\u0142 VII Walne Zebranie Cz\u0142onk\u00f3w Ko\u0142a<\/strong><br \/>\n<strong> 1. Walne Zabranie Cz\u0142onk\u00f3w Ko\u0142a tworz\u0105 wszyscy Cz\u0142onkowie Ko\u0142a.<\/strong><br \/>\n<strong> 2. Walne Zabranie Cz\u0142onk\u00f3w Ko\u0142a:<\/strong><br \/>\n<strong> -podejmuje uchwa\u0142y zwyk\u0142\u0105 wi\u0119kszo\u015bci\u0105 g\u0142os\u00f3w w obecno\u015bci co najmniej po\u0142owy og\u00f3lnej liczby Cz\u0142onk\u00f3w,<\/strong><br \/>\n<strong> -wybiera Zarz\u0105d Ko\u0142a w wyborach tajnych, zwyk\u0142\u0105 wi\u0119kszo\u015bci\u0105 g\u0142os\u00f3w w obecno\u015bci co najmniej po\u0142owy og\u00f3lnej liczby Cz\u0142onk\u00f3w.<\/strong><br \/>\n<strong> 3. Walne Zabranie Cz\u0142onk\u00f3w Ko\u0142a jest zwo\u0142ywane na wniosek Zarz\u0105du Ko\u0142a lub co najmniej 2\/3 Cz\u0142onk\u00f3w Ko\u0142a, nie rzadziej ni\u017c raz w roku akademickim.<\/strong><br \/>\n<strong> 4. Nadzwyczajne Walne Zebranie Cz\u0142onk\u00f3w Ko\u0142a mo\u017ce zarz\u0105dzi\u0107 Przewodnicz\u0105cy\/a Ko\u0142a lub Opiekun Naukowy Ko\u0142a.<\/strong><br \/>\n<strong> 5. Walne Zebranie Cz\u0142onk\u00f3w Ko\u0142a ma prawo proponowa\u0107 poprawki w statucie Ko\u0142a. Poprawki zatwierdza Zarz\u0105d wi\u0119kszo\u015bci\u0105 3\/4 oraz Opiekunowie Naukowi Ko\u0142a.<\/strong><\/p>\n<p><strong>Rozdzia\u0142 VIII Zarz\u0105d Ko\u0142a<\/strong><br \/>\n<strong> 1. Zarz\u0105d Ko\u0142a tworz\u0105:<\/strong><br \/>\n<strong> -Przewodnicz\u0105cy\/a<\/strong><br \/>\n<strong> -Zast\u0119pca Przewodnicz\u0105cego\/ej<\/strong><br \/>\n<strong> -Sekretarz<\/strong><br \/>\n<strong> -Skarbnik<\/strong><br \/>\n<strong> 3. Zarz\u0105d podejmuje decyzje zwyk\u0142\u0105 wi\u0119kszo\u015bci\u0105 g\u0142os\u00f3w w obecno\u015bci co najmniej 3\/4<\/strong><br \/>\n<strong> og\u00f3lnej liczby Cz\u0142onk\u00f3w Zarz\u0105du. W przypadku r\u00f3wnego podzia\u0142u g\u0142os\u00f3w, g\u0142os<\/strong><br \/>\n<strong> Przewodnicz\u0105cego\/ej jest decyduj\u0105cy.<\/strong><br \/>\n<strong> 4. Kadencja Zarz\u0105du trwa dwa lata licz\u0105c od dnia wybor\u00f3w.<\/strong><br \/>\n<strong> 5. Zarz\u0105d ma prawo proponowa\u0107 poprawki do statutu podczas Walnego Zebrania Cz\u0142onk\u00f3w Ko\u0142a. Poprawki Zarz\u0105du zatwierdza Walne Zgromadzenie zwyk\u0142\u0105 wi\u0119kszo\u015bci\u0105 g\u0142os\u00f3w oraz Opiekunowie Naukowi Ko\u0142a.<\/strong><br \/>\n<strong> 6. Przewodnicz\u0105cy\/a ma prawo zawiesi\u0107 w czynno\u015bciach ka\u017cdego Cz\u0142onka Zarz\u0105du je\u017celi:<\/strong><br \/>\n<strong> a) d\u0142ugotrwale nie wywi\u0105zuje si\u0119 z obowi\u0105zk\u00f3w Cz\u0142onka Ko\u0142a,<\/strong><br \/>\n<strong> b) nie uczestniczy w pracach Ko\u0142a<\/strong><br \/>\n<strong> c) prowadzi sprzeczn\u0105 dzia\u0142alno\u015b\u0107 z celami statutowymi i programowymi Ko\u0142a.<\/strong><br \/>\n<strong> 7. W przypadku usuni\u0119cia Cz\u0142onka Zarz\u0105du lub jego dymisji prawo do ubiegania o obj\u0119cie<\/strong><br \/>\n<strong> wakatu w Zarz\u0105dzie Ko\u0142a, maj \u0105 zwykli Cz\u0142onkowie posiadaj\u0105cy prawo g\u0142osu. Nowo wybrany<\/strong><br \/>\n<strong> Cz\u0142onek Zarz\u0105du pe\u0142ni sw\u0105 funkcj\u0119 do ko\u0144ca kadencji Zarz\u0105du.<\/strong><br \/>\n<strong> 8. W przypadku usuni\u0119cia lub dymisji Przewodnicz\u0105cego\/ej jego obowi\u0105zki przejmuje<\/strong><br \/>\n<strong> Zast\u0119pca. Usun\u0105\u0107 Przewodnicz\u0105cego\/\u0105 mog\u0105 jedynie Opiekunowie Naukowi Ko\u0142a na wniosek 2\/3 Cz\u0142onk\u00f3w Ko\u0142a.<\/strong><br \/>\n<strong> 9. Wybory do Zarz\u0105du Ko\u0142a og\u0142asza Przewodnicz\u0105cy\/a na 2 tygodnie przed wyga\u015bni\u0119ciem<\/strong><br \/>\n<strong> kadencji Zarz\u0105du.<\/strong><br \/>\n<strong> 10. Do zada\u0144 Sekretarza ko\u0142a nale\u017cy:<\/strong><br \/>\n<strong> &#8211; dbanie o porz\u0105dek w dokumentacji,<\/strong><br \/>\n<strong> &#8211; sporz\u0105dzanie projektu uchwa\u0142y przyj\u0119tej przez cz\u0142onk\u00f3w Ko\u0142a,<\/strong><br \/>\n<strong> 11. Do zada\u0144 Skarbnika ko\u0142a nale\u017cy:<\/strong><br \/>\n<strong> &#8211; dba\u0142o\u015b\u0107 o finanse Ko\u0142a,<\/strong><br \/>\n<strong> &#8211; w razie potrzeby pobieranie sk\u0142adek od cz\u0142onk\u00f3w na wyznaczy cel,<\/strong><br \/>\n<strong> &#8211; dokonanie zestawienia pobranych sk\u0142adek na wyznaczony cel od cz\u0142onk\u00f3w ko\u0142a.<\/strong><br \/>\n<strong> 12. Zarz\u0105d Ko\u0142a mo\u017ce by\u0107 powi\u0119kszony na wniosek Cz\u0142onk\u00f3w Ko\u0142a.<\/strong><\/p>\n<p><strong>Rozdzia\u0142 IX Obowi\u0105zki Zarz\u0105du Ko\u0142a<\/strong><br \/>\n<strong> 1. Zarz\u0105d reprezentuje Ko\u0142o przed W\u0142adzami Uniwersytetu Jana Kochanowskiego w Kielcach oraz poza Uczelni\u0105.<\/strong><br \/>\n<strong> 2. Zarz\u0105d ma obowi\u0105zek utrzymywania sta\u0142ych kontakt\u00f3w z Opiekunami Naukowymi Ko\u0142a.<\/strong><br \/>\n<strong> 3. Zarz\u0105d czuwa nad realizacj\u0105 programu Ko\u0142a.<\/strong><br \/>\n<strong> 4. Zarz\u0105d realizuje uchwa\u0142y Walnego Zebrania Cz\u0142onk\u00f3w Ko\u0142a. Uchwa\u0142y Walnego Zebrania Cz\u0142onk\u00f3w Ko\u0142a Zarz\u0105d przyjmuje wi\u0119kszo\u015bci\u0105 3\/4 Cz\u0142onk\u00f3w Zarz\u0105du.<\/strong><br \/>\n<strong> 5. Zarz\u0105d informuje na bie\u017c\u0105co o sprawach dotycz\u0105cych dzia\u0142alno\u015bci Ko\u0142a.<\/strong><br \/>\n<strong> 6. Zarz\u0105d ma obowi\u0105zek sk\u0142adania sprawozda\u0144 merytorycznych i finansowych z dzia\u0142alno\u015bci Ko\u0142a,<\/strong><br \/>\n<strong> 7.Cz\u0142onkowie Zarz\u0105du s\u0105 zobowi\u0105zani dba\u0107 o witryn\u0119 internetow\u0105 ko\u0142a oraz profile ko\u0142a znajduj\u0105ce si\u0119 na portalach spo\u0142eczno\u015bciowych,<\/strong><br \/>\n<strong> 8.Zarz\u0105d Ko\u0142a ma obowi\u0105zek promowa\u0107 Ko\u0142o Naukowe oraz jego dzia\u0142alno\u015b\u0107 na Wydziale Zarz\u0105dzania i Administracji oraz poza nim.<\/strong><\/p>\n<p><strong>Rozdzia\u0142 X Grupa Ko\u0142a<\/strong><br \/>\n<strong> 1.Grupa Ko\u0142a jest organem wewn\u0119trznym ko\u0142a<\/strong><br \/>\n<strong> 2.O powo\u0142aniu Grupy Ko\u0142a decyduje Zarz\u0105d Ko\u0142a na wniosek co najmniej trzech Cz\u0142onk\u00f3w Ko\u0142a<\/strong><br \/>\n<strong> 3.Cz\u0142onkiem Grupy Ko\u0142a mo\u017ce by\u0107 jedynie Cz\u0142onek Ko\u0142a<\/strong><br \/>\n<strong> 4.Grupa Ko\u0142a zajmuje si\u0119 rozwojem konkretnej tematyki jak\u0105 zajmuje si\u0119 Ko\u0142o<\/strong><br \/>\n<strong> 5.Grupa Ko\u0142a mo\u017ce wybra\u0107 sw\u00f3j organ decyzyjny w postaci przewodnicz\u0105cego Grupy Ko\u0142a<\/strong><br \/>\n<strong> 6. Ka\u017cda Grupa mo\u017ce posiada\u0107 wybranego przez siebie Konsultanta\/-\u00f3w Naukowego\/-wych.<\/strong><br \/>\n<strong> 7. Konsultantem Naukowym mo\u017ce by\u0107 jedynie wyk\u0142adowca b\u0119d\u0105cych Nauczycielami Akademickim WZiA.<\/strong><\/p>\n<p><strong>Rozdzia\u0142 XI Sekcja Ko\u0142a<\/strong><br \/>\n<strong> 1.O powo\u0142aniu Sekcji Ko\u0142a decyduje Zarz\u0105d Ko\u0142a na wniosek Cz\u0142onka Ko\u0142a<\/strong><br \/>\n<strong> 2.Inicjator lub grupa inicjator\u00f3w Sekcji Ko\u0142a staje si\u0119 jednostk\u0105 decyzyjn\u0105 w Sekcji Ko\u0142a<\/strong><br \/>\n<strong> 2.Cz\u0142onek Sekcji Ko\u0142a musi by\u0107 studentem Wydzia\u0142u Zarz\u0105dzania i Administracji<\/strong><br \/>\n<strong> 3.Cz\u0142onek Sekcji Ko\u0142a nie musi by\u0107 Cz\u0142onkiem Ko\u0142a Naukowego \u201eHomo Politicus\u201d<\/strong><\/p>\n","protected":false},"excerpt":{"rendered":"<p>Kielce, 4.XII.2014 Statut Studenckiego Ko\u0142a Naukowego \u201eHomo Politicus\u201d Rozdzia\u0142 I Postanowienia og\u00f3lne 1.Ko\u0142o Naukowe dzia\u0142aj\u0105ce na podstawie niniejszego statutu nosi nazw\u0119 \u201eStudenckie Ko\u0142o Naukowe Homo Politicus\u201d. 2.Ko\u0142o dzia\u0142a przy Instytucie Nauk Politycznych Wydzia\u0142u Zarz\u0105dzania i Administracji Uniwersytetu Jana Kochanowskiego w Kielcach. 3.Siedziba SKN \u201eHomo Politicus\u201d mie\u015bci si\u0119 w Instytucie Nauk Politycznych Wydzia\u0142u Zarz\u0105dzania i Administracji [&hellip;]<\/p>\n","protected":false},"author":1,"featured_media":0,"parent":0,"menu_order":0,"comment_status":"open","ping_status":"open","template":"","meta":{"footnotes":""},"class_list":["post-69","page","type-page","status-publish","hentry"],"yoast_head":"<!-- This site is optimized with the Yoast SEO plugin v24.0 - https:\/\/yoast.com\/wordpress\/plugins\/seo\/ -->\n<title>Statut  - SKN &quot;Homo Politicus&quot; UJK Kielce<\/title>\n<meta name=\"robots\" content=\"index, follow, max-snippet:-1, max-image-preview:large, max-video-preview:-1\" \/>\n<link rel=\"canonical\" href=\"https:\/\/sknhp.ujk.edu.pl\/?page_id=69\" \/>\n<meta property=\"og:locale\" content=\"pl_PL\" \/>\n<meta property=\"og:type\" content=\"article\" \/>\n<meta property=\"og:title\" content=\"Statut  - SKN &quot;Homo Politicus&quot; UJK Kielce\" \/>\n<meta property=\"og:description\" content=\"Kielce, 4.XII.2014 Statut Studenckiego Ko\u0142a Naukowego \u201eHomo Politicus\u201d Rozdzia\u0142 I Postanowienia og\u00f3lne 1.Ko\u0142o Naukowe dzia\u0142aj\u0105ce na podstawie niniejszego statutu nosi nazw\u0119 \u201eStudenckie Ko\u0142o Naukowe Homo Politicus\u201d. 2.Ko\u0142o dzia\u0142a przy Instytucie Nauk Politycznych Wydzia\u0142u Zarz\u0105dzania i Administracji Uniwersytetu Jana Kochanowskiego w Kielcach. 3.Siedziba SKN \u201eHomo Politicus\u201d mie\u015bci si\u0119 w Instytucie Nauk Politycznych Wydzia\u0142u Zarz\u0105dzania i Administracji [&hellip;]\" \/>\n<meta property=\"og:url\" content=\"https:\/\/sknhp.ujk.edu.pl\/?page_id=69\" \/>\n<meta property=\"og:site_name\" content=\"SKN &quot;Homo Politicus&quot; UJK Kielce\" \/>\n<meta property=\"article:publisher\" content=\"http:\/\/facebook.com\/sknhp\" \/>\n<meta property=\"article:modified_time\" content=\"2014-12-05T19:59:09+00:00\" \/>\n<meta name=\"twitter:card\" content=\"summary_large_image\" \/>\n<meta name=\"twitter:site\" content=\"@sknhp\" \/>\n<meta name=\"twitter:label1\" content=\"Szacowany czas czytania\" \/>\n\t<meta name=\"twitter:data1\" content=\"9 minut\" \/>\n<script type=\"application\/ld+json\" class=\"yoast-schema-graph\">{\"@context\":\"https:\/\/schema.org\",\"@graph\":[{\"@type\":\"WebPage\",\"@id\":\"https:\/\/sknhp.ujk.edu.pl\/?page_id=69\",\"url\":\"https:\/\/sknhp.ujk.edu.pl\/?page_id=69\",\"name\":\"Statut - SKN &quot;Homo Politicus&quot; UJK Kielce\",\"isPartOf\":{\"@id\":\"https:\/\/sknhp.ujk.edu.pl\/#website\"},\"datePublished\":\"2014-05-01T16:32:37+00:00\",\"dateModified\":\"2014-12-05T19:59:09+00:00\",\"breadcrumb\":{\"@id\":\"https:\/\/sknhp.ujk.edu.pl\/?page_id=69#breadcrumb\"},\"inLanguage\":\"pl-PL\",\"potentialAction\":[{\"@type\":\"ReadAction\",\"target\":[\"https:\/\/sknhp.ujk.edu.pl\/?page_id=69\"]}]},{\"@type\":\"BreadcrumbList\",\"@id\":\"https:\/\/sknhp.ujk.edu.pl\/?page_id=69#breadcrumb\",\"itemListElement\":[{\"@type\":\"ListItem\",\"position\":1,\"name\":\"Home\",\"item\":\"https:\/\/sknhp.ujk.edu.pl\/\"},{\"@type\":\"ListItem\",\"position\":2,\"name\":\"Statut\"}]},{\"@type\":\"WebSite\",\"@id\":\"https:\/\/sknhp.ujk.edu.pl\/#website\",\"url\":\"https:\/\/sknhp.ujk.edu.pl\/\",\"name\":\"SKN &quot;Homo Politicus&quot; UJK Kielce\",\"description\":\"Strona oficjalna. Studenckie Ko\u0142o Naukowe &quot;Homo Politicus&quot;. Uniwersytet Jana Kochanowskiego w Kielcach. Instytut Nauk Politycznych. Wydzia\u0142 Zarz\u0105dzania i Administracji.\",\"potentialAction\":[{\"@type\":\"SearchAction\",\"target\":{\"@type\":\"EntryPoint\",\"urlTemplate\":\"https:\/\/sknhp.ujk.edu.pl\/?s={search_term_string}\"},\"query-input\":{\"@type\":\"PropertyValueSpecification\",\"valueRequired\":true,\"valueName\":\"search_term_string\"}}],\"inLanguage\":\"pl-PL\"}]}<\/script>\n<!-- \/ Yoast SEO plugin. -->","yoast_head_json":{"title":"Statut  - SKN &quot;Homo Politicus&quot; UJK Kielce","robots":{"index":"index","follow":"follow","max-snippet":"max-snippet:-1","max-image-preview":"max-image-preview:large","max-video-preview":"max-video-preview:-1"},"canonical":"https:\/\/sknhp.ujk.edu.pl\/?page_id=69","og_locale":"pl_PL","og_type":"article","og_title":"Statut  - SKN &quot;Homo Politicus&quot; UJK Kielce","og_description":"Kielce, 4.XII.2014 Statut Studenckiego Ko\u0142a Naukowego \u201eHomo Politicus\u201d Rozdzia\u0142 I Postanowienia og\u00f3lne 1.Ko\u0142o Naukowe dzia\u0142aj\u0105ce na podstawie niniejszego statutu nosi nazw\u0119 \u201eStudenckie Ko\u0142o Naukowe Homo Politicus\u201d. 2.Ko\u0142o dzia\u0142a przy Instytucie Nauk Politycznych Wydzia\u0142u Zarz\u0105dzania i Administracji Uniwersytetu Jana Kochanowskiego w Kielcach. 3.Siedziba SKN \u201eHomo Politicus\u201d mie\u015bci si\u0119 w Instytucie Nauk Politycznych Wydzia\u0142u Zarz\u0105dzania i Administracji [&hellip;]","og_url":"https:\/\/sknhp.ujk.edu.pl\/?page_id=69","og_site_name":"SKN &quot;Homo Politicus&quot; UJK Kielce","article_publisher":"http:\/\/facebook.com\/sknhp","article_modified_time":"2014-12-05T19:59:09+00:00","twitter_card":"summary_large_image","twitter_site":"@sknhp","twitter_misc":{"Szacowany czas czytania":"9 minut"},"schema":{"@context":"https:\/\/schema.org","@graph":[{"@type":"WebPage","@id":"https:\/\/sknhp.ujk.edu.pl\/?page_id=69","url":"https:\/\/sknhp.ujk.edu.pl\/?page_id=69","name":"Statut - SKN &quot;Homo Politicus&quot; UJK Kielce","isPartOf":{"@id":"https:\/\/sknhp.ujk.edu.pl\/#website"},"datePublished":"2014-05-01T16:32:37+00:00","dateModified":"2014-12-05T19:59:09+00:00","breadcrumb":{"@id":"https:\/\/sknhp.ujk.edu.pl\/?page_id=69#breadcrumb"},"inLanguage":"pl-PL","potentialAction":[{"@type":"ReadAction","target":["https:\/\/sknhp.ujk.edu.pl\/?page_id=69"]}]},{"@type":"BreadcrumbList","@id":"https:\/\/sknhp.ujk.edu.pl\/?page_id=69#breadcrumb","itemListElement":[{"@type":"ListItem","position":1,"name":"Home","item":"https:\/\/sknhp.ujk.edu.pl\/"},{"@type":"ListItem","position":2,"name":"Statut"}]},{"@type":"WebSite","@id":"https:\/\/sknhp.ujk.edu.pl\/#website","url":"https:\/\/sknhp.ujk.edu.pl\/","name":"SKN &quot;Homo Politicus&quot; UJK Kielce","description":"Strona oficjalna. Studenckie Ko\u0142o Naukowe &quot;Homo Politicus&quot;. Uniwersytet Jana Kochanowskiego w Kielcach. Instytut Nauk Politycznych. Wydzia\u0142 Zarz\u0105dzania i Administracji.","potentialAction":[{"@type":"SearchAction","target":{"@type":"EntryPoint","urlTemplate":"https:\/\/sknhp.ujk.edu.pl\/?s={search_term_string}"},"query-input":{"@type":"PropertyValueSpecification","valueRequired":true,"valueName":"search_term_string"}}],"inLanguage":"pl-PL"}]}},"_links":{"self":[{"href":"https:\/\/sknhp.ujk.edu.pl\/index.php?rest_route=\/wp\/v2\/pages\/69","targetHints":{"allow":["GET"]}}],"collection":[{"href":"https:\/\/sknhp.ujk.edu.pl\/index.php?rest_route=\/wp\/v2\/pages"}],"about":[{"href":"https:\/\/sknhp.ujk.edu.pl\/index.php?rest_route=\/wp\/v2\/types\/page"}],"author":[{"embeddable":true,"href":"https:\/\/sknhp.ujk.edu.pl\/index.php?rest_route=\/wp\/v2\/users\/1"}],"replies":[{"embeddable":true,"href":"https:\/\/sknhp.ujk.edu.pl\/index.php?rest_route=%2Fwp%2Fv2%2Fcomments&post=69"}],"version-history":[{"count":5,"href":"https:\/\/sknhp.ujk.edu.pl\/index.php?rest_route=\/wp\/v2\/pages\/69\/revisions"}],"predecessor-version":[{"id":584,"href":"https:\/\/sknhp.ujk.edu.pl\/index.php?rest_route=\/wp\/v2\/pages\/69\/revisions\/584"}],"wp:attachment":[{"href":"https:\/\/sknhp.ujk.edu.pl\/index.php?rest_route=%2Fwp%2Fv2%2Fmedia&parent=69"}],"curies":[{"name":"wp","href":"https:\/\/api.w.org\/{rel}","templated":true}]}}